{"id":10969,"date":"2023-12-15T13:45:19","date_gmt":"2023-12-15T11:45:19","guid":{"rendered":"https:\/\/wp.rncmobile.net\/?page_id=10969"},"modified":"2026-03-12T11:38:52","modified_gmt":"2026-03-12T09:38:52","slug":"liens-utiles","status":"publish","type":"page","link":"https:\/\/wp.rncmobile.net\/index.php\/liens-utiles\/","title":{"rendered":"Retrouvez ici les liens utiles au projet RNC Mobile"},"content":{"rendered":"<p><a href=\"https:\/\/play.google.com\/store\/apps\/details?id=org.rncteam.rncfreemobile&amp;hl=fr\" target=\"_blank\" rel=\"noopener\"><img loading=\"lazy\" decoding=\"async\" class=\"alignnone wp-image-10970\" src=\"https:\/\/wp.rncmobile.net\/wp-content\/uploads\/2023\/12\/google_play_logo_blanc-p-500.png\" alt=\"\" width=\"250\" height=\"84\" srcset=\"https:\/\/wp.rncmobile.net\/wp-content\/uploads\/2023\/12\/google_play_logo_blanc-p-500.png 500w, https:\/\/wp.rncmobile.net\/wp-content\/uploads\/2023\/12\/google_play_logo_blanc-p-500-300x100.png 300w\" sizes=\"auto, (max-width: 250px) 100vw, 250px\" \/><\/a><\/p>\n<p><strong>RNC Mobile, l&rsquo;application Android (*)<br \/>\n<\/strong>Derni\u00e8re APK pour mobiles exotiques : <strong><a href=\"https:\/\/rncmobile.net\/android\" target=\"_blank\" rel=\"noopener\">https:\/\/rncmobile.net\/android<\/a><\/strong><\/p>\n<hr \/>\n<p><a href=\"https:\/\/discord.com\/invite\/MEcXpyTD7p\" target=\"_blank\" rel=\"noopener\"><img loading=\"lazy\" decoding=\"async\" class=\"alignnone wp-image-10971\" src=\"https:\/\/wp.rncmobile.net\/wp-content\/uploads\/2023\/12\/Logo-de-discord-210x80-1.png\" alt=\"\" width=\"200\" height=\"76\" \/><\/a> <strong>Discord de la communaut\u00e9 RNC Mobile<\/strong><\/p>\n<p><a href=\"https:\/\/bsky.app\/profile\/rncmobile.bsky.social\" target=\"_blank\" rel=\"noopener\"><img loading=\"lazy\" decoding=\"async\" class=\"alignnone wp-image-11048\" src=\"https:\/\/wp.rncmobile.net\/wp-content\/uploads\/2023\/12\/Logo_Bluesky_Butterfly.png\" alt=\"\" width=\"200\" height=\"57\" srcset=\"https:\/\/wp.rncmobile.net\/wp-content\/uploads\/2023\/12\/Logo_Bluesky_Butterfly.png 1200w, https:\/\/wp.rncmobile.net\/wp-content\/uploads\/2023\/12\/Logo_Bluesky_Butterfly-300x86.png 300w, https:\/\/wp.rncmobile.net\/wp-content\/uploads\/2023\/12\/Logo_Bluesky_Butterfly-1024x294.png 1024w, https:\/\/wp.rncmobile.net\/wp-content\/uploads\/2023\/12\/Logo_Bluesky_Butterfly-768x220.png 768w, https:\/\/wp.rncmobile.net\/wp-content\/uploads\/2023\/12\/Logo_Bluesky_Butterfly-624x179.png 624w\" sizes=\"auto, (max-width: 200px) 100vw, 200px\" \/><\/a> <strong>Le compte Bluesky de la communaut\u00e9 RNC Mobile<\/strong><\/p>\n<p><a href=\"https:\/\/piaille.fr\/deck\/@RNCmobile\" target=\"_blank\" rel=\"noopener\"><img loading=\"lazy\" decoding=\"async\" class=\"alignnone wp-image-11100\" src=\"https:\/\/wp.rncmobile.net\/wp-content\/uploads\/2023\/12\/Piaille.png\" alt=\"\" width=\"200\" height=\"103\" srcset=\"https:\/\/wp.rncmobile.net\/wp-content\/uploads\/2023\/12\/Piaille.png 1200w, https:\/\/wp.rncmobile.net\/wp-content\/uploads\/2023\/12\/Piaille-300x155.png 300w, https:\/\/wp.rncmobile.net\/wp-content\/uploads\/2023\/12\/Piaille-1024x529.png 1024w, https:\/\/wp.rncmobile.net\/wp-content\/uploads\/2023\/12\/Piaille-768x397.png 768w, https:\/\/wp.rncmobile.net\/wp-content\/uploads\/2023\/12\/Piaille-624x322.png 624w\" sizes=\"auto, (max-width: 200px) 100vw, 200px\" \/><\/a> <strong>Le compte Mastodon de la communaut\u00e9 RNC Mobile<\/strong><\/p>\n<p><a href=\"https:\/\/twitter.com\/rncmobile\" target=\"_blank\" rel=\"noopener\"><img loading=\"lazy\" decoding=\"async\" class=\"alignnone wp-image-11049\" src=\"https:\/\/wp.rncmobile.net\/wp-content\/uploads\/2023\/12\/Bye-Bye_Twitter.png\" alt=\"\" width=\"200\" height=\"131\" srcset=\"https:\/\/wp.rncmobile.net\/wp-content\/uploads\/2023\/12\/Bye-Bye_Twitter.png 1746w, https:\/\/wp.rncmobile.net\/wp-content\/uploads\/2023\/12\/Bye-Bye_Twitter-300x196.png 300w, https:\/\/wp.rncmobile.net\/wp-content\/uploads\/2023\/12\/Bye-Bye_Twitter-1024x669.png 1024w, https:\/\/wp.rncmobile.net\/wp-content\/uploads\/2023\/12\/Bye-Bye_Twitter-768x501.png 768w, https:\/\/wp.rncmobile.net\/wp-content\/uploads\/2023\/12\/Bye-Bye_Twitter-1536x1003.png 1536w, https:\/\/wp.rncmobile.net\/wp-content\/uploads\/2023\/12\/Bye-Bye_Twitter-624x407.png 624w\" sizes=\"auto, (max-width: 200px) 100vw, 200px\" \/><\/a> \u00a0<strong>Le compte Twitter\/X de RNC Mobile<\/strong><\/p>\n<hr \/>\n<p><strong>Source des donn\u00e9es<\/strong><\/p>\n<ul>\n<li>Donn\u00e9es ANFR mensuelles : <a href=\"https:\/\/www.data.gouv.fr\/fr\/datasets\/donnees-sur-les-installations-radioelectriques-de-plus-de-5-watts-1\/\" target=\"_blank\" rel=\"noopener\"><span style=\"font-size: 8pt;\">https:\/\/www.data.gouv.fr\/fr\/datasets\/donnees-sur-les-installations-radioelectriques-de-plus-de-5-watts-1\/<\/span><\/a><\/li>\n<li>Donn\u00e9es ANFR hebdomadaires : <a href=\"https:\/\/data.anfr.fr\/portail\"><span style=\"font-size: 8pt;\">https:\/\/data.anfr.fr\/portail<\/span><\/a><\/li>\n<li>Donn\u00e9es ARCEP trimestrielles : <a href=\"https:\/\/files.data.gouv.fr\/arcep_donnees\/mobile\/sites\/last\/\" target=\"_blank\" rel=\"noopener\"><span style=\"font-size: 8pt;\">https:\/\/files.data.gouv.fr\/arcep_donnees\/mobile\/sites\/last\/<\/span><\/a><\/li>\n<\/ul>\n<hr \/>\n<p><strong>Automatisation de certaines t\u00e2ches : <\/strong><a href=\"https:\/\/rncmobile.net\/wp\/16149\" target=\"_blank\" rel=\"noopener\">Intents Android<\/a><\/p>\n<hr \/>\n<p><em>(*) Pas d&rsquo;application Apple aussi longtemps qu&rsquo;iOS 17, 18,&#8230; refusera l&rsquo;acc\u00e8s aux informations t\u00e9l\u00e9phoniques.<\/em><\/p>\n","protected":false},"excerpt":{"rendered":"<p>RNC Mobile, l&rsquo;application Android (*) Derni\u00e8re APK pour mobiles exotiques : https:\/\/rncmobile.net\/android Discord de la communaut\u00e9 RNC Mobile Le compte Bluesky de la communaut\u00e9 RNC Mobile Le compte Mastodon de la communaut\u00e9 RNC Mobile \u00a0Le compte Twitter\/X de RNC Mobile Source des donn\u00e9es Donn\u00e9es ANFR mensuelles : https:\/\/www.data.gouv.fr\/fr\/datasets\/donnees-sur-les-installations-radioelectriques-de-plus-de-5-watts-1\/ Donn\u00e9es ANFR hebdomadaires : https:\/\/data.anfr.fr\/portail Donn\u00e9es ARCEP [&hellip;]<\/p>\n","protected":false},"author":2,"featured_media":0,"parent":0,"menu_order":0,"comment_status":"closed","ping_status":"closed","template":"","meta":{"footnotes":""},"class_list":["post-10969","page","type-page","status-publish","hentry"],"_links":{"self":[{"href":"https:\/\/wp.rncmobile.net\/index.php\/wp-json\/wp\/v2\/pages\/10969","targetHints":{"allow":["GET"]}}],"collection":[{"href":"https:\/\/wp.rncmobile.net\/index.php\/wp-json\/wp\/v2\/pages"}],"about":[{"href":"https:\/\/wp.rncmobile.net\/index.php\/wp-json\/wp\/v2\/types\/page"}],"author":[{"embeddable":true,"href":"https:\/\/wp.rncmobile.net\/index.php\/wp-json\/wp\/v2\/users\/2"}],"replies":[{"embeddable":true,"href":"https:\/\/wp.rncmobile.net\/index.php\/wp-json\/wp\/v2\/comments?post=10969"}],"version-history":[{"count":38,"href":"https:\/\/wp.rncmobile.net\/index.php\/wp-json\/wp\/v2\/pages\/10969\/revisions"}],"predecessor-version":[{"id":16157,"href":"https:\/\/wp.rncmobile.net\/index.php\/wp-json\/wp\/v2\/pages\/10969\/revisions\/16157"}],"wp:attachment":[{"href":"https:\/\/wp.rncmobile.net\/index.php\/wp-json\/wp\/v2\/media?parent=10969"}],"curies":[{"name":"wp","href":"https:\/\/api.w.org\/{rel}","templated":true}]}}