{"id":11036,"date":"2023-12-21T17:07:38","date_gmt":"2023-12-21T15:07:38","guid":{"rendered":"https:\/\/wp.rncmobile.net\/?page_id=11036"},"modified":"2023-12-21T18:26:57","modified_gmt":"2023-12-21T16:26:57","slug":"avertissement-sur-le-fonctionnement-de-la-5g-nsa","status":"publish","type":"page","link":"https:\/\/wp.rncmobile.net\/index.php\/avertissement-sur-le-fonctionnement-de-la-5g-nsa\/","title":{"rendered":"Avertissement sur le fonctionnement de la 5G NSA"},"content":{"rendered":"<p>Le fonctionnement de la 5G NSA ne permet pas de d\u00e9terminer le temps de connexion sur une antenne 5G dans la mesure o\u00f9 l&rsquo;indication NSA Active utilis\u00e9e pour calculer ce temps ne se d\u00e9clenche que lors de transferts de donn\u00e9es. Ce temps ne repr\u00e9sente donc qu&rsquo;une faible part du temps r\u00e9el de connexion \u00e0 une antenne 5G. Le lancement de la 5G SA devrait r\u00e9gler cette anomalie.<\/p>\n","protected":false},"excerpt":{"rendered":"<p>Le fonctionnement de la 5G NSA ne permet pas de d\u00e9terminer le temps de connexion sur une antenne 5G dans la mesure o\u00f9 l&rsquo;indication NSA Active utilis\u00e9e pour calculer ce temps ne se d\u00e9clenche que lors de transferts de donn\u00e9es. Ce temps ne repr\u00e9sente donc qu&rsquo;une faible part du temps r\u00e9el de connexion \u00e0 une [&hellip;]<\/p>\n","protected":false},"author":2,"featured_media":0,"parent":0,"menu_order":0,"comment_status":"closed","ping_status":"closed","template":"","meta":{"footnotes":""},"class_list":["post-11036","page","type-page","status-publish","hentry"],"_links":{"self":[{"href":"https:\/\/wp.rncmobile.net\/index.php\/wp-json\/wp\/v2\/pages\/11036","targetHints":{"allow":["GET"]}}],"collection":[{"href":"https:\/\/wp.rncmobile.net\/index.php\/wp-json\/wp\/v2\/pages"}],"about":[{"href":"https:\/\/wp.rncmobile.net\/index.php\/wp-json\/wp\/v2\/types\/page"}],"author":[{"embeddable":true,"href":"https:\/\/wp.rncmobile.net\/index.php\/wp-json\/wp\/v2\/users\/2"}],"replies":[{"embeddable":true,"href":"https:\/\/wp.rncmobile.net\/index.php\/wp-json\/wp\/v2\/comments?post=11036"}],"version-history":[{"count":4,"href":"https:\/\/wp.rncmobile.net\/index.php\/wp-json\/wp\/v2\/pages\/11036\/revisions"}],"predecessor-version":[{"id":11046,"href":"https:\/\/wp.rncmobile.net\/index.php\/wp-json\/wp\/v2\/pages\/11036\/revisions\/11046"}],"wp:attachment":[{"href":"https:\/\/wp.rncmobile.net\/index.php\/wp-json\/wp\/v2\/media?parent=11036"}],"curies":[{"name":"wp","href":"https:\/\/api.w.org\/{rel}","templated":true}]}}