{"id":12842,"date":"2024-09-26T19:49:51","date_gmt":"2024-09-26T17:49:51","guid":{"rendered":"https:\/\/wp.rncmobile.net\/?page_id=12842"},"modified":"2024-09-27T10:44:04","modified_gmt":"2024-09-27T08:44:04","slug":"deploiement-de-la-5g-large-bande","status":"publish","type":"page","link":"https:\/\/wp.rncmobile.net\/index.php\/deploiement-de-la-5g-large-bande\/","title":{"rendered":"D\u00e9ploiement de la 5G large bande"},"content":{"rendered":"<hr \/>\n<p><a href=\"https:\/\/twitter.com\/tomf1zz\/\" target=\"_blank\" rel=\"noopener\"><img loading=\"lazy\" decoding=\"async\" class=\"size-medium wp-image-7508 alignright\" src=\"https:\/\/wp.rncmobile.net\/wp-content\/uploads\/2022\/01\/bilan2021_v3-300x258.png\" alt=\"\" width=\"300\" height=\"258\" srcset=\"https:\/\/wp.rncmobile.net\/wp-content\/uploads\/2022\/01\/bilan2021_v3-300x258.png 300w, https:\/\/wp.rncmobile.net\/wp-content\/uploads\/2022\/01\/bilan2021_v3-624x536.png 624w, https:\/\/wp.rncmobile.net\/wp-content\/uploads\/2022\/01\/bilan2021_v3.png 714w\" sizes=\"auto, (max-width: 300px) 100vw, 300px\" \/><\/a><\/p>\n<h1 style=\"text-align: left;\">Point sur le respect des obligations de l&rsquo;ARCEP<\/h1>\n<h2>\nContexte<\/h2>\n<p>Dans le cadre de la licence d\u2019exploitation d\u2019une nouvelle fr\u00e9quence, l\u2019ARCEP a impos\u00e9 &#8211; dans la d\u00e9cision d\u2019autorisation de chaque op\u00e9rateur &#8211; <a href=\"https:\/\/www.arcep.fr\/fileadmin\/user_upload\/espace_collectivites\/rapport-TC-2021\/chapitre-01\/ARC-RA2021-TOME2-Chapitre1-Fiche2.pdf\" target=\"_blank\" rel=\"noopener\">plusieurs obligations concernant le d\u00e9ploiement de la technologie 5G.<\/a><br \/>\nLa premi\u00e8re a d\u00e9j\u00e0 \u00e9t\u00e9 respect\u00e9e par tous les op\u00e9rateurs. Ils devaient construire plus de 3000 installations distribuant la fr\u00e9quence 3500 MHz en 5G avant fin 2022.<\/p>\n<p><strong>La deuxi\u00e8me obligation porte cet objectif \u00e0 8000 avant fin 2024 et une troisi\u00e8me le porte \u00e0 10500 avant fin 2025.<\/strong><\/p>\n<p>D\u2019autres obligations viennent s\u2019ajouter comme la r\u00e9partition entre zones denses et peu denses, voire industrielles. Une liste des communes \u00e0 prendre en compte en zone peu dense est annex\u00e9e \u00e0 la d\u00e9cision d\u2019autorisation. Il est \u00e9galement pr\u00e9vu que la totalit\u00e9 des \u00e9quipements de radiot\u00e9l\u00e9phonie mobile soit capable de distribuer 240 Mbps par secteur \u00e0 la fin de l\u2019ann\u00e9e 2030 avec une \u00e9tape \u00e0 90\u00a0% en 2025.<\/p>\n<p>Certains commentateurs compulsifs exploitent ces deux contraintes fortes pour attaquer, sur les forums sp\u00e9cialis\u00e9s, le groupe Iliad sur sa politique de d\u00e9ploiement de son r\u00e9seau mobile (il ne nous appartient pas de leur faire de la publicit\u00e9, chacun saura les reconna\u00eetre). Ces assertions sont r\u00e9currentes \u00e0 chaque publication mensuelle de l\u2019Observatoire de l\u2019ANFR et g\u00e9n\u00e8re des d\u00e9bats aussi interminables qu&rsquo;insipides \u00e0 cette occasion.<\/p>\n<p>Nous ne nous attacherons ici qu\u2019\u00e0 traiter la 2\u00e8me et la 3\u00e8me obligations qui sont l\u2019objet de ces critiques, enfin pour le moment.<\/p>\n<h2>Nature des critiques et \u00e9laboration des raisonnements utilis\u00e9s<\/h2>\n<p>Ces critiques se basent sur le calcul de la valeur r\u00e9siduelle moyenn\u00e9e sur la p\u00e9riode restant \u00e0 courir. La \u00ab manip \u00bb consiste \u00e0 la comparer \u00e0 la derni\u00e8re publication mensuelle si elle s\u2019av\u00e8re inf\u00e9rieure. L\u2019id\u00e9e sous-jacente consiste \u00e0 laisser entendre que Freemobile ne r\u00e9alisera pas l\u2019objectif annonc\u00e9. Certains, dans leur d\u00e9lire, n\u2019h\u00e9sitent pas \u00e0 calculer le montant de l\u2019amende que l\u2019ARCEP ne manquera pas d\u2019infliger \u00e0 Freemobile et \u00e0 imaginer une foultitude de contraintes techniques justifiant l\u2019incapacit\u00e9 suppos\u00e9e de l\u2019op\u00e9rateur, telle que le poids des panneaux 3,5 GHz (50 kg pi\u00e8ce), la n\u00e9cessaire refonte de l\u2019installation \u00e9lectrique pour absorber l\u2019augmentation d\u2019intensit\u00e9, le remplacement de l\u2019alimentation \u00e9lectrique (triphas\u00e9) et plus encore.<\/p>\n<p><a href=\"https:\/\/wp.rncmobile.net\/wp-content\/uploads\/2024\/09\/ANFR_2024-09-20-R_Mensuel.png\"><img loading=\"lazy\" decoding=\"async\" class=\"aligncenter wp-image-12848 size-full\" src=\"https:\/\/wp.rncmobile.net\/wp-content\/uploads\/2024\/09\/ANFR_2024-09-20-R_Mensuel.png\" alt=\"\" width=\"997\" height=\"502\" srcset=\"https:\/\/wp.rncmobile.net\/wp-content\/uploads\/2024\/09\/ANFR_2024-09-20-R_Mensuel.png 997w, https:\/\/wp.rncmobile.net\/wp-content\/uploads\/2024\/09\/ANFR_2024-09-20-R_Mensuel-300x151.png 300w, https:\/\/wp.rncmobile.net\/wp-content\/uploads\/2024\/09\/ANFR_2024-09-20-R_Mensuel-768x387.png 768w, https:\/\/wp.rncmobile.net\/wp-content\/uploads\/2024\/09\/ANFR_2024-09-20-R_Mensuel-624x314.png 624w\" sizes=\"auto, (max-width: 997px) 100vw, 997px\" \/><\/a><\/p>\n<p>Le simple examen de ce graphique des publications mensuelles de l\u2019ANFR d\u00e9montre qu\u2019elles peuvent varier d\u2019un facteur 4 (272 vs 67) et qu\u2019il n\u2019est donc pas tr\u00e8s s\u00e9rieux de fonder son raisonnement sur l\u2019une d\u2019entre elles. En s\u2019appuyant sur une p\u00e9riode plus large, comme un trimestre ou une ann\u00e9e, le probl\u00e8me est de choisir une p\u00e9riode pr\u00e9sentant les m\u00eames contraintes. Hors le choix de l\u2019ann\u00e9e 2023 est le pire des choix avec ses 1168 sites activ\u00e9s en bande large contre 2177 en 2021 (voir graphique \u00e0 suivre\u00a0: Politique de modernisation\u00a0: r\u00e9alisation).<\/p>\n<h2>Autres projections possibles<\/h2>\n<p>Une simple projection m\u00e9canique (extrapolation lin\u00e9aire) \u00e0 partir des publications mensuelles de l\u2019ANFR pourrait para\u00eetre plus pertinente.<br \/>\nElle permettrait aussi de conclure \u00e0 l\u2019impossibilit\u00e9 d\u2019atteindre l\u2019objectif ou l\u2019inverse. <br \/>\nTout d\u00e9pend &#8211; l\u00e0 aussi &#8211; de la p\u00e9riode choisie en r\u00e9f\u00e9rence. <br \/>\nEn prenant l\u2019ensemble de la p\u00e9riode initi\u00e9e par le lancement de la 5G, on conclurait \u00e0 l\u2019\u00e9chec probable sur les deux objectifs (8000 et 10500).<\/p>\n<p><a href=\"https:\/\/wp.rncmobile.net\/wp-content\/uploads\/2024\/09\/ANFR_2024-09-20-Projection_lineaire.png\"><img loading=\"lazy\" decoding=\"async\" class=\"aligncenter wp-image-12849 size-full\" src=\"https:\/\/wp.rncmobile.net\/wp-content\/uploads\/2024\/09\/ANFR_2024-09-20-Projection_lineaire.png\" alt=\"\" width=\"1076\" height=\"465\" srcset=\"https:\/\/wp.rncmobile.net\/wp-content\/uploads\/2024\/09\/ANFR_2024-09-20-Projection_lineaire.png 1076w, https:\/\/wp.rncmobile.net\/wp-content\/uploads\/2024\/09\/ANFR_2024-09-20-Projection_lineaire-300x130.png 300w, https:\/\/wp.rncmobile.net\/wp-content\/uploads\/2024\/09\/ANFR_2024-09-20-Projection_lineaire-1024x443.png 1024w, https:\/\/wp.rncmobile.net\/wp-content\/uploads\/2024\/09\/ANFR_2024-09-20-Projection_lineaire-768x332.png 768w, https:\/\/wp.rncmobile.net\/wp-content\/uploads\/2024\/09\/ANFR_2024-09-20-Projection_lineaire-624x270.png 624w\" sizes=\"auto, (max-width: 1076px) 100vw, 1076px\" \/><\/a><\/p>\n<p>En prenant une r\u00e9f\u00e9rence plus r\u00e9cente, les 6 derniers mois, la conclusion est diff\u00e9rente. L\u2019atteinte des deux objectifs est probable sous r\u00e9serve d\u2019un effort modeste sur les derniers mois pour le premier.<\/p>\n<p><a href=\"https:\/\/wp.rncmobile.net\/wp-content\/uploads\/2024\/09\/ANFR_2024-09-20-Projection_lineaire_6_mois.png\"><img loading=\"lazy\" decoding=\"async\" class=\"aligncenter wp-image-12850 size-full\" src=\"https:\/\/wp.rncmobile.net\/wp-content\/uploads\/2024\/09\/ANFR_2024-09-20-Projection_lineaire_6_mois.png\" alt=\"\" width=\"951\" height=\"526\" srcset=\"https:\/\/wp.rncmobile.net\/wp-content\/uploads\/2024\/09\/ANFR_2024-09-20-Projection_lineaire_6_mois.png 951w, https:\/\/wp.rncmobile.net\/wp-content\/uploads\/2024\/09\/ANFR_2024-09-20-Projection_lineaire_6_mois-300x166.png 300w, https:\/\/wp.rncmobile.net\/wp-content\/uploads\/2024\/09\/ANFR_2024-09-20-Projection_lineaire_6_mois-768x425.png 768w, https:\/\/wp.rncmobile.net\/wp-content\/uploads\/2024\/09\/ANFR_2024-09-20-Projection_lineaire_6_mois-624x345.png 624w\" sizes=\"auto, (max-width: 951px) 100vw, 951px\" \/><\/a><\/p>\n<p>Mais la projection pr\u00e9c\u00e9dente m\u00e9conna\u00eet la diff\u00e9rence de d\u00e9ploiement entre sites neufs et existants.<br \/>\nEn int\u00e9grant le d\u00e9ploiement de nouveaux sites dont une bonne partie b\u00e9n\u00e9ficie de la nouvelle fr\u00e9quence, on peut constater que les 8000 sites ne repr\u00e9senteront plus que 35\u00a0% de l\u2019ensemble des sites hors zone blanche et que les sites \u00e9quip\u00e9s seront exactement au m\u00eame niveau, donc atteindront les 8000 sites.<\/p>\n<p><a href=\"https:\/\/wp.rncmobile.net\/wp-content\/uploads\/2024\/09\/ANFR_2024-09-20-D-2.png\"><img loading=\"lazy\" decoding=\"async\" class=\"aligncenter wp-image-12851 size-full\" src=\"https:\/\/wp.rncmobile.net\/wp-content\/uploads\/2024\/09\/ANFR_2024-09-20-D-2.png\" alt=\"\" width=\"874\" height=\"572\" srcset=\"https:\/\/wp.rncmobile.net\/wp-content\/uploads\/2024\/09\/ANFR_2024-09-20-D-2.png 874w, https:\/\/wp.rncmobile.net\/wp-content\/uploads\/2024\/09\/ANFR_2024-09-20-D-2-300x196.png 300w, https:\/\/wp.rncmobile.net\/wp-content\/uploads\/2024\/09\/ANFR_2024-09-20-D-2-768x503.png 768w, https:\/\/wp.rncmobile.net\/wp-content\/uploads\/2024\/09\/ANFR_2024-09-20-D-2-624x408.png 624w\" sizes=\"auto, (max-width: 874px) 100vw, 874px\" \/><\/a><\/p>\n<h2>Analyses tenant compte du stock r\u00e9siduel de projets approuv\u00e9s non r\u00e9alis\u00e9s \u00e0 date<\/h2>\n<p>Selon l\u2019ANFR, au 20 septembre 2024, Freemobile dispose d\u2019un stock de 2885 sites d\u00e9clar\u00e9s avec la fr\u00e9quence 3500 MHz et non techniquement op\u00e9rationnels \u00e0 cette date. On peut les d\u00e9composer entre 1373 sites en service sur au moins une autre fr\u00e9quence et 1512 sites \u00e0 construire ou en cours de construction, mais non op\u00e9rationnels au sens de l\u2019ANFR.<br \/>\nLes sites en service, d\u00e8s lors qu\u2019ils disposent d\u2019une BTS compatible 5G (~13000 sites) ne n\u00e9cessitent qu\u2019un simple ajout de 2 ou 3 panneaux 3500 MHz (upgrade). Selon les DIM d\u00e9pos\u00e9s en mairie par Orange, un upgrade peut \u00eatre r\u00e9alis\u00e9 en 3 semaines. L\u2019investissement est mod\u00e9r\u00e9 et compris entre 20 et 25\u00a0% d\u2019un site neuf.<br \/>\nLes sites en attente de mise en service (projets approuv\u00e9s) n\u00e9cessitent des travaux beaucoup plus complexes pouvant parfois imposer l\u2019\u00e9rection d\u2019un nouveau pyl\u00f4ne. De fait, le process peut s\u2019\u00e9taler sur plusieurs mois, voire ann\u00e9es. En r\u00e8gle g\u00e9n\u00e9rale, on peut tabler sur 12 mois pour un site simple et 18 mois sur un site plus complexe.<\/p>\n<p>L\u2019investissement est beaucoup plus on\u00e9reux, mais parfois n\u00e9cessaire pour densifier les zones les plus peupl\u00e9es imparfaitement couvertes.<br \/>\nLa situation actuelle est la suivante lorsque que l\u2019on \u00e9clate les sites d\u00e9j\u00e0 \u00e9quip\u00e9s entre les deux cat\u00e9gories (neufs et upgrades) et l\u2019ann\u00e9e de construction.<\/p>\n<p><a href=\"https:\/\/wp.rncmobile.net\/wp-content\/uploads\/2024\/09\/ANFR_2024-09-20-Modernisation-Realisation-1.png\"><img loading=\"lazy\" decoding=\"async\" class=\"aligncenter wp-image-12852 size-full\" src=\"https:\/\/wp.rncmobile.net\/wp-content\/uploads\/2024\/09\/ANFR_2024-09-20-Modernisation-Realisation-1.png\" alt=\"\" width=\"943\" height=\"530\" srcset=\"https:\/\/wp.rncmobile.net\/wp-content\/uploads\/2024\/09\/ANFR_2024-09-20-Modernisation-Realisation-1.png 943w, https:\/\/wp.rncmobile.net\/wp-content\/uploads\/2024\/09\/ANFR_2024-09-20-Modernisation-Realisation-1-300x169.png 300w, https:\/\/wp.rncmobile.net\/wp-content\/uploads\/2024\/09\/ANFR_2024-09-20-Modernisation-Realisation-1-768x432.png 768w, https:\/\/wp.rncmobile.net\/wp-content\/uploads\/2024\/09\/ANFR_2024-09-20-Modernisation-Realisation-1-624x351.png 624w\" sizes=\"auto, (max-width: 943px) 100vw, 943px\" \/><\/a><\/p>\n<p>L\u2019enjeu consiste donc \u00e0 d\u00e9terminer le taux de r\u00e9alisation applicable aux deux cat\u00e9gories de sites \u00e0 activer. Il est en effet exclu que 100\u00a0% des sites d\u00e9clar\u00e9s soient op\u00e9rationnels dans les 3 prochains mois. Il est donc n\u00e9cessaire d\u2019appliquer au parc neuf, un taux de r\u00e9alisation diff\u00e9renci\u00e9 selon l\u2019ann\u00e9e de d\u00e9claration de la fr\u00e9quence 3500 MHz et il est conseill\u00e9 que ces taux soient aussi r\u00e9alistes que possible.<\/p>\n<p><a href=\"https:\/\/wp.rncmobile.net\/wp-content\/uploads\/2024\/09\/ANFR_2024-09-20-Modernisation-Prevision-1.png\"><img loading=\"lazy\" decoding=\"async\" class=\"aligncenter wp-image-12853 size-full\" src=\"https:\/\/wp.rncmobile.net\/wp-content\/uploads\/2024\/09\/ANFR_2024-09-20-Modernisation-Prevision-1.png\" alt=\"\" width=\"943\" height=\"530\" srcset=\"https:\/\/wp.rncmobile.net\/wp-content\/uploads\/2024\/09\/ANFR_2024-09-20-Modernisation-Prevision-1.png 943w, https:\/\/wp.rncmobile.net\/wp-content\/uploads\/2024\/09\/ANFR_2024-09-20-Modernisation-Prevision-1-300x169.png 300w, https:\/\/wp.rncmobile.net\/wp-content\/uploads\/2024\/09\/ANFR_2024-09-20-Modernisation-Prevision-1-768x432.png 768w, https:\/\/wp.rncmobile.net\/wp-content\/uploads\/2024\/09\/ANFR_2024-09-20-Modernisation-Prevision-1-624x351.png 624w\" sizes=\"auto, (max-width: 943px) 100vw, 943px\" \/><\/a><\/p>\n<p>L\u2019ann\u00e9e 2021 \u00e9tait sous la contrainte des 3000 sites \u00e0 \u00e9quiper avant 2022 et son volume assez proche des 2500 sites \u00e0 r\u00e9aliser en 2024. Elle peut donc servir utilement de r\u00e9f\u00e9rence.<br \/>\nSi l&rsquo;on applique les taux de r\u00e9alisation pratiqu\u00e9s en 2021 sur des \u00e9quipements 3500 MHz pour des sites neufs, Freemobile devrait \u00eatre en mesure de livrer, en 2024, 1275 nouveaux sites \u00e9quip\u00e9s en 5G large bande (soit ~42% des 1512 sites en projet approuv\u00e9 3500 MHz en plus des 638 sites d\u00e9j\u00e0 op\u00e9rationnels).<\/p>\n<ul>\n<li><span style=\"color: #c9211e;\"><span style=\"font-family: Roboto;\"><span style=\"font-size: medium;\"><i>Pour obtenir un total de plus de 8000 sites op\u00e9rationnels \u00e0 la fin de l&rsquo;ann\u00e9e 2024, il suffit de finaliser ~25% des 1373 sites existants d\u00e9clar\u00e9s en 5G large bande, mais non op\u00e9rationnels \u00e0 ce jour (\u00e0 upgrader).<\/i><\/span><\/span><\/span><\/li>\n<li><span style=\"color: #c9211e;\"><span style=\"font-family: Roboto;\"><span style=\"font-size: medium;\"><i>Pour obtenir un total de 8500 sites op\u00e9rationnels, il faudrait finaliser 60\u00a0% des 1373 sites \u00e0 upgrader.<\/i><\/span><\/span><\/span><\/li>\n<li><span style=\"color: #c9211e;\"><span style=\"font-family: Roboto;\"><span style=\"font-size: medium;\"><i>Pour obtenir un total de 8750 sites op\u00e9rationnels, il faudrait finaliser 80\u00a0% des 1373 sites \u00e0 upgrader.<\/i><\/span><\/span><\/span><\/li>\n<\/ul>\n<p>On peut consid\u00e9rer que la construction de nouveaux sites est une voie trop on\u00e9reuse pour atteindre l\u2019objectif fix\u00e9 par ARCEP ou bien que l\u2019alignement sur la pratique de l\u2019ann\u00e9e 2021 est trop ambitieuse en 2024.<\/p>\n<p><a href=\"https:\/\/wp.rncmobile.net\/wp-content\/uploads\/2024\/09\/ANFR_2024-09-20-Modernisation-Prevision_bis-1.png\"><img loading=\"lazy\" decoding=\"async\" class=\"aligncenter wp-image-12854 size-full\" src=\"https:\/\/wp.rncmobile.net\/wp-content\/uploads\/2024\/09\/ANFR_2024-09-20-Modernisation-Prevision_bis-1.png\" alt=\"\" width=\"943\" height=\"530\" srcset=\"https:\/\/wp.rncmobile.net\/wp-content\/uploads\/2024\/09\/ANFR_2024-09-20-Modernisation-Prevision_bis-1.png 943w, https:\/\/wp.rncmobile.net\/wp-content\/uploads\/2024\/09\/ANFR_2024-09-20-Modernisation-Prevision_bis-1-300x169.png 300w, https:\/\/wp.rncmobile.net\/wp-content\/uploads\/2024\/09\/ANFR_2024-09-20-Modernisation-Prevision_bis-1-768x432.png 768w, https:\/\/wp.rncmobile.net\/wp-content\/uploads\/2024\/09\/ANFR_2024-09-20-Modernisation-Prevision_bis-1-624x351.png 624w\" sizes=\"auto, (max-width: 943px) 100vw, 943px\" \/><\/a><\/p>\n<p>Si l&rsquo;on applique des taux de r\u00e9alisation largement inf\u00e9rieurs \u00e0 ceux obtenus en 2021 sur des \u00e9quipements 3500 MHz pour des sites neufs (voir encadr\u00e9 sur les taux de r\u00e9alisation figurant sur le graphe), Freemobile devrait \u00eatre en mesure de livrer, en 2024, 1017 nouveaux sites \u00e9quip\u00e9s en 5G large bande (soit ~25% des 1512 sites en projet approuv\u00e9 3500 MHz en plus de ceux d\u00e9j\u00e0 op\u00e9rationnels).<\/p>\n<ul>\n<li><span style=\"color: #c9211e;\"><span style=\"font-family: Roboto;\"><span style=\"font-size: medium;\"><i>Pour obtenir un total de plus de 8000 sites op\u00e9rationnels \u00e0 la fin de l&rsquo;ann\u00e9e 2024, il suffit alors de finaliser ~44% des 1373 sites existants d\u00e9clar\u00e9s en 5G large bande, mais non op\u00e9rationnels \u00e0 ce jour.<\/i><\/span><\/span><\/span><\/li>\n<\/ul>\n<h2>Que peut-on en dire aujourd\u2019hui ?<\/h2>\n<p>La projection dans le futur \u00e0 partir d\u2018\u00e9l\u00e9ments du pass\u00e9 est un exercice p\u00e9rilleux et peut conduire \u00e0 des conclusions erron\u00e9es, m\u00eame s\u2019il est r\u00e9alis\u00e9 avec soin en s\u2019appuyant sur des \u00e9l\u00e9ments peu contestables.<br \/>\nSeul Freemobile peut utilement r\u00e9pondre \u00e0 la question de la r\u00e9alisation de l\u2019objectif de l\u2019ARCEP. <br \/>\nEt cela tombe bien, Nicolas Thomas, Directeur G\u00e9n\u00e9ral de Free France a justement r\u00e9pondu \u00e0 cette question dans une interview r\u00e9cente.<br \/>\n<strong>\u00abNous sommes assez sereins sur nos obligations de couverture pour la fin de l\u2019ann\u00e9e\u00bb.<\/strong><br \/>\nLa messe est dite.<\/p>\n<hr \/>\n<p>Retrouvez d&rsquo;autres statistiques de Fr33mobile <a href=\"https:\/\/rncmobile.net\/wp\/5\" target=\"_blank\" rel=\"noopener\">en suivant ce lien<\/a><\/p>\n<hr \/>\n<p><a href=\"https:\/\/twitter.com\/tomf1zz\/\" target=\"_blank\" rel=\"noopener\"><img loading=\"lazy\" decoding=\"async\" class=\"alignnone size-full wp-image-5965 aligncenter\" src=\"https:\/\/wp.rncmobile.net\/wp-content\/uploads\/2021\/06\/fusee_rncx150.png\" alt=\"\" width=\"108\" height=\"109\" \/><\/a><\/p>\n","protected":false},"excerpt":{"rendered":"<p>Point sur le respect des obligations de l&rsquo;ARCEP Contexte Dans le cadre de la licence d\u2019exploitation d\u2019une nouvelle fr\u00e9quence, l\u2019ARCEP a impos\u00e9 &#8211; dans la d\u00e9cision d\u2019autorisation de chaque op\u00e9rateur &#8211; plusieurs obligations concernant le d\u00e9ploiement de la technologie 5G. La premi\u00e8re a d\u00e9j\u00e0 \u00e9t\u00e9 respect\u00e9e par tous les op\u00e9rateurs. Ils devaient construire plus de [&hellip;]<\/p>\n","protected":false},"author":2,"featured_media":0,"parent":0,"menu_order":0,"comment_status":"closed","ping_status":"closed","template":"","meta":{"footnotes":""},"class_list":["post-12842","page","type-page","status-publish","hentry"],"_links":{"self":[{"href":"https:\/\/wp.rncmobile.net\/index.php\/wp-json\/wp\/v2\/pages\/12842","targetHints":{"allow":["GET"]}}],"collection":[{"href":"https:\/\/wp.rncmobile.net\/index.php\/wp-json\/wp\/v2\/pages"}],"about":[{"href":"https:\/\/wp.rncmobile.net\/index.php\/wp-json\/wp\/v2\/types\/page"}],"author":[{"embeddable":true,"href":"https:\/\/wp.rncmobile.net\/index.php\/wp-json\/wp\/v2\/users\/2"}],"replies":[{"embeddable":true,"href":"https:\/\/wp.rncmobile.net\/index.php\/wp-json\/wp\/v2\/comments?post=12842"}],"version-history":[{"count":27,"href":"https:\/\/wp.rncmobile.net\/index.php\/wp-json\/wp\/v2\/pages\/12842\/revisions"}],"predecessor-version":[{"id":12881,"href":"https:\/\/wp.rncmobile.net\/index.php\/wp-json\/wp\/v2\/pages\/12842\/revisions\/12881"}],"wp:attachment":[{"href":"https:\/\/wp.rncmobile.net\/index.php\/wp-json\/wp\/v2\/media?parent=12842"}],"curies":[{"name":"wp","href":"https:\/\/api.w.org\/{rel}","templated":true}]}}