{"id":15558,"date":"2025-12-20T10:06:39","date_gmt":"2025-12-20T08:06:39","guid":{"rendered":"https:\/\/wp.rncmobile.net\/?page_id=15558"},"modified":"2026-01-04T21:48:12","modified_gmt":"2026-01-04T19:48:12","slug":"informations-complementaires-sur-les-comptes-rnc-mobile","status":"publish","type":"page","link":"https:\/\/wp.rncmobile.net\/index.php\/informations-complementaires-sur-les-comptes-rnc-mobile\/","title":{"rendered":"Informations compl\u00e9mentaires sur les comptes RNC Mobile"},"content":{"rendered":"<p>Quels sont les avantages de cr\u00e9er un compte RNC Mobile ?<\/p>\n<ul>\n<li>Sauvegarder \/ restaurer votre journal ainsi que les param\u00e8tres de l&rsquo;application<\/li>\n<li>Historique de vos test de d\u00e9bits et de vos enregistrement de couverture radio (Cell Recorder)<\/li>\n<li>Acc\u00e8s \u00e0 un espace utilisateur sur le site <a href=\"https:\/\/rncmobile.net\" target=\"_blank\" rel=\"noopener\">RNC Mobile<\/a> avec visualisation sur toutes vos contributions et vos sauvegardes application<\/li>\n<\/ul>\n<p>&nbsp;<\/p>\n<p>&nbsp;<\/p>\n<p>&nbsp;<\/p>\n<p>&nbsp;<\/p>\n","protected":false},"excerpt":{"rendered":"<p>Quels sont les avantages de cr\u00e9er un compte RNC Mobile ? Sauvegarder \/ restaurer votre journal ainsi que les param\u00e8tres de l&rsquo;application Historique de vos test de d\u00e9bits et de vos enregistrement de couverture radio (Cell Recorder) Acc\u00e8s \u00e0 un espace utilisateur sur le site RNC Mobile avec visualisation sur toutes vos contributions et vos [&hellip;]<\/p>\n","protected":false},"author":2,"featured_media":0,"parent":0,"menu_order":0,"comment_status":"closed","ping_status":"closed","template":"","meta":{"footnotes":""},"class_list":["post-15558","page","type-page","status-publish","hentry"],"_links":{"self":[{"href":"https:\/\/wp.rncmobile.net\/index.php\/wp-json\/wp\/v2\/pages\/15558","targetHints":{"allow":["GET"]}}],"collection":[{"href":"https:\/\/wp.rncmobile.net\/index.php\/wp-json\/wp\/v2\/pages"}],"about":[{"href":"https:\/\/wp.rncmobile.net\/index.php\/wp-json\/wp\/v2\/types\/page"}],"author":[{"embeddable":true,"href":"https:\/\/wp.rncmobile.net\/index.php\/wp-json\/wp\/v2\/users\/2"}],"replies":[{"embeddable":true,"href":"https:\/\/wp.rncmobile.net\/index.php\/wp-json\/wp\/v2\/comments?post=15558"}],"version-history":[{"count":8,"href":"https:\/\/wp.rncmobile.net\/index.php\/wp-json\/wp\/v2\/pages\/15558\/revisions"}],"predecessor-version":[{"id":15686,"href":"https:\/\/wp.rncmobile.net\/index.php\/wp-json\/wp\/v2\/pages\/15558\/revisions\/15686"}],"wp:attachment":[{"href":"https:\/\/wp.rncmobile.net\/index.php\/wp-json\/wp\/v2\/media?parent=15558"}],"curies":[{"name":"wp","href":"https:\/\/api.w.org\/{rel}","templated":true}]}}