{"id":157,"date":"2019-03-19T06:38:58","date_gmt":"2019-03-19T06:38:58","guid":{"rendered":"https:\/\/wp.rncmobile.net\/?page_id=157"},"modified":"2025-07-05T13:17:01","modified_gmt":"2025-07-05T11:17:01","slug":"a-propos","status":"publish","type":"page","link":"https:\/\/wp.rncmobile.net\/index.php\/a-propos\/","title":{"rendered":"A propos"},"content":{"rendered":"\r\n<p>&nbsp;<\/p>\r\n<p><a href=\"http:\/\/creativecommons.org\/licenses\/by-nc\/4.0\/\" rel=\"license\"><img loading=\"lazy\" decoding=\"async\" class=\"aligncenter\" style=\"border-width: 0;\" src=\"https:\/\/i.creativecommons.org\/l\/by-nc\/4.0\/88x31.png\" alt=\"Licence Creative Commons\" width=\"88\" height=\"31\" \/><\/a><\/p>\r\n<p><br \/>\r\n<span style=\"font-size: 14pt;\"><strong>Le contenu de ce site est mise \u00e0 disposition selon les termes de la <a href=\"http:\/\/creativecommons.org\/licenses\/by-nc\/4.0\/\" target=\"_blank\" rel=\"license noopener\">Licence Creative Commons Attribution &#8211; Pas d\u2019Utilisation Commerciale 4.0 International<\/a>.<\/strong><\/span><\/p>\r\n<h4 class=\"wp-block-heading\">\u00a0<\/h4>\r\n<h4>Il \u00e0 pour but de centraliser les donn\u00e9es d\u2019identification des antennes Free Mobile envoy\u00e9es par les utilisateurs <a href=\"https:\/\/play.google.com\/store\/apps\/details?id=org.rncteam.rncfreemobile\" target=\"_blank\" rel=\"noopener\">de l&rsquo;application RNC Mobile<\/a>.<\/h4>\r\n<p>Il est bas\u00e9 sur le crowdsourcing et est support\u00e9 par la communaut\u00e9 des Freenautes ainsi que les utilisateurs de l&rsquo;application.<\/p>\r\n<p>Tout ceci n&rsquo;existerait surement pas sans l&rsquo;open data mise \u00e0 disposition par <a href=\"https:\/\/www.anfr.fr\/gestion-des-frequences-sites\/lobservatoire\/\" target=\"_blank\" rel=\"noopener\"><span class=\"st\">L&rsquo;Agence nationale des fr\u00e9quences (<em>ANFR<\/em>)<\/span><\/a> , nous les en remercions infiniment.<\/p>\r\n<p>Pour vous aider \u00e0 valider les antennes non identifi\u00e9es, vous y trouverez quelques tutoriels ainsi que des articles biens utiles. Toutes ces informations proviennent de recherches et de constatations de nombreux Twittos sur le terrain. Nous sommes une poign\u00e9e de personnes b\u00e9n\u00e9voles travaillant sur notre temps libre, merci d\u2019\u00eatre indulgents si quelques bugs surviennent inopin\u00e9ment. \ud83d\ude1b<\/p>\r\n\r\n\r\n<p class=\"is-layout-flow wp-block-quote-is-layout-flow\">Si vous avez des suggestions ou vous souhaitez signaler des erreurs, merci de passer <a href=\"https:\/\/rncmobile.net\/wp\/10969\" rel=\"noopener\">sur l&rsquo;un de nos r\u00e9seaux sociaux.<\/a><\/p>\r\n\r\n\r\n","protected":false},"excerpt":{"rendered":"<p>&nbsp; Le contenu de ce site est mise \u00e0 disposition selon les termes de la Licence Creative Commons Attribution &#8211; Pas d\u2019Utilisation Commerciale 4.0 International. \u00a0 Il \u00e0 pour but de centraliser les donn\u00e9es d\u2019identification des antennes Free Mobile envoy\u00e9es par les utilisateurs de l&rsquo;application RNC Mobile. Il est bas\u00e9 sur le crowdsourcing et est [&hellip;]<\/p>\n","protected":false},"author":1,"featured_media":0,"parent":0,"menu_order":0,"comment_status":"closed","ping_status":"closed","template":"","meta":{"footnotes":""},"class_list":["post-157","page","type-page","status-publish","hentry"],"_links":{"self":[{"href":"https:\/\/wp.rncmobile.net\/index.php\/wp-json\/wp\/v2\/pages\/157","targetHints":{"allow":["GET"]}}],"collection":[{"href":"https:\/\/wp.rncmobile.net\/index.php\/wp-json\/wp\/v2\/pages"}],"about":[{"href":"https:\/\/wp.rncmobile.net\/index.php\/wp-json\/wp\/v2\/types\/page"}],"author":[{"embeddable":true,"href":"https:\/\/wp.rncmobile.net\/index.php\/wp-json\/wp\/v2\/users\/1"}],"replies":[{"embeddable":true,"href":"https:\/\/wp.rncmobile.net\/index.php\/wp-json\/wp\/v2\/comments?post=157"}],"version-history":[{"count":21,"href":"https:\/\/wp.rncmobile.net\/index.php\/wp-json\/wp\/v2\/pages\/157\/revisions"}],"predecessor-version":[{"id":14589,"href":"https:\/\/wp.rncmobile.net\/index.php\/wp-json\/wp\/v2\/pages\/157\/revisions\/14589"}],"wp:attachment":[{"href":"https:\/\/wp.rncmobile.net\/index.php\/wp-json\/wp\/v2\/media?parent=157"}],"curies":[{"name":"wp","href":"https:\/\/api.w.org\/{rel}","templated":true}]}}