{"id":31,"date":"2019-03-18T08:32:57","date_gmt":"2019-03-18T08:32:57","guid":{"rendered":"https:\/\/wp.rncmobile.net\/?page_id=31"},"modified":"2025-03-13T12:06:34","modified_gmt":"2025-03-13T10:06:34","slug":"debits-maximums-sur-le-reseau-freemobile","status":"publish","type":"page","link":"https:\/\/wp.rncmobile.net\/index.php\/debits-maximums-sur-le-reseau-freemobile\/","title":{"rendered":"D\u00e9bits maximums sur le r\u00e9seau Freemobile"},"content":{"rendered":"\r\n<p>Freemobile dispose de plusieurs licences qui l&rsquo;autorisent \u00e0 \u00e9mettre dans diff\u00e9rentes bandes de fr\u00e9quences :\u00a0<strong>700 MHz (B28\/N28), 900 MHz (B8), 1800 MHz (B3), 2100 MHz (B1), 2600 MHz (B7), 3500 MHz (N78).<\/strong><\/p>\r\n<p><br \/>\r\nD\u00e9bits maximums th\u00e9oriques pour la <strong>3G en 2100\/900 MHz<\/strong> :<\/p>\r\n\r\n\r\n<table class=\"wp-block-table is-style-stripes\" style=\"width: 104.98%; height: 371px;\">\r\n<tbody>\r\n<tr style=\"height: 40px;\">\r\n<td style=\"background-color: #e1e1e1; width: 23.775%; text-align: center;\" scope=\"row\"><strong>Technologie<br \/>\r\n<\/strong><\/td>\r\n<td style=\"background-color: #e1e1e1; text-align: center; width: 21.2341%;\" scope=\"row\"><strong>Fr\u00e9quence<br \/>\r\n<\/strong><\/td>\r\n<td style=\"background-color: #e1e1e1; text-align: center; width: 20.5082%;\" scope=\"row\"><strong>Spectre<br \/>\r\n<\/strong><\/td>\r\n<td style=\"background-color: #e1e1e1; text-align: center; width: 21.6505%;\" scope=\"row\"><strong>D\u00e9bits Th\u00e9oriques<br \/>\r\n<\/strong><\/td>\r\n<\/tr>\r\n<tr style=\"height: 48px;\">\r\n<td style=\"text-align: center; height: 48px; width: 23.775%;\">H+ SC<\/td>\r\n<td style=\"text-align: center; height: 48px; width: 21.2341%;\">900 MHz<\/td>\r\n<td style=\"text-align: center; height: 48px; width: 20.5082%;\">2 x 5 MHz<\/td>\r\n<td style=\"text-align: center; height: 48px; width: 21.6505%;\"><strong>21 mbps Down<\/strong><br \/>\r\n6 mbps Up<\/td>\r\n<\/tr>\r\n<tr style=\"height: 48px;\">\r\n<td style=\"text-align: center; height: 48px; width: 23.775%;\">H+ SC<\/td>\r\n<td style=\"text-align: center; height: 48px; width: 21.2341%;\">2100 MHz<\/td>\r\n<td style=\"text-align: center; height: 48px; width: 20.5082%;\">2 x 4.8 ou 5 MHz<\/td>\r\n<td style=\"text-align: center; height: 48px; width: 21.6505%;\"><strong>21 mbps Down<\/strong><br \/>\r\n6 mbps Up<\/td>\r\n<\/tr>\r\n<\/tbody>\r\n<\/table>\r\n\r\n<p>&nbsp;<\/p>\r\n<hr \/>\r\n<p>&nbsp;<\/p>\r\n<p>D\u00e9bits maximums th\u00e9oriques pour la <strong>4G en 2600\/2100\/1800\/700MHz avec modulation 256 QAM Down \/ 64 QAM Up :<\/strong><\/p>\r\n\r\n<table class=\"wp-block-table is-style-stripes\" style=\"width: 106.307%; height: 371px;\">\r\n<tbody>\r\n<tr style=\"height: 100px;\">\r\n<td style=\"background-color: #e1e1e1; text-align: center; width: 23.775%;\" scope=\"row\"><strong>Technologie<br \/>\r\n<\/strong><\/td>\r\n<td style=\"background-color: #e1e1e1; text-align: center; width: 21.2341%;\" scope=\"row\"><strong>Fr\u00e9quence<br \/>\r\n<\/strong><\/td>\r\n<td style=\"background-color: #e1e1e1; text-align: center; width: 20.5082%;\" scope=\"row\"><strong>Spectre<br \/>\r\n<\/strong><\/td>\r\n<td style=\"background-color: #e1e1e1; text-align: center; width: 11.4907%;\"><strong>D\u00e9bits Th\u00e9oriques <\/strong><strong>(Mimo 2&#215;2)<br \/>\r\n<\/strong><\/td>\r\n<td style=\"background-color: #e1e1e1; text-align: center; width: 11.4907%;\"><strong>D\u00e9bits Th\u00e9oriques <\/strong><strong>(Mimo 4&#215;4)<br \/>\r\n<\/strong><\/td>\r\n<\/tr>\r\n<tr style=\"height: 48px;\">\r\n<td style=\"text-align: center; height: 48px; background-color: #f7f7f7; width: 23.775%;\">4G<\/td>\r\n<td style=\"text-align: center; height: 48px; background-color: #f7f7f7; width: 21.2341%;\">700 MHz<\/td>\r\n<td style=\"text-align: center; height: 48px; background-color: #f7f7f7; width: 20.5082%;\">2 x 10 MHz<\/td>\r\n<td style=\"text-align: center; background-color: #f7f7f7; width: 11.4907%;\">\r\n<p>&nbsp;<\/p>\r\n<p><strong>97.9 mbps Down<br \/>\r\n<\/strong><\/p>\r\n<p>37.5 mbps Up<\/p>\r\n<\/td>\r\n<td style=\"text-align: center; background-color: #f7f7f7; width: 11.4907%;\">\r\n<p>195.8 mbps Down<\/p>\r\n<p>37.5 mbps Up<strong><br \/>\r\n<\/strong><\/p>\r\n<\/td>\r\n<\/tr>\r\n<tr>\r\n<td style=\"text-align: center; background-color: #f7f7f7; width: 23.775%;\">4G<\/td>\r\n<td style=\"text-align: center; background-color: #f7f7f7; width: 21.2341%;\">900 MHz<\/td>\r\n<td style=\"text-align: center; background-color: #f7f7f7; width: 20.5082%;\">2 x 5 MHz<\/td>\r\n<td style=\"text-align: center; background-color: #f7f7f7; width: 11.4907%;\">\r\n<p><strong>48.95 mbps Down<\/strong><\/p>\r\n<p>18.75 mbps Up<\/p>\r\n<\/td>\r\n<td style=\"text-align: center; background-color: #f7f7f7; width: 11.4907%;\">\r\n<p>97.9 mbps down<\/p>\r\n<p>18.75 mbps Up<\/p>\r\n<\/td>\r\n<\/tr>\r\n<tr style=\"height: 48px;\">\r\n<td style=\"text-align: center; height: 48px; background-color: #f7f7f7; width: 23.775%;\">4G<\/td>\r\n<td style=\"text-align: center; height: 48px; background-color: #f7f7f7; width: 21.2341%;\">1800 MHz<\/td>\r\n<td style=\"text-align: center; height: 48px; background-color: #f7f7f7; width: 20.5082%;\">2 x 15 MHz<\/td>\r\n<td style=\"text-align: center; background-color: #f7f7f7; width: 11.4907%;\">\r\n<p><strong>146.85 mbps Down<br \/>\r\n<\/strong><\/p>\r\n<p>56.25 mbps Up<\/p>\r\n<\/td>\r\n<td style=\"text-align: center; background-color: #f7f7f7; width: 11.4907%;\">\r\n<p>&nbsp;<\/p>\r\n<p><strong>293.7 mbps Down<br \/>\r\n<\/strong><\/p>\r\n<p>56.25 mbps Up<\/p>\r\n<p><strong>\u00a0<\/strong><\/p>\r\n<\/td>\r\n<\/tr>\r\n<tr>\r\n<td style=\"text-align: center; background-color: #f7f7f7; width: 23.775%;\">4G<\/td>\r\n<td style=\"text-align: center; background-color: #f7f7f7; width: 21.2341%;\">2100 MHz<\/td>\r\n<td style=\"text-align: center; background-color: #f7f7f7; width: 20.5082%;\">2 x 15 MHz<\/td>\r\n<td style=\"text-align: center; background-color: #f7f7f7; width: 11.4907%;\">\r\n<p>&nbsp;<\/p>\r\n<p><strong>146.85 mbps Down<\/strong><\/p>\r\n<p>56.25 mbps Up<\/p>\r\n<\/td>\r\n<td style=\"text-align: center; background-color: #f7f7f7; width: 11.4907%;\">\r\n<p>&nbsp;<\/p>\r\n<p><strong>293.7 mbps Down<\/strong><\/p>\r\n<p>56.25 mbps Up<\/p>\r\n<\/td>\r\n<\/tr>\r\n<tr style=\"height: 48px;\">\r\n<td style=\"text-align: center; height: 48px; background-color: #f7f7f7; width: 23.775%;\">4G<\/td>\r\n<td style=\"text-align: center; height: 48px; background-color: #f7f7f7; width: 21.2341%;\">2600 MHz<\/td>\r\n<td style=\"text-align: center; height: 48px; background-color: #f7f7f7; width: 20.5082%;\">2 x 20 MHz<\/td>\r\n<td style=\"text-align: center; background-color: #f7f7f7; width: 11.4907%;\">\r\n<p><strong>195.8 mbps<br \/>\r\n<\/strong><\/p>\r\n<p>75 mbps Up<\/p>\r\n<\/td>\r\n<td style=\"text-align: center; background-color: #f7f7f7; width: 11.4907%;\">\r\n<p>&nbsp;<\/p>\r\n<p><strong>391.6 mbps<br \/>\r\n<\/strong><\/p>\r\n<p>75 mbps Up<\/p>\r\n<p><strong>\u00a0<\/strong><\/p>\r\n<\/td>\r\n<\/tr>\r\n<\/tbody>\r\n<\/table>\r\n\r\n\r\n<p>D\u00e9bits max. en 4G+ avec 2 porteuses (2-CA : <strong>2600 <\/strong>+ 1800 MHz) Mimo 2&#215;2 : <strong>342.65 mbps Down <\/strong>et 75 mbps Up*<\/p>\r\n<p>D\u00e9bits max. en 4G+ avec 2 porteuses (2-CA : <strong>2600 <\/strong>+ 1800 MHz) <strong>Mimo 4&#215;4<\/strong> : <strong>685.3 mbps Down <\/strong>et 75 mbps Up*<\/p>\r\n\r\n\r\n<p>D\u00e9bits max. en 4G++ avec 3 porteuses (3-CA : <strong>2600 <\/strong>+ 1800 + 700 MHz) Mimo 2&#215;2 : <strong>440.55 mbps Down<\/strong> et 75 mbps Up*<\/p>\r\n<p>D\u00e9bits max. en 4G++ avec 3 porteuses (3-CA : <strong>2600 <\/strong>+ 1800 + 700 MHz) <strong>Mimo 4&#215;4<\/strong> : <strong>783.2 mbps Down<\/strong> et 75 mbps Up*<\/p>\r\n<p>D\u00e9bits max. en 4G+++ avec 4 porteuses (4-CA : <strong>2600 <\/strong>+ 2100 + 1800 + 700 MHz) Mimo 2&#215;2 : <strong>587.4 mbps Down<\/strong> et 75 mbps Up*<\/p>\r\n<p>D\u00e9bits max. en 4G+++ avec 4 porteuses (4-CA : <strong>2600 <\/strong>+ 2100 + 1800 + 700 MHz) <strong>Mimo 4&#215;4<\/strong> : <strong>1076.9 mbps Down<\/strong> et 75 mbps Up*<\/p>\r\n<p>\u00a0* avec une porteuse principale en <strong>2600Mhz<\/strong><\/p>\r\n<p>Si vous souhaitez calculer les d\u00e9bits max 4G avec d&rsquo;autres modulations, <a href=\"https:\/\/tools.pedroc.co.uk\/4g-speed\/\">cliquez ce lien.<\/a><\/p>\r\n<hr \/>\r\n<p>D\u00e9bits maximums th\u00e9oriques pour la <strong>5G NSA en 3500 MHz (spectre 70MHz) + CC<\/strong> :<strong><br \/>\r\n<\/strong><\/p>\r\n<table style=\"border-collapse: collapse; width: 105.6%; height: 119px;\">\r\n<tbody>\r\n<tr style=\"background-color: #e1e1e1; height: 80px;\">\r\n<td style=\"height: 24px; width: 25%; text-align: center;\"><strong>Technologie<\/strong><\/td>\r\n<td style=\"height: 24px; width: 25%; text-align: center;\"><strong>Fr\u00e9quence<\/strong><\/td>\r\n<td style=\"height: 24px; width: 25%; text-align: center;\"><strong>Spectre<\/strong><\/td>\r\n<td style=\"height: 24px; width: 25%; text-align: center;\"><strong>D\u00e9bits Th\u00e9oriques <\/strong><\/td>\r\n<\/tr>\r\n<tr>\r\n<td style=\"width: 25%; text-align: center;\">\r\n<p>&nbsp;<\/p>\r\n<p>5G<\/p>\r\n<p>&nbsp;<\/p>\r\n<\/td>\r\n<td style=\"width: 25%; text-align: center;\">3500 MHz<\/td>\r\n<td style=\"width: 25%; text-align: center;\">70 MHz<\/td>\r\n<td style=\"width: 25%; text-align: center;\"><strong>1164 mbps Down \u00b9<\/strong><\/td>\r\n<\/tr>\r\n<\/tbody>\r\n<\/table>\r\n<p style=\"text-align: right;\"><em>\u00b9 TDD N78 : <\/em><em>SCS 30khz, bandwdith 70 MHz, pattern 5 ms, slots 7\/2, symbols 6\/4, downlink layer 4, modulation 256 QAM<\/em><\/p>\r\n<p>&nbsp;<\/p>\r\n<p>D\u00e9bits max. en 5G NSA 3500MHZ (N78) avec 1 porteuse (3500 + 2600 MHz <strong>Mimo 2&#215;2)<\/strong> : <strong>1359.8 mbps Down<\/strong><\/p>\r\n<p>D\u00e9bits max. en 5G NSA 3500MHZ (N78) avec 1 porteuse (3500 + 2600 MHz <strong>Mimo 4&#215;4)<\/strong> : <strong>1555.6 mbps Down<\/strong><\/p>\r\n<p>D\u00e9bits max. en 5G NSA 3500MHZ (N78) avec 2 porteuses (3500 + 2-CC : 2600 + 1800 MHz <strong>Mimo 2&#215;2)<\/strong> : <strong>1506.65 mbps Down<\/strong><\/p>\r\n<p>D\u00e9bits max. en 5G NSA 3500MHZ (N78) avec 2 porteuses (3500 + 2-CC : 2600 + 1800 MHz <strong>Mimo 4&#215;4)<\/strong> : <strong>1849.9 mbps Down<\/strong><\/p>\r\n<p>D\u00e9bits max. en 5G NSA 3500MHZ (N78) avec 3 porteuses (3500 + 3-CC : 2600 + 1800 + 700 MHz <strong>Mimo 2&#215;2)<\/strong> : <strong>1604.55 mbps Down<\/strong><\/p>\r\n<p>D\u00e9bits max. en 5G NSA 3500MHZ (N78) avec 3 porteuses (3500 + 3-CC : 2600 + 1800 + 700 MHz <strong>Mimo 4&#215;4)<\/strong> :\u00a0<strong>1947.2 mbps Down<\/strong><\/p>\r\n<p>D\u00e9bits max. en 5G NSA 3500MHZ (N78) avec 4 porteuses (3500 + 4-CC : 2600 + 2100 + 1800 + 700 MHz <strong>Mimo 2&#215;2)<\/strong> : <strong>1751.4 mbps Down<\/strong><\/p>\r\n<p>D\u00e9bits max. en 5G NSA 3500MHZ (N78) avec 4 porteuses (3500 + 4-CC : 2600 + 2100 + 1800 + 700 MHz <strong>Mimo 4&#215;4)<\/strong> : <strong>2240.9 mbps Down<\/strong><\/p>\r\n\r\n\r\n<p>Si vous souhaitez calculer les d\u00e9bits max 5G avec d&rsquo;autres modulations <a href=\"https:\/\/handymenny.github.io\/throughput-calculator\/nr\/\" target=\"_blank\" rel=\"noopener\">c&rsquo;est par ici.<\/a><\/p>\r\n\r\n<p><!--EndFragment--><\/p>\r\n<p>Auteur de l&rsquo;article : <a href=\"https:\/\/twitter.com\/vachegti\" target=\"_blank\" rel=\"noopener noreferrer\">VacheGTI<\/a><\/p>","protected":false},"excerpt":{"rendered":"<p>Freemobile dispose de plusieurs licences qui l&rsquo;autorisent \u00e0 \u00e9mettre dans diff\u00e9rentes bandes de fr\u00e9quences :\u00a0700 MHz (B28\/N28), 900 MHz (B8), 1800 MHz (B3), 2100 MHz (B1), 2600 MHz (B7), 3500 MHz (N78). D\u00e9bits maximums th\u00e9oriques pour la 3G en 2100\/900 MHz : Technologie Fr\u00e9quence Spectre D\u00e9bits Th\u00e9oriques H+ SC 900 MHz 2 x 5 MHz [&hellip;]<\/p>\n","protected":false},"author":2,"featured_media":0,"parent":0,"menu_order":0,"comment_status":"closed","ping_status":"closed","template":"","meta":{"footnotes":""},"class_list":["post-31","page","type-page","status-publish","hentry"],"_links":{"self":[{"href":"https:\/\/wp.rncmobile.net\/index.php\/wp-json\/wp\/v2\/pages\/31","targetHints":{"allow":["GET"]}}],"collection":[{"href":"https:\/\/wp.rncmobile.net\/index.php\/wp-json\/wp\/v2\/pages"}],"about":[{"href":"https:\/\/wp.rncmobile.net\/index.php\/wp-json\/wp\/v2\/types\/page"}],"author":[{"embeddable":true,"href":"https:\/\/wp.rncmobile.net\/index.php\/wp-json\/wp\/v2\/users\/2"}],"replies":[{"embeddable":true,"href":"https:\/\/wp.rncmobile.net\/index.php\/wp-json\/wp\/v2\/comments?post=31"}],"version-history":[{"count":89,"href":"https:\/\/wp.rncmobile.net\/index.php\/wp-json\/wp\/v2\/pages\/31\/revisions"}],"predecessor-version":[{"id":13983,"href":"https:\/\/wp.rncmobile.net\/index.php\/wp-json\/wp\/v2\/pages\/31\/revisions\/13983"}],"wp:attachment":[{"href":"https:\/\/wp.rncmobile.net\/index.php\/wp-json\/wp\/v2\/media?parent=31"}],"curies":[{"name":"wp","href":"https:\/\/api.w.org\/{rel}","templated":true}]}}