{"id":4694,"date":"2021-01-25T13:21:43","date_gmt":"2021-01-25T11:21:43","guid":{"rendered":"https:\/\/wp.rncmobile.net\/?page_id=4694"},"modified":"2026-01-07T20:34:23","modified_gmt":"2026-01-07T18:34:23","slug":"guide-utilisation","status":"publish","type":"page","link":"https:\/\/wp.rncmobile.net\/index.php\/guide-utilisation\/","title":{"rendered":"Guide d&rsquo;utilisation"},"content":{"rendered":"<h1 style=\"text-align: center;\" align=\"center\"><span style=\"font-size: 18pt;\">Description des formes et des couleurs utilis\u00e9es pour repr\u00e9senter les antennes<\/span><\/h1>\n<hr \/>\n<h2><span style=\"font-family: Droid Sans, sans-serif; font-size: 14pt;\"><b>Sites du r\u00e9seau propre<\/b><\/span><\/h2>\n<p align=\"left\"><span style=\"font-size: 12pt;\"><span style=\"font-family: Droid Sans, sans-serif;\">L<\/span><span style=\"font-family: Droid Sans, sans-serif;\">es sites<\/span><span style=\"font-family: Droid Sans, sans-serif;\"> sont repr\u00e9sent\u00e9s par un <\/span><span style=\"font-family: Droid Sans, sans-serif;\">petit <\/span><strong><span style=\"font-family: Droid Sans, sans-serif;\">c<\/span><span style=\"font-family: Droid Sans, sans-serif;\">ercle<\/span><\/strong><span style=\"font-family: Droid Sans, sans-serif;\"> partag\u00e9 en deux ou trois secteurs repr\u00e9sentant les technologies utilis\u00e9es par Freemobile (3G, 4G &amp; 5G).<\/span><\/span><\/p>\n<p align=\"left\"><span style=\"font-family: Droid Sans, sans-serif; font-size: 12pt;\">Chaque technologie est marqu\u00e9e d\u2019une couleur repr\u00e9sentant l\u2019\u00e9tat d\u2019avancement du site pour cette technologie selon les donn\u00e9es de l\u2019ANFR et le progr\u00e8s de la collecte de la communaut\u00e9 RNCmobile :<\/span><\/p>\n<ul>\n<li><span style=\"font-family: Droid Sans, sans-serif; font-size: 12pt;\">Couleur blanche avec hachures grises : la technologie n\u2019est pas pr\u00e9vue,<\/span><\/li>\n<li><span style=\"font-size: 12pt;\"><span style=\"font-family: Droid Sans, sans-serif;\">Couleur r<\/span><span style=\"font-family: Droid Sans, sans-serif;\">ouge<\/span><span style=\"font-family: Droid Sans, sans-serif;\"> : la technologie e<\/span><span style=\"font-family: Droid Sans, sans-serif;\">st en \u00ab\u00a0projet approuv\u00e9\u00a0\u00bb (accord d&rsquo;implantation par l\u2019ANFR),<\/span><\/span><\/li>\n<li><span style=\"font-size: 12pt;\"><span style=\"font-family: Droid Sans, sans-serif;\">Couleur g<\/span><span style=\"font-family: Droid Sans, sans-serif;\">rise<\/span><span style=\"font-family: Droid Sans, sans-serif;\"> : la technologie est \u00ab\u00a0en service\u00a0\u00bb (ou \u00ab\u00a0techniquement op\u00e9rationnelle\u00a0\u00bb <\/span><span style=\"font-family: Droid Sans, sans-serif;\">pour la 5G selon l\u2019ANFR &#8211; la mise en service commerciale figure dans les donn\u00e9es ARCEP). Toutefois, elle n\u2019a pas \u00e9t\u00e9 identifi\u00e9e par la communaut\u00e9 RNCmobile,<\/span><\/span><\/li>\n<li><span style=\"font-size: 12pt;\"><span style=\"font-family: Droid Sans, sans-serif;\">Couleur v<\/span><span style=\"font-family: Droid Sans, sans-serif;\">erte<\/span><span style=\"font-family: Droid Sans, sans-serif;\"> : la technologie est <\/span><span style=\"font-family: Droid Sans, sans-serif;\">en service <\/span><span style=\"font-family: Droid Sans, sans-serif;\">et a \u00e9t\u00e9 identifi\u00e9e par la communaut\u00e9 sur l&rsquo;une des fr\u00e9quences autoris\u00e9es (voire seulement approuv\u00e9es),<\/span><\/span><\/li>\n<li><span style=\"font-size: 12pt;\"><span style=\"font-family: Droid Sans, sans-serif;\">Couleur orange (application uniquement) : utilis\u00e9e pour marquer le site sur lequel le mobile est connect\u00e9. Le secteur correspondant \u00e0 la technologie en cours d\u2019utilisation appara\u00eet en orange.<\/span><\/span><\/li>\n<\/ul>\n<hr \/>\n<p align=\"left\"><span style=\"font-family: Droid Sans, sans-serif; font-size: 12pt;\">Exemples :<\/span><\/p>\n<hr \/>\n<h3 align=\"left\">1) Site en service (les gNB\/eNB\/RNC sont affich\u00e9s si identifi\u00e9s)<\/h3>\n<p align=\"left\"><a href=\"https:\/\/wp.rncmobile.net\/wp-content\/uploads\/2026\/01\/Site_Reseau_propre_2026-01-07.png\"><img loading=\"lazy\" decoding=\"async\" class=\"aligncenter wp-image-15692 size-full\" src=\"https:\/\/wp.rncmobile.net\/wp-content\/uploads\/2026\/01\/Site_Reseau_propre_2026-01-07.png\" alt=\"\" width=\"1162\" height=\"643\" srcset=\"https:\/\/wp.rncmobile.net\/wp-content\/uploads\/2026\/01\/Site_Reseau_propre_2026-01-07.png 1162w, https:\/\/wp.rncmobile.net\/wp-content\/uploads\/2026\/01\/Site_Reseau_propre_2026-01-07-300x166.png 300w, https:\/\/wp.rncmobile.net\/wp-content\/uploads\/2026\/01\/Site_Reseau_propre_2026-01-07-1024x567.png 1024w, https:\/\/wp.rncmobile.net\/wp-content\/uploads\/2026\/01\/Site_Reseau_propre_2026-01-07-768x425.png 768w, https:\/\/wp.rncmobile.net\/wp-content\/uploads\/2026\/01\/Site_Reseau_propre_2026-01-07-624x345.png 624w\" sizes=\"auto, (max-width: 1162px) 100vw, 1162px\" \/><\/a><\/p>\n<hr \/>\n<h3>2) Site en projet approuv\u00e9 (seul l&rsquo;identifiant RNCmobile du support est affich\u00e9 en absence d&rsquo;identification) :<\/h3>\n<p align=\"left\"><a href=\"https:\/\/wp.rncmobile.net\/wp-content\/uploads\/2026\/01\/Site_Reseau_propre_PA_2026-01-07.png\"><img loading=\"lazy\" decoding=\"async\" class=\"aligncenter wp-image-15693 size-full\" src=\"https:\/\/wp.rncmobile.net\/wp-content\/uploads\/2026\/01\/Site_Reseau_propre_PA_2026-01-07.png\" alt=\"\" width=\"1065\" height=\"667\" srcset=\"https:\/\/wp.rncmobile.net\/wp-content\/uploads\/2026\/01\/Site_Reseau_propre_PA_2026-01-07.png 1065w, https:\/\/wp.rncmobile.net\/wp-content\/uploads\/2026\/01\/Site_Reseau_propre_PA_2026-01-07-300x188.png 300w, https:\/\/wp.rncmobile.net\/wp-content\/uploads\/2026\/01\/Site_Reseau_propre_PA_2026-01-07-1024x641.png 1024w, https:\/\/wp.rncmobile.net\/wp-content\/uploads\/2026\/01\/Site_Reseau_propre_PA_2026-01-07-768x481.png 768w, https:\/\/wp.rncmobile.net\/wp-content\/uploads\/2026\/01\/Site_Reseau_propre_PA_2026-01-07-624x391.png 624w\" sizes=\"auto, (max-width: 1065px) 100vw, 1065px\" \/><\/a><\/p>\n<hr \/>\n<h2 style=\"text-align: left;\" align=\"center\"><span style=\"font-size: 14pt;\"><span style=\"font-family: Droid Sans, sans-serif;\"><b>Sites p<\/b><\/span><span style=\"font-family: Droid Sans, sans-serif;\"><b>artag\u00e9s en int\u00e9rieur de locaux et \u00e9quipements<\/b><\/span><\/span><\/h2>\n<p align=\"left\"><strong><span style=\"font-family: Droid Sans, sans-serif; font-size: 12pt;\">1) Cas des sites d\u00e9clar\u00e9s \u00e0 l\u2019ANFR :<br \/>\n<\/span><\/strong><span style=\"font-size: 12pt;\"><span style=\"font-family: Droid Sans, sans-serif;\">Ils sont repr\u00e9sent\u00e9s par un <\/span><span style=\"font-family: Droid Sans, sans-serif;\">petit <\/span><strong><span style=\"font-family: Droid Sans, sans-serif;\">c<\/span><span style=\"font-family: Droid Sans, sans-serif;\">arr\u00e9<\/span><\/strong><span style=\"font-family: Droid Sans, sans-serif;\"> partag\u00e9 en trois secteurs repr\u00e9sentant les 3 technologies utilis\u00e9es (3G, 4G &amp; 5G). <br \/>\nCes sites \u00e9tant partag\u00e9s entre plusieurs op\u00e9rateurs, ils sont le plus souvent dot\u00e9s de la 3G. En revanche, ils sont peu nombreux \u00e0 \u00eatre dot\u00e9s de la 5G.<br \/>\n<\/span><\/span><\/p>\n<hr \/>\n<p align=\"left\"><span style=\"font-family: Droid Sans, sans-serif; font-size: 12pt;\">Exemple :<\/span><\/p>\n<p align=\"left\"><a href=\"https:\/\/wp.rncmobile.net\/wp-content\/uploads\/2026\/01\/Site_Reseau_partage_2026-01-07.png\"><img loading=\"lazy\" decoding=\"async\" class=\"aligncenter wp-image-15694 size-full\" src=\"https:\/\/wp.rncmobile.net\/wp-content\/uploads\/2026\/01\/Site_Reseau_partage_2026-01-07.png\" alt=\"\" width=\"775\" height=\"605\" srcset=\"https:\/\/wp.rncmobile.net\/wp-content\/uploads\/2026\/01\/Site_Reseau_partage_2026-01-07.png 775w, https:\/\/wp.rncmobile.net\/wp-content\/uploads\/2026\/01\/Site_Reseau_partage_2026-01-07-300x234.png 300w, https:\/\/wp.rncmobile.net\/wp-content\/uploads\/2026\/01\/Site_Reseau_partage_2026-01-07-768x600.png 768w, https:\/\/wp.rncmobile.net\/wp-content\/uploads\/2026\/01\/Site_Reseau_partage_2026-01-07-624x487.png 624w\" sizes=\"auto, (max-width: 775px) 100vw, 775px\" \/><\/a><\/p>\n<hr \/>\n<p><strong><span style=\"font-family: Droid Sans, sans-serif; font-size: 12pt;\">2) Cas des sites non d\u00e9clar\u00e9s \u00e0 l\u2019ANFR (Hors ANFR) :<br \/>\n<\/span><\/strong><span style=\"font-family: Droid Sans, sans-serif; font-size: 12pt;\">Il s&rsquo;agit principalement de sites partag\u00e9s de puissance d&rsquo;\u00e9mission inf\u00e9rieure \u00e0 5W.<\/span><\/p>\n<p><span style=\"font-size: 12pt;\"><span style=\"font-family: Droid Sans, sans-serif;\">Ils sont repr\u00e9sent\u00e9s par un <\/span><span style=\"font-family: Droid Sans, sans-serif;\">petit<\/span><strong><span style=\"font-family: Droid Sans, sans-serif;\"> c<\/span><span style=\"font-family: Droid Sans, sans-serif;\">arr\u00e9<\/span><\/strong><span style=\"font-family: Droid Sans, sans-serif;\"> partag\u00e9 en trois secteurs repr\u00e9sentant les 3 technologies utilis\u00e9es (3G, 4G &amp; 5G). <br \/>\n<\/span><span style=\"font-family: Droid Sans, sans-serif;\">S\u2019agissant de <\/span><span style=\"font-family: Droid Sans, sans-serif;\">sites<\/span><span style=\"font-family: Droid Sans, sans-serif;\"> non d\u00e9clar\u00e9s \u00e0 <\/span><span style=\"font-family: Droid Sans, sans-serif;\">l\u2019<\/span><span style=\"font-family: Droid Sans, sans-serif;\">ANFR, <\/span><span style=\"font-family: Droid Sans, sans-serif;\">donc en absence d\u2019informations sur les technologies utilis\u00e9es<\/span><span style=\"font-family: Droid Sans, sans-serif;\">, les t<\/span><span style=\"font-family: Droid Sans, sans-serif;\">echnologies<\/span><span style=\"font-family: Droid Sans, sans-serif;\">\u00a0identifi\u00e9<\/span><span style=\"font-family: Droid Sans, sans-serif;\">e<\/span><span style=\"font-family: Droid Sans, sans-serif;\">s sont marqu\u00e9<\/span><span style=\"font-family: Droid Sans, sans-serif;\">e<\/span><span style=\"font-family: Droid Sans, sans-serif;\">s en mauve, <\/span><span style=\"font-family: Droid Sans, sans-serif;\">les autres restent en blanc<\/span><span style=\"font-family: Droid Sans, sans-serif;\">.<br \/>\nLes fr\u00e9quences du pav\u00e9 respectent les couleurs habituelles.<\/p>\n<p><\/span><\/span><\/p>\n<hr \/>\n<p><span style=\"font-family: Droid Sans, sans-serif; font-size: 12pt;\">Exemple :<\/span><a href=\"https:\/\/wp.rncmobile.net\/wp-content\/uploads\/2026\/01\/Site_Reseau_partage_HANFR_2026-01-07.png\"><img loading=\"lazy\" decoding=\"async\" class=\"aligncenter wp-image-15695 size-full\" src=\"https:\/\/wp.rncmobile.net\/wp-content\/uploads\/2026\/01\/Site_Reseau_partage_HANFR_2026-01-07.png\" alt=\"\" width=\"1015\" height=\"629\" srcset=\"https:\/\/wp.rncmobile.net\/wp-content\/uploads\/2026\/01\/Site_Reseau_partage_HANFR_2026-01-07.png 1015w, https:\/\/wp.rncmobile.net\/wp-content\/uploads\/2026\/01\/Site_Reseau_partage_HANFR_2026-01-07-300x186.png 300w, https:\/\/wp.rncmobile.net\/wp-content\/uploads\/2026\/01\/Site_Reseau_partage_HANFR_2026-01-07-768x476.png 768w, https:\/\/wp.rncmobile.net\/wp-content\/uploads\/2026\/01\/Site_Reseau_partage_HANFR_2026-01-07-624x387.png 624w\" sizes=\"auto, (max-width: 1015px) 100vw, 1015px\" \/><\/a><\/p>\n<hr \/>\n<h2 style=\"text-align: left;\" align=\"center\"><span style=\"font-family: Droid Sans, sans-serif; font-size: 14pt;\"><b>Sites en zone blanche<\/b><\/span><\/h2>\n<p align=\"left\"><span style=\"font-size: 12pt;\"><span style=\"font-family: Droid Sans, sans-serif;\">Ils sont repr\u00e9sent\u00e9s par un c<\/span><span style=\"font-family: Droid Sans, sans-serif;\">ercle<\/span><span style=\"font-family: Droid Sans, sans-serif;\"> partag\u00e9 en d<\/span><span style=\"font-family: Droid Sans, sans-serif;\">eux<\/span><span style=\"font-family: Droid Sans, sans-serif;\"> secteurs repr\u00e9sentant les <\/span><span style=\"font-family: Droid Sans, sans-serif;\">deux\u00a0 <\/span><span style=\"font-family: Droid Sans, sans-serif;\">technologies utilis\u00e9es e<\/span><span style=\"font-family: Droid Sans, sans-serif;\">n zone blanche<\/span><span style=\"font-family: Droid Sans, sans-serif;\"> (3G, 4G).<\/span><\/span><\/p>\n<ul>\n<li><span style=\"font-family: Droid Sans, sans-serif; font-size: 12pt;\">Couleur blanche : la technologie n\u2019est pas pr\u00e9vue \u00e0 ce stade,<\/span><\/li>\n<li><span style=\"font-size: 12pt;\"><span style=\"font-family: Droid Sans, sans-serif;\">Couleur r<\/span><span style=\"font-family: Droid Sans, sans-serif;\">ouge<\/span><span style=\"font-family: Droid Sans, sans-serif;\"> : la technologie e<\/span><span style=\"font-family: Droid Sans, sans-serif;\">st en \u00ab\u00a0projet approuv\u00e9\u00a0\u00bb,<\/span><\/span><\/li>\n<li><span style=\"font-size: 12pt;\"><span style=\"font-family: Droid Sans, sans-serif;\">Couleur b<\/span><span style=\"font-family: Droid Sans, sans-serif;\">leu ciel<\/span><span style=\"font-family: Droid Sans, sans-serif;\"> : la technologie est \u00ab\u00a0en service\u00a0\u00bb<\/span><span style=\"font-family: Droid Sans, sans-serif;\">, mais n\u2019a pas \u00e9t\u00e9 identifi\u00e9e par la communaut\u00e9,<\/span><\/span><\/li>\n<li><span style=\"font-size: 12pt;\"><span style=\"font-family: Droid Sans, sans-serif;\">Couleur b<\/span><span style=\"font-family: Droid Sans, sans-serif;\">leu fonc\u00e9<\/span><span style=\"font-family: Droid Sans, sans-serif;\"> : la technologie est \u00ab\u00a0<\/span><span style=\"font-family: Droid Sans, sans-serif;\">en service\u00a0\u00bb et a \u00e9t\u00e9 identifi\u00e9e par la communaut\u00e9,<\/span><\/span><\/li>\n<\/ul>\n<hr \/>\n<h3><a href=\"https:\/\/wp.rncmobile.net\/wp-content\/uploads\/2025\/12\/Coouleurs_RNCmobile_2025-12-24_N\u00b05.png\">Site non identifi\u00e9<\/a><a href=\"https:\/\/wp.rncmobile.net\/wp-content\/uploads\/2026\/01\/Site_Reseau_ZB_NI_2026-01-07.png\"><img loading=\"lazy\" decoding=\"async\" class=\"aligncenter wp-image-15696 size-full\" src=\"https:\/\/wp.rncmobile.net\/wp-content\/uploads\/2026\/01\/Site_Reseau_ZB_NI_2026-01-07.png\" alt=\"\" width=\"1020\" height=\"680\" srcset=\"https:\/\/wp.rncmobile.net\/wp-content\/uploads\/2026\/01\/Site_Reseau_ZB_NI_2026-01-07.png 1020w, https:\/\/wp.rncmobile.net\/wp-content\/uploads\/2026\/01\/Site_Reseau_ZB_NI_2026-01-07-300x200.png 300w, https:\/\/wp.rncmobile.net\/wp-content\/uploads\/2026\/01\/Site_Reseau_ZB_NI_2026-01-07-768x512.png 768w, https:\/\/wp.rncmobile.net\/wp-content\/uploads\/2026\/01\/Site_Reseau_ZB_NI_2026-01-07-624x416.png 624w\" sizes=\"auto, (max-width: 1020px) 100vw, 1020px\" \/><\/a><\/h3>\n<hr \/>\n<h3><a href=\"https:\/\/wp.rncmobile.net\/wp-content\/uploads\/2025\/12\/Coouleurs_RNCmobile_2025-12-24_N\u00b05.png\">Site identifi\u00e9<\/a><a href=\"https:\/\/wp.rncmobile.net\/wp-content\/uploads\/2026\/01\/Site_Reseau_ZB_ID_2026-01-07.png\"><img loading=\"lazy\" decoding=\"async\" class=\"aligncenter wp-image-15697 size-full\" src=\"https:\/\/wp.rncmobile.net\/wp-content\/uploads\/2026\/01\/Site_Reseau_ZB_ID_2026-01-07.png\" alt=\"\" width=\"873\" height=\"619\" srcset=\"https:\/\/wp.rncmobile.net\/wp-content\/uploads\/2026\/01\/Site_Reseau_ZB_ID_2026-01-07.png 873w, https:\/\/wp.rncmobile.net\/wp-content\/uploads\/2026\/01\/Site_Reseau_ZB_ID_2026-01-07-300x213.png 300w, https:\/\/wp.rncmobile.net\/wp-content\/uploads\/2026\/01\/Site_Reseau_ZB_ID_2026-01-07-768x545.png 768w, https:\/\/wp.rncmobile.net\/wp-content\/uploads\/2026\/01\/Site_Reseau_ZB_ID_2026-01-07-624x442.png 624w\" sizes=\"auto, (max-width: 873px) 100vw, 873px\" \/><\/a><\/h3>\n<hr \/>\n<p><a href=\"https:\/\/wp.rncmobile.net\/wp-content\/uploads\/2019\/06\/Logo_RNCmobile_coin_page.png\"><br \/>\n<img loading=\"lazy\" decoding=\"async\" class=\"aligncenter wp-image-651\" src=\"https:\/\/wp.rncmobile.net\/wp-content\/uploads\/2019\/06\/Logo_RNCmobile_coin_page-150x150.png\" alt=\"\" width=\"100\" height=\"100\" srcset=\"https:\/\/wp.rncmobile.net\/wp-content\/uploads\/2019\/06\/Logo_RNCmobile_coin_page-150x150.png 150w, https:\/\/wp.rncmobile.net\/wp-content\/uploads\/2019\/06\/Logo_RNCmobile_coin_page-300x300.png 300w, https:\/\/wp.rncmobile.net\/wp-content\/uploads\/2019\/06\/Logo_RNCmobile_coin_page.png 512w\" sizes=\"auto, (max-width: 100px) 100vw, 100px\" \/><\/a><\/p>\n","protected":false},"excerpt":{"rendered":"<p>Description des formes et des couleurs utilis\u00e9es pour repr\u00e9senter les antennes Sites du r\u00e9seau propre Les sites sont repr\u00e9sent\u00e9s par un petit cercle partag\u00e9 en deux ou trois secteurs repr\u00e9sentant les technologies utilis\u00e9es par Freemobile (3G, 4G &amp; 5G). Chaque technologie est marqu\u00e9e d\u2019une couleur repr\u00e9sentant l\u2019\u00e9tat d\u2019avancement du site pour cette technologie selon les [&hellip;]<\/p>\n","protected":false},"author":1,"featured_media":0,"parent":0,"menu_order":0,"comment_status":"closed","ping_status":"closed","template":"","meta":{"footnotes":""},"class_list":["post-4694","page","type-page","status-publish","hentry"],"_links":{"self":[{"href":"https:\/\/wp.rncmobile.net\/index.php\/wp-json\/wp\/v2\/pages\/4694","targetHints":{"allow":["GET"]}}],"collection":[{"href":"https:\/\/wp.rncmobile.net\/index.php\/wp-json\/wp\/v2\/pages"}],"about":[{"href":"https:\/\/wp.rncmobile.net\/index.php\/wp-json\/wp\/v2\/types\/page"}],"author":[{"embeddable":true,"href":"https:\/\/wp.rncmobile.net\/index.php\/wp-json\/wp\/v2\/users\/1"}],"replies":[{"embeddable":true,"href":"https:\/\/wp.rncmobile.net\/index.php\/wp-json\/wp\/v2\/comments?post=4694"}],"version-history":[{"count":28,"href":"https:\/\/wp.rncmobile.net\/index.php\/wp-json\/wp\/v2\/pages\/4694\/revisions"}],"predecessor-version":[{"id":15699,"href":"https:\/\/wp.rncmobile.net\/index.php\/wp-json\/wp\/v2\/pages\/4694\/revisions\/15699"}],"wp:attachment":[{"href":"https:\/\/wp.rncmobile.net\/index.php\/wp-json\/wp\/v2\/media?parent=4694"}],"curies":[{"name":"wp","href":"https:\/\/api.w.org\/{rel}","templated":true}]}}