{"id":4776,"date":"2021-02-02T09:55:05","date_gmt":"2021-02-02T07:55:05","guid":{"rendered":"https:\/\/wp.rncmobile.net\/?page_id=4776"},"modified":"2024-03-15T15:42:13","modified_gmt":"2024-03-15T13:42:13","slug":"legende","status":"publish","type":"page","link":"https:\/\/wp.rncmobile.net\/index.php\/legende\/","title":{"rendered":"L\u00e9gende"},"content":{"rendered":"<p style=\"text-align: center;\"><strong>Technologie ou fr\u00e9quence<\/strong><\/p>\n<p style=\"text-left: center;\"><img loading=\"lazy\" decoding=\"async\" class=\"alignnone wp-image-4805\" src=\"https:\/\/wp.rncmobile.net\/wp-content\/uploads\/2021\/02\/Legende_blanc.png\" alt=\"\" width=\"22\" height=\"8\" \/> Non pr\u00e9vu (barr\u00e9)<br \/>\n<img loading=\"lazy\" decoding=\"async\" class=\"alignnone wp-image-4810\" src=\"https:\/\/wp.rncmobile.net\/wp-content\/uploads\/2021\/02\/Legende_rouge.png\" alt=\"\" width=\"22\" height=\"8\" \/> En projet<br \/>\n<img loading=\"lazy\" decoding=\"async\" class=\"alignnone wp-image-4810\" src=\"https:\/\/wp.rncmobile.net\/wp-content\/uploads\/2021\/02\/Legende_gris.png\" alt=\"\" width=\"22\" height=\"8\" \/> En service<br \/>\n<img loading=\"lazy\" decoding=\"async\" class=\"alignnone wp-image-4810\" src=\"https:\/\/wp.rncmobile.net\/wp-content\/uploads\/2021\/02\/Legende_vert.png\" alt=\"\" width=\"22\" height=\"8\" \/> Identifi\u00e9<br \/>\n<img loading=\"lazy\" decoding=\"async\" class=\"alignnone wp-image-4810\" src=\"https:\/\/wp.rncmobile.net\/wp-content\/uploads\/2021\/02\/Legende_vert_hachure.png\" alt=\"\" width=\"22\" height=\"8\" \/> Partiellement identifi\u00e9<br \/>\n<img loading=\"lazy\" decoding=\"async\" class=\"alignnone wp-image-4810\" src=\"https:\/\/wp.rncmobile.net\/wp-content\/uploads\/2021\/02\/Legende_bleu_ciel.png\" alt=\"\" width=\"22\" height=\"8\" \/> En service (ZB)<br \/>\n<img loading=\"lazy\" decoding=\"async\" class=\"alignnone wp-image-4810\" src=\"https:\/\/wp.rncmobile.net\/wp-content\/uploads\/2021\/02\/Legende_bleu_fonce.png\" alt=\"\" width=\"22\" height=\"8\" \/> Identifi\u00e9 (ZB)<br \/>\n<img loading=\"lazy\" decoding=\"async\" class=\"alignnone wp-image-4810\" src=\"https:\/\/wp.rncmobile.net\/wp-content\/uploads\/2021\/02\/Legende_mauve.png\" alt=\"\" width=\"22\" height=\"8\" \/> Identifi\u00e9 (hors ANFR)<br \/>\n<img loading=\"lazy\" decoding=\"async\" class=\"alignnone wp-image-4810\" src=\"https:\/\/wp.rncmobile.net\/wp-content\/uploads\/2021\/02\/Legende_orange.png\" alt=\"\" width=\"22\" height=\"8\" \/> Techno connect\u00e9e<\/p>\n<hr \/>\n<p style=\"text-align: left;\"><img loading=\"lazy\" decoding=\"async\" class=\"alignnone wp-image-4837 \" src=\"https:\/\/wp.rncmobile.net\/wp-content\/uploads\/2021\/02\/Legende_site-exterieur.png\" alt=\"\" width=\"22\" height=\"22\" \/>\u00a0Site en ext\u00e9rieur<\/p>\n<p style=\"text-align: left;\"><img loading=\"lazy\" decoding=\"async\" class=\"alignnone wp-image-4839 \" src=\"https:\/\/wp.rncmobile.net\/wp-content\/uploads\/2021\/02\/Legende_site-interieur.png\" alt=\"\" width=\"22\" height=\"22\" \/> Site en int\u00e9rieur<\/p>\n<p style=\"text-align: left;\"><img loading=\"lazy\" decoding=\"async\" class=\"alignnone wp-image-4810\" src=\"https:\/\/wp.rncmobile.net\/wp-content\/uploads\/2021\/02\/Legende_panne.png\" alt=\"\" width=\"22\" height=\"22\" \/> Site en panne<\/p>\n<hr \/>\n<p style=\"text-align: center;\"><strong>Force signal radio<\/strong><\/p>\n<p><img loading=\"lazy\" decoding=\"async\" class=\"alignnone wp-image-8362 size-full\" src=\"https:\/\/wp.rncmobile.net\/wp-content\/uploads\/2024\/03\/Force-signal-radio-legende_new.png\" alt=\"\" width=\"124\" height=\"78\" \/><\/p>\n<hr \/>\n<p style=\"text-align: center;\"><a href=\"https:\/\/rncmobile.net\/wp\/4694\" target=\"_blank\" rel=\"noopener\">Guide d&rsquo;utilisation<\/a><\/p>\n","protected":false},"excerpt":{"rendered":"<p>Technologie ou fr\u00e9quence Non pr\u00e9vu (barr\u00e9) En projet En service Identifi\u00e9 Partiellement identifi\u00e9 En service (ZB) Identifi\u00e9 (ZB) Identifi\u00e9 (hors ANFR) Techno connect\u00e9e \u00a0Site en ext\u00e9rieur Site en int\u00e9rieur Site en panne Force signal radio Guide d&rsquo;utilisation<\/p>\n","protected":false},"author":1,"featured_media":0,"parent":0,"menu_order":0,"comment_status":"closed","ping_status":"closed","template":"","meta":{"footnotes":""},"class_list":["post-4776","page","type-page","status-publish","hentry"],"_links":{"self":[{"href":"https:\/\/wp.rncmobile.net\/index.php\/wp-json\/wp\/v2\/pages\/4776","targetHints":{"allow":["GET"]}}],"collection":[{"href":"https:\/\/wp.rncmobile.net\/index.php\/wp-json\/wp\/v2\/pages"}],"about":[{"href":"https:\/\/wp.rncmobile.net\/index.php\/wp-json\/wp\/v2\/types\/page"}],"author":[{"embeddable":true,"href":"https:\/\/wp.rncmobile.net\/index.php\/wp-json\/wp\/v2\/users\/1"}],"replies":[{"embeddable":true,"href":"https:\/\/wp.rncmobile.net\/index.php\/wp-json\/wp\/v2\/comments?post=4776"}],"version-history":[{"count":75,"href":"https:\/\/wp.rncmobile.net\/index.php\/wp-json\/wp\/v2\/pages\/4776\/revisions"}],"predecessor-version":[{"id":11537,"href":"https:\/\/wp.rncmobile.net\/index.php\/wp-json\/wp\/v2\/pages\/4776\/revisions\/11537"}],"wp:attachment":[{"href":"https:\/\/wp.rncmobile.net\/index.php\/wp-json\/wp\/v2\/media?parent=4776"}],"curies":[{"name":"wp","href":"https:\/\/api.w.org\/{rel}","templated":true}]}}