{"id":5,"date":"2019-03-15T13:42:04","date_gmt":"2019-03-15T13:42:04","guid":{"rendered":"https:\/\/beta.rncmobile.net\/wp\/?page_id=5"},"modified":"2026-04-21T09:58:05","modified_gmt":"2026-04-21T07:58:05","slug":"statistiquesrncmobile","status":"publish","type":"page","link":"https:\/\/wp.rncmobile.net\/index.php\/statistiquesrncmobile\/","title":{"rendered":"Statistiques"},"content":{"rendered":"<h2><span style=\"font-size: 14pt;\"><strong>Collecte : progression de l&rsquo;identification<\/strong><\/span><\/h2>\n<hr \/>\n<p><a href=\"https:\/\/wp.rncmobile.net\/wp-content\/uploads\/2026\/04\/Contributeurs_RNCmobile_2026-04-21.png\"><img loading=\"lazy\" decoding=\"async\" class=\"aligncenter wp-image-16441 size-full\" src=\"https:\/\/wp.rncmobile.net\/wp-content\/uploads\/2026\/04\/Contributeurs_RNCmobile_2026-04-21.png\" alt=\"\" width=\"973\" height=\"548\" srcset=\"https:\/\/wp.rncmobile.net\/wp-content\/uploads\/2026\/04\/Contributeurs_RNCmobile_2026-04-21.png 973w, https:\/\/wp.rncmobile.net\/wp-content\/uploads\/2026\/04\/Contributeurs_RNCmobile_2026-04-21-300x169.png 300w, https:\/\/wp.rncmobile.net\/wp-content\/uploads\/2026\/04\/Contributeurs_RNCmobile_2026-04-21-768x433.png 768w, https:\/\/wp.rncmobile.net\/wp-content\/uploads\/2026\/04\/Contributeurs_RNCmobile_2026-04-21-624x351.png 624w\" sizes=\"auto, (max-width: 973px) 100vw, 973px\" \/><\/a><\/p>\n<hr \/>\n<p><a href=\"https:\/\/wp.rncmobile.net\/wp-content\/uploads\/2026\/04\/Contributeurs_RNCmobile_2026-04-21-H.png\"><img loading=\"lazy\" decoding=\"async\" class=\"aligncenter wp-image-16442 size-full\" src=\"https:\/\/wp.rncmobile.net\/wp-content\/uploads\/2026\/04\/Contributeurs_RNCmobile_2026-04-21-H.png\" alt=\"\" width=\"1154\" height=\"601\" srcset=\"https:\/\/wp.rncmobile.net\/wp-content\/uploads\/2026\/04\/Contributeurs_RNCmobile_2026-04-21-H.png 1154w, https:\/\/wp.rncmobile.net\/wp-content\/uploads\/2026\/04\/Contributeurs_RNCmobile_2026-04-21-H-300x156.png 300w, https:\/\/wp.rncmobile.net\/wp-content\/uploads\/2026\/04\/Contributeurs_RNCmobile_2026-04-21-H-1024x533.png 1024w, https:\/\/wp.rncmobile.net\/wp-content\/uploads\/2026\/04\/Contributeurs_RNCmobile_2026-04-21-H-768x400.png 768w, https:\/\/wp.rncmobile.net\/wp-content\/uploads\/2026\/04\/Contributeurs_RNCmobile_2026-04-21-H-624x325.png 624w\" sizes=\"auto, (max-width: 1154px) 100vw, 1154px\" \/><\/a><\/p>\n<hr \/>\n<p><span style=\"font-size: 12pt;\">Progression de la collecte en 5G SA<\/span><\/p>\n<p><span style=\"font-size: 12pt; color: #00ff00;\">Le lancement officiel de la 5G SA \u00e0 l&rsquo;ensemble des clients 5G sur les sites \u00e9quip\u00e9s de la fr\u00e9quence 3,5 GHz a eu lieu le 18\/09\/2024.\u00a0<br \/>\nAu 21 avril 2026, <strong>8880 <\/strong>sites \u00e9mettant en 5G SA sur <strong>10 919 <\/strong>\u00e9quip\u00e9s en 3500 MHz ont \u00e9t\u00e9 identifi\u00e9s par un contributeur RNCmobile, soit : <strong>81,2%<\/strong> d&rsquo;entre eux.<\/span><\/p>\n<hr \/>\n<h4><span style=\"font-size: 10pt;\">Statistiques sur la collecte des CID par semaine (4G &amp; 5G SA)<\/span><a href=\"https:\/\/wp.rncmobile.net\/wp-content\/uploads\/2026\/04\/Contributeurs_RNCmobile_2026-04-21-S.png\"><img loading=\"lazy\" decoding=\"async\" class=\"aligncenter wp-image-16443 size-full\" src=\"https:\/\/wp.rncmobile.net\/wp-content\/uploads\/2026\/04\/Contributeurs_RNCmobile_2026-04-21-S.png\" alt=\"\" width=\"1182\" height=\"528\" srcset=\"https:\/\/wp.rncmobile.net\/wp-content\/uploads\/2026\/04\/Contributeurs_RNCmobile_2026-04-21-S.png 1182w, https:\/\/wp.rncmobile.net\/wp-content\/uploads\/2026\/04\/Contributeurs_RNCmobile_2026-04-21-S-300x134.png 300w, https:\/\/wp.rncmobile.net\/wp-content\/uploads\/2026\/04\/Contributeurs_RNCmobile_2026-04-21-S-1024x457.png 1024w, https:\/\/wp.rncmobile.net\/wp-content\/uploads\/2026\/04\/Contributeurs_RNCmobile_2026-04-21-S-768x343.png 768w, https:\/\/wp.rncmobile.net\/wp-content\/uploads\/2026\/04\/Contributeurs_RNCmobile_2026-04-21-S-624x279.png 624w\" sizes=\"auto, (max-width: 1182px) 100vw, 1182px\" \/><\/a><span style=\"font-size: 10pt;\">Source : <a href=\"https:\/\/rncmobile.net\/stats\" target=\"_blank\" rel=\"noopener\">https:\/\/rncmobile.net\/stats<\/a><\/span><\/h4>\n<p><em><span style=\"color: #ff0000;\">NB : La 4G b\u00e9n\u00e9ficiait d\u00e9ja de 4 fois plus de fr\u00e9quences. <br \/>\nAvec le lancement r\u00e9cent de la LTE 900, elle en b\u00e9n\u00e9ficie de 5 contre une seule pour la 5G. <br \/>\nPour la 3G obsol\u00e8te,il reste encore quelques cas \u00e0 identifier en r\u00e9seau propre et les sites en zone blanche, voire partag\u00e9s.<\/span><\/em><\/p>\n<p>La forte progression depuis d\u00e9but juillet 2025 repose sur trois facteurs : le lancement effectif de la LTE 900 [<strong>16 017<\/strong>\u00a0sites identifi\u00e9s(*), soit plusieurs milliers par mois], le d\u00e9ploiement soutenu de la LTE 2100 (nouveaux sites et conversion des ~7000 sites SISO non d\u00e9tectables\u00a0 en sites MIMO d\u00e9tectables suite \u00e0 une intervention sur site), l&rsquo;effet des d\u00e9placements estivaux entra\u00eenant la d\u00e9couverte de sites situ\u00e9s \u00e0 l&rsquo;\u00e9cart des d\u00e9placements habituels des contributeurs.<br \/>\n(* sur <strong>24 240<\/strong>\u00a0actifs selon ANFR)<\/p>\n<hr \/>\n<h4><strong>\u00c9volution de la collecte en 4G<br \/>\n<\/strong><\/h4>\n<figure class=\"wp-block-image is-resized\"><a href=\"https:\/\/wp.rncmobile.net\/wp-content\/uploads\/2026\/04\/Contributeurs_RNCmobile_2026-04-21-P.png\"><img loading=\"lazy\" decoding=\"async\" class=\"aligncenter wp-image-16444 size-full\" src=\"https:\/\/wp.rncmobile.net\/wp-content\/uploads\/2026\/04\/Contributeurs_RNCmobile_2026-04-21-P.png\" alt=\"\" width=\"903\" height=\"553\" srcset=\"https:\/\/wp.rncmobile.net\/wp-content\/uploads\/2026\/04\/Contributeurs_RNCmobile_2026-04-21-P.png 903w, https:\/\/wp.rncmobile.net\/wp-content\/uploads\/2026\/04\/Contributeurs_RNCmobile_2026-04-21-P-300x184.png 300w, https:\/\/wp.rncmobile.net\/wp-content\/uploads\/2026\/04\/Contributeurs_RNCmobile_2026-04-21-P-768x470.png 768w, https:\/\/wp.rncmobile.net\/wp-content\/uploads\/2026\/04\/Contributeurs_RNCmobile_2026-04-21-P-624x382.png 624w\" sizes=\"auto, (max-width: 903px) 100vw, 903px\" \/><\/a><\/figure>\n<hr \/>\n<p>Tous les sites ne disposent pas de toutes les fr\u00e9quences notamment les sites situ\u00e9s en zone blanche, les sites d\u00e9di\u00e9s \u00e0 la LGV et les sites partag\u00e9s entre les 4 op\u00e9rateurs.<br \/>\nGr\u00e2ce \u00e0 la zone blanche, le nombre des sites \u00e9quip\u00e9s en 4G\/700MHz d\u00e9passe largement celui des sites \u00e9quip\u00e9s en 4G\/1800MHz, qui lui-m\u00eame d\u00e9passe le nombre des sites \u00e9quip\u00e9s en 4G\/2600 MHz.<br \/>\nLes antennes collect\u00e9es en 4G\/2100 MHz &#8211; dont l&rsquo;autorisation permettant leur activation en 4G ne remonte qu&rsquo;au 21\/08\/2021 &#8211; ne repr\u00e9sentent encore qu&rsquo;une part modeste, mais sont n\u00e9anmoins majoritaires hors zone blanche.<br \/>\nLa conversion de la fr\u00e9quence 900 MHz \u00e0 la 4G entam\u00e9e depuis moins d&rsquo;un an permet d\u00e9j\u00e0 de d\u00e9passer\u00a0<strong>2 sites sur 3<\/strong> en collecte* (voir part en pourcentage des 5 technologies plus bas).<br \/>\n(*) La conversion est totale selon les chiffres de l&rsquo;ANFR puisqu&rsquo;il ne reste que <strong>6673<\/strong>\u00a0sites d\u00e9clar\u00e9s en UMTS, essentiellement les sites en zone blanche.\u00a0<\/p>\n<hr \/>\n<h5><span style=\"font-size: 12pt;\"><strong>\u00c9volution en pourcentage des 5 fr\u00e9quences utilis\u00e9es <\/strong><strong>en\u00a0 4G<\/strong><\/span><\/h5>\n<figure class=\"wp-block-image is-resized\"><a href=\"https:\/\/wp.rncmobile.net\/wp-content\/uploads\/2026\/04\/Contributeurs_RNCmobile_2026-04-21-P-1.png\"><img loading=\"lazy\" decoding=\"async\" class=\"aligncenter wp-image-16445 size-full\" src=\"https:\/\/wp.rncmobile.net\/wp-content\/uploads\/2026\/04\/Contributeurs_RNCmobile_2026-04-21-P-1.png\" alt=\"\" width=\"914\" height=\"547\" srcset=\"https:\/\/wp.rncmobile.net\/wp-content\/uploads\/2026\/04\/Contributeurs_RNCmobile_2026-04-21-P-1.png 914w, https:\/\/wp.rncmobile.net\/wp-content\/uploads\/2026\/04\/Contributeurs_RNCmobile_2026-04-21-P-1-300x180.png 300w, https:\/\/wp.rncmobile.net\/wp-content\/uploads\/2026\/04\/Contributeurs_RNCmobile_2026-04-21-P-1-768x460.png 768w, https:\/\/wp.rncmobile.net\/wp-content\/uploads\/2026\/04\/Contributeurs_RNCmobile_2026-04-21-P-1-624x373.png 624w\" sizes=\"auto, (max-width: 914px) 100vw, 914px\" \/><\/a><\/figure>\n<figure><\/figure>\n<figure><\/figure>\n<figure><\/figure>\n<hr \/>\n<p><span style=\"color: #000000; font-size: 10pt;\"><span style=\"color: #ff0000;\">Rappel : <\/span><br \/>\n<span style=\"color: #ff0000;\">La fr\u00e9quence 700 MHz a vocation \u00e0 \u00eatre utilis\u00e9e sur toutes les antennes. Seules les antennes partag\u00e9es entre les 4 op\u00e9rateurs (M\u00e9tro, Tunnels &amp; \u00c9tablissements en diffusion \u00ab\u00a0Indoor\u00a0\u00bb) peuvent \u00e9chapper \u00e0 cette r\u00e8gle. <\/span><br \/>\n<span style=\"color: #ff0000;\">Les fr\u00e9quences 1800 MHz et 2100 MHz(*) sont aussi utilis\u00e9es sur toutes les antennes \u00e0 l&rsquo;exception des zones blanches. Dans ce cas, la fr\u00e9quence 800 MHz est diffus\u00e9e pour tous les op\u00e9rateurs sur une largeur de bande de 20 MHz (tous les op\u00e9rateurs disposent donc d&rsquo;une largeur de bande de 40 MHz, mais partag\u00e9e entre tous leurs abonn\u00e9s). <\/span><br \/>\n<span style=\"color: #ff0000;\">La fr\u00e9quence 2600 MHz a \u00e9t\u00e9 utilis\u00e9e initialement sur toutes les antennes \u00e9quip\u00e9es en 4G. Cette logique s&rsquo;est poursuivie \u00e0 l&rsquo;exception de 2 situations : les antennes d\u00e9di\u00e9es aux lignes \u00e0 grande vitesse (LGV) et les antennes susceptibles de perturber le fonctionnement d&rsquo;installations analysant les fr\u00e9quences radio (Observatoire de Nan\u00e7ay). <\/span><br \/>\n<span style=\"color: #ff0000;\">Il semble que depuis fin 2024, les antennes situ\u00e9es en zone tr\u00e8s peu dense (zones \u00e0 habitat dispers\u00e9 et tr\u00e8s dispers\u00e9 de l&rsquo;INSEE), ne disposent plus de cette fr\u00e9quence, notamment lorsque Freemobile est contraint par l&rsquo;ARCEP d&rsquo;\u00e9quiper ces sites dans le seul objectif de respecter le quota de 25% de la d\u00e9cision d&rsquo;attribution du 3500 MHz.<\/span><br \/>\n<span style=\"color: #ff0000;\">(*) Une partie des fr\u00e9quences 2100 MHz n&rsquo;est pas d\u00e9tectable (activation massive de <strong>~7100<\/strong> sites les 13, 16 et 17 mai 2024). Toutefois, on peut estimer que le quart des 7000 sites initialement en SISO a pu \u00eatre convertie en MIMO2x2 \u00e0 la suite d&rsquo;une intervention sur site lors d&rsquo;upgrade (5G large bande en Pampa) ou de travaux de maintenance.<\/span><\/span><\/p>\n<hr \/>\n<hr \/>\n<h3 style=\"text-align: center;\">Respect des engagements<\/h3>\n<hr \/>\n<h4><span style=\"font-size: 10pt;\">Cibles Odyss\u00e9e 2024<\/span><\/h4>\n<p><span style=\"font-size: 10pt;\">Dans le cadre de la pr\u00e9sentation du projet Odyss\u00e9e 2024, le groupe ILIAD a annonc\u00e9 le 7 mai 2019 se fixer trois cibles en mati\u00e8re de t\u00e9l\u00e9phonie mobile avant fin 2024.<br \/>\nSource :<a href=\"https:\/\/www.iliad.fr\/media\/CP_070519_CMD.pdf\" target=\"_blank\" rel=\"noopener\"> https:\/\/www.iliad.fr\/media\/CP_070519_CMD.pdf<\/a><\/span><\/p>\n<p><span style=\"font-size: 10pt;\">Odyss\u00e9e 2024 : cible n\u00b0 1 : Cible de 10000 sites 700 MHz en 4G+ d\u00e9pass\u00e9e le 1er novembre 2019.<\/span><\/p>\n<p><span style=\"font-size: 10pt;\">Odyss\u00e9e 2024 : cible n\u00b0 2 : Cible atteinte \u00e0 95% \u00e0 la fin de l&rsquo;ann\u00e9e 2020 et \u00e0 98,7 % \u00e0 ce jour selon l&rsquo;ANFR (les sites r\u00e9siduels correspondent \u00e0 des sites partag\u00e9s entre les 4 op\u00e9rateurs situ\u00e9s en indoor o\u00f9 l&rsquo;int\u00e9r\u00eat du 700 MHz est limit\u00e9).<\/span><\/p>\n<p><span style=\"font-size: 10pt;\">Odyss\u00e9e 2024 : cible n\u00b0 3 : Cible atteinte \u00e0 100 % au 17 ao\u00fbt 2023 selon les chiffres de l&rsquo;ANFR, puisque 25 025 sites disposaient d&rsquo;au moins une fr\u00e9quence 4G active \u00e0 cette date.<\/span><\/p>\n<hr \/>\n<p><span style=\"font-size: 10pt;\"><strong>Engagements \u00ab\u00a0New Deal\u00a0\u00bb<\/strong> : cible n\u00b0 4 : 100 % des sites en zone blanche convertis en 4G. <br \/>\nNon respect\u00e9 globalement.<br \/>\n<span style=\"color: #339966;\">Actualisation : Au 31 d\u00e9cembre 2025, le taux de 96% \u00e0 la date prescrite a \u00e9t\u00e9 port\u00e9 par l&rsquo;ARCEP \u00e0 99,5%. Freemobile \u00e9tait le seul op\u00e9rateur \u00e0 avoir respect\u00e9 la date impos\u00e9e sur le contingent qui lui a \u00e9t\u00e9 attribu\u00e9.<\/span><\/span><\/p>\n<p><span style=\"font-size: 10pt;\"><strong>Engagements \u00ab\u00a0New Deal\u00a0\u00bb<\/strong> : cible n\u00b0 5 : <a href=\"https:\/\/www.arcep.fr\/cartes-et-donnees\/suivi-du-new-deal-mobile.html#c31116\" target=\"_blank\" rel=\"noopener\">Avancement du dispositif de couverture cibl\u00e9e<\/a> (ARCEP 31 d\u00e9cembre 2025) :<\/span><span style=\"font-size: 12pt;\"><br \/>\n<\/span><\/p>\n<p><a href=\"https:\/\/wp.rncmobile.net\/wp-content\/uploads\/2026\/04\/ARCEP_DCC_2026-04-06.png\"><img loading=\"lazy\" decoding=\"async\" class=\"aligncenter wp-image-16330 size-full\" src=\"https:\/\/wp.rncmobile.net\/wp-content\/uploads\/2026\/04\/ARCEP_DCC_2026-04-06.png\" alt=\"\" width=\"756\" height=\"603\" srcset=\"https:\/\/wp.rncmobile.net\/wp-content\/uploads\/2026\/04\/ARCEP_DCC_2026-04-06.png 756w, https:\/\/wp.rncmobile.net\/wp-content\/uploads\/2026\/04\/ARCEP_DCC_2026-04-06-300x239.png 300w, https:\/\/wp.rncmobile.net\/wp-content\/uploads\/2026\/04\/ARCEP_DCC_2026-04-06-624x498.png 624w\" sizes=\"auto, (max-width: 756px) 100vw, 756px\" \/><\/a><\/p>\n<p><span style=\"color: #339966; font-size: 10pt;\"><strong>6 459<\/strong>\u00a0sites actifs en zone blanche (<strong>centre-bourgs<\/strong> et couverture cibl\u00e9e) ont \u00e9t\u00e9 activ\u00e9s au <strong>16\u00a0avril 2026 <\/strong>sur le r\u00e9seau Freemobile.<\/span><span style=\"color: #0000ff; font-size: 12pt;\"><br \/>\n<\/span><\/p>\n<hr \/>\n<h4><a href=\"https:\/\/rncmobile.net\/wp\/12842\" target=\"_blank\" rel=\"noopener\">Obligations ARCEP relatives \u00e0 la d\u00e9cision d&rsquo;attribution de la fr\u00e9quence 3500 MHz.<\/a><\/h4>\n<hr \/>\n<hr \/>\n<h4>\u00a0<\/h4>\n","protected":false},"excerpt":{"rendered":"<p>Collecte : progression de l&rsquo;identification Progression de la collecte en 5G SA Le lancement officiel de la 5G SA \u00e0 l&rsquo;ensemble des clients 5G sur les sites \u00e9quip\u00e9s de la fr\u00e9quence 3,5 GHz a eu lieu le 18\/09\/2024.\u00a0 Au 21 avril 2026, 8880 sites \u00e9mettant en 5G SA sur 10 919 \u00e9quip\u00e9s en 3500 MHz [&hellip;]<\/p>\n","protected":false},"author":3,"featured_media":4377,"parent":0,"menu_order":0,"comment_status":"closed","ping_status":"closed","template":"","meta":{"footnotes":""},"class_list":["post-5","page","type-page","status-publish","has-post-thumbnail","hentry"],"_links":{"self":[{"href":"https:\/\/wp.rncmobile.net\/index.php\/wp-json\/wp\/v2\/pages\/5","targetHints":{"allow":["GET"]}}],"collection":[{"href":"https:\/\/wp.rncmobile.net\/index.php\/wp-json\/wp\/v2\/pages"}],"about":[{"href":"https:\/\/wp.rncmobile.net\/index.php\/wp-json\/wp\/v2\/types\/page"}],"author":[{"embeddable":true,"href":"https:\/\/wp.rncmobile.net\/index.php\/wp-json\/wp\/v2\/users\/3"}],"replies":[{"embeddable":true,"href":"https:\/\/wp.rncmobile.net\/index.php\/wp-json\/wp\/v2\/comments?post=5"}],"version-history":[{"count":1438,"href":"https:\/\/wp.rncmobile.net\/index.php\/wp-json\/wp\/v2\/pages\/5\/revisions"}],"predecessor-version":[{"id":16446,"href":"https:\/\/wp.rncmobile.net\/index.php\/wp-json\/wp\/v2\/pages\/5\/revisions\/16446"}],"wp:featuredmedia":[{"embeddable":true,"href":"https:\/\/wp.rncmobile.net\/index.php\/wp-json\/wp\/v2\/media\/4377"}],"wp:attachment":[{"href":"https:\/\/wp.rncmobile.net\/index.php\/wp-json\/wp\/v2\/media?parent=5"}],"curies":[{"name":"wp","href":"https:\/\/api.w.org\/{rel}","templated":true}]}}