{"id":6974,"date":"2021-10-02T20:41:15","date_gmt":"2021-10-02T18:41:15","guid":{"rendered":"https:\/\/wp.rncmobile.net\/?page_id=6974"},"modified":"2021-10-03T12:38:53","modified_gmt":"2021-10-03T10:38:53","slug":"observatoire-des-debits-evolutions-pour-le-mois-de-septembre-2021","status":"publish","type":"page","link":"https:\/\/wp.rncmobile.net\/index.php\/observatoire-des-debits\/observatoire-des-debits-evolutions-pour-le-mois-de-septembre-2021\/","title":{"rendered":"Observatoire des d\u00e9bits \u2013 \u00e9volutions pour le mois de septembre 2021"},"content":{"rendered":"<p><a href=\"https:\/\/twitter.com\/tomf1zz\/\" target=\"_blank\" rel=\"noopener\"><img loading=\"lazy\" decoding=\"async\" class=\"aligncenter wp-image-5716 size-full\" src=\"https:\/\/wp.rncmobile.net\/wp-content\/uploads\/2021\/05\/Logo-observatoire-rncmobile.png\" alt=\"\" width=\"938\" height=\"677\" srcset=\"https:\/\/wp.rncmobile.net\/wp-content\/uploads\/2021\/05\/Logo-observatoire-rncmobile.png 938w, https:\/\/wp.rncmobile.net\/wp-content\/uploads\/2021\/05\/Logo-observatoire-rncmobile-300x217.png 300w, https:\/\/wp.rncmobile.net\/wp-content\/uploads\/2021\/05\/Logo-observatoire-rncmobile-768x554.png 768w, https:\/\/wp.rncmobile.net\/wp-content\/uploads\/2021\/05\/Logo-observatoire-rncmobile-624x450.png 624w\" sizes=\"auto, (max-width: 938px) 100vw, 938px\" \/><\/a><\/p>\n<h1 style=\"text-align: center;\"><a href=\"https:\/\/twitter.com\/tomf1zz\/\" target=\"_blank\" rel=\"noopener\"><span style=\"font-size: 8pt;\">illustration par TomZZ<\/span><\/a><\/h1>\n<h1>I &#8211; Volume de donn\u00e9es trait\u00e9es<\/h1>\n<p>Apr\u00e8s un ralentissement au mois d&rsquo;avril, li\u00e9 \u00e0 la derni\u00e8re p\u00e9riode de confinement, le nombre de mesures de d\u00e9bit s&rsquo;est stabilis\u00e9 entre 11000 et 12000 tests mensuels comme le montre le graphique ci-dessous.<\/p>\n<p><a href=\"https:\/\/wp.rncmobile.net\/wp-content\/uploads\/2021\/09\/Mois_by_Reseau_2017-08-2021-09.png\"><img loading=\"lazy\" decoding=\"async\" class=\"aligncenter wp-image-6957 size-full\" src=\"https:\/\/wp.rncmobile.net\/wp-content\/uploads\/2021\/09\/Mois_by_Reseau_2017-08-2021-09.png\" alt=\"\" width=\"1025\" height=\"488\" srcset=\"https:\/\/wp.rncmobile.net\/wp-content\/uploads\/2021\/09\/Mois_by_Reseau_2017-08-2021-09.png 1025w, https:\/\/wp.rncmobile.net\/wp-content\/uploads\/2021\/09\/Mois_by_Reseau_2017-08-2021-09-300x143.png 300w, https:\/\/wp.rncmobile.net\/wp-content\/uploads\/2021\/09\/Mois_by_Reseau_2017-08-2021-09-768x366.png 768w, https:\/\/wp.rncmobile.net\/wp-content\/uploads\/2021\/09\/Mois_by_Reseau_2017-08-2021-09-624x297.png 624w\" sizes=\"auto, (max-width: 1025px) 100vw, 1025px\" \/><\/a><\/p>\n<hr \/>\n<p>Et la part des tests en 5G a particuli\u00e8rement progress\u00e9 sur le dernier semestre, en d\u00e9pit de quelques variations saisonni\u00e8res, passant de <strong>33%<\/strong> en mars \u00e0 <strong>44,3%<\/strong> en septembre.<\/p>\n<p><a href=\"https:\/\/wp.rncmobile.net\/wp-content\/uploads\/2021\/09\/Mois_by_Reseau_2017-08-2021-09-1.png\"><img loading=\"lazy\" decoding=\"async\" class=\"aligncenter wp-image-6958 size-full\" src=\"https:\/\/wp.rncmobile.net\/wp-content\/uploads\/2021\/09\/Mois_by_Reseau_2017-08-2021-09-1.png\" alt=\"\" width=\"1049\" height=\"477\" srcset=\"https:\/\/wp.rncmobile.net\/wp-content\/uploads\/2021\/09\/Mois_by_Reseau_2017-08-2021-09-1.png 1049w, https:\/\/wp.rncmobile.net\/wp-content\/uploads\/2021\/09\/Mois_by_Reseau_2017-08-2021-09-1-300x136.png 300w, https:\/\/wp.rncmobile.net\/wp-content\/uploads\/2021\/09\/Mois_by_Reseau_2017-08-2021-09-1-1024x466.png 1024w, https:\/\/wp.rncmobile.net\/wp-content\/uploads\/2021\/09\/Mois_by_Reseau_2017-08-2021-09-1-768x349.png 768w, https:\/\/wp.rncmobile.net\/wp-content\/uploads\/2021\/09\/Mois_by_Reseau_2017-08-2021-09-1-624x284.png 624w\" sizes=\"auto, (max-width: 1049px) 100vw, 1049px\" \/><\/a><\/p>\n<hr \/>\n<h1>II &#8211; R\u00e9partition des tests de d\u00e9bit<\/h1>\n<p><a href=\"https:\/\/wp.rncmobile.net\/wp-content\/uploads\/2021\/09\/ST_Debit_par_techno_2021-10-01-H300.png\"><img loading=\"lazy\" decoding=\"async\" class=\"aligncenter wp-image-6970 size-full\" src=\"https:\/\/wp.rncmobile.net\/wp-content\/uploads\/2021\/09\/ST_Debit_par_techno_2021-10-01-H300.png\" alt=\"\" width=\"773\" height=\"451\" srcset=\"https:\/\/wp.rncmobile.net\/wp-content\/uploads\/2021\/09\/ST_Debit_par_techno_2021-10-01-H300.png 773w, https:\/\/wp.rncmobile.net\/wp-content\/uploads\/2021\/09\/ST_Debit_par_techno_2021-10-01-H300-300x175.png 300w, https:\/\/wp.rncmobile.net\/wp-content\/uploads\/2021\/09\/ST_Debit_par_techno_2021-10-01-H300-768x448.png 768w, https:\/\/wp.rncmobile.net\/wp-content\/uploads\/2021\/09\/ST_Debit_par_techno_2021-10-01-H300-624x364.png 624w\" sizes=\"auto, (max-width: 773px) 100vw, 773px\" \/><\/a><\/p>\n<ul>\n<li>La tranche des d\u00e9bits de 300 \u00e0 400 Mbps a progress\u00e9 de 403 tests en 5G (soit +16%).<\/li>\n<li>La tranche des d\u00e9bits de 400 Mbps \u00e0 500 Mbps a progress\u00e9 de 285 unit\u00e9s (soit +12%).<\/li>\n<li>La tranche des d\u00e9bits de 500 Mbps \u00e0 700 Mbps a progress\u00e9 de 350 unit\u00e9s (soit +15%).<\/li>\n<li>La tranche des d\u00e9bits de plus de 700 Mbps a progress\u00e9 de 86 unit\u00e9s (soit +37%).<\/li>\n<\/ul>\n<hr \/>\n<p><a href=\"https:\/\/wp.rncmobile.net\/wp-content\/uploads\/2021\/09\/ST_Debit_par_techno_2021-10-01-C5G.png\"><img loading=\"lazy\" decoding=\"async\" class=\"aligncenter wp-image-6960 size-full\" src=\"https:\/\/wp.rncmobile.net\/wp-content\/uploads\/2021\/09\/ST_Debit_par_techno_2021-10-01-C5G.png\" alt=\"\" width=\"875\" height=\"571\" srcset=\"https:\/\/wp.rncmobile.net\/wp-content\/uploads\/2021\/09\/ST_Debit_par_techno_2021-10-01-C5G.png 875w, https:\/\/wp.rncmobile.net\/wp-content\/uploads\/2021\/09\/ST_Debit_par_techno_2021-10-01-C5G-300x196.png 300w, https:\/\/wp.rncmobile.net\/wp-content\/uploads\/2021\/09\/ST_Debit_par_techno_2021-10-01-C5G-768x501.png 768w, https:\/\/wp.rncmobile.net\/wp-content\/uploads\/2021\/09\/ST_Debit_par_techno_2021-10-01-C5G-624x407.png 624w\" sizes=\"auto, (max-width: 875px) 100vw, 875px\" \/><\/a><\/p>\n<p>La r\u00e9partition des mesures de d\u00e9bits descendants en 5G a positivement \u00e9volu\u00e9 sur la tranche 400 \u00e0 1000 Mbps en progressant de deux points (de 17 \u00e0 19%), tandis qu&rsquo;elle restait stable pour les tests en 3G et en 4G.<\/p>\n<hr \/>\n<p><a href=\"https:\/\/wp.rncmobile.net\/wp-content\/uploads\/2021\/09\/ST_Debit_par_an_2021-10-01-C2021.png\"><img loading=\"lazy\" decoding=\"async\" class=\"aligncenter wp-image-6961 size-full\" src=\"https:\/\/wp.rncmobile.net\/wp-content\/uploads\/2021\/09\/ST_Debit_par_an_2021-10-01-C2021.png\" alt=\"\" width=\"875\" height=\"571\" srcset=\"https:\/\/wp.rncmobile.net\/wp-content\/uploads\/2021\/09\/ST_Debit_par_an_2021-10-01-C2021.png 875w, https:\/\/wp.rncmobile.net\/wp-content\/uploads\/2021\/09\/ST_Debit_par_an_2021-10-01-C2021-300x196.png 300w, https:\/\/wp.rncmobile.net\/wp-content\/uploads\/2021\/09\/ST_Debit_par_an_2021-10-01-C2021-768x501.png 768w, https:\/\/wp.rncmobile.net\/wp-content\/uploads\/2021\/09\/ST_Debit_par_an_2021-10-01-C2021-624x407.png 624w\" sizes=\"auto, (max-width: 875px) 100vw, 875px\" \/><\/a><\/p>\n<p>Les d\u00e9bits descendants mesur\u00e9s en 2021 dont les valeurs sont comprises entre 400 et 1000 Mbps restent stables \u00e0 environ 6% en septembre.<\/p>\n<hr \/>\n<h1>III &#8211; Comparaison entre 4G et 5G<\/h1>\n<p><a href=\"https:\/\/wp.rncmobile.net\/wp-content\/uploads\/2021\/09\/DL-2.png\"><img loading=\"lazy\" decoding=\"async\" class=\"aligncenter wp-image-6962 size-full\" src=\"https:\/\/wp.rncmobile.net\/wp-content\/uploads\/2021\/09\/DL-2.png\" alt=\"\" width=\"666\" height=\"470\" srcset=\"https:\/\/wp.rncmobile.net\/wp-content\/uploads\/2021\/09\/DL-2.png 666w, https:\/\/wp.rncmobile.net\/wp-content\/uploads\/2021\/09\/DL-2-300x212.png 300w, https:\/\/wp.rncmobile.net\/wp-content\/uploads\/2021\/09\/DL-2-624x440.png 624w\" sizes=\"auto, (max-width: 666px) 100vw, 666px\" \/><\/a><\/p>\n<p>La valeur m\u00e9diane des d\u00e9bits descendants 5G se stabilise entre 160 et 170 Mbps. En 4G, la valeur m\u00e9diane reste stable \u00e0 66 Mbps. En valeur m\u00e9diane, les performances s&rsquo;am\u00e9liorent donc d&rsquo;un facteur 2,50 entre 4G et 5G.<\/p>\n<p><a href=\"https:\/\/wp.rncmobile.net\/wp-content\/uploads\/2021\/09\/UL-2.png\"><img loading=\"lazy\" decoding=\"async\" class=\"aligncenter wp-image-6963 size-full\" src=\"https:\/\/wp.rncmobile.net\/wp-content\/uploads\/2021\/09\/UL-2.png\" alt=\"\" width=\"666\" height=\"470\" srcset=\"https:\/\/wp.rncmobile.net\/wp-content\/uploads\/2021\/09\/UL-2.png 666w, https:\/\/wp.rncmobile.net\/wp-content\/uploads\/2021\/09\/UL-2-300x212.png 300w, https:\/\/wp.rncmobile.net\/wp-content\/uploads\/2021\/09\/UL-2-624x440.png 624w\" sizes=\"auto, (max-width: 666px) 100vw, 666px\" \/><\/a><\/p>\n<p>En valeur m\u00e9diane, les performances s&rsquo;am\u00e9liorent d&rsquo;un facteur 1,74 entre 4G et 5G.<\/p>\n<hr \/>\n<h1>IV &#8211; Les communes disposant de mesures de d\u00e9bits descendants sup\u00e9rieurs \u00e0 400 Mbps<\/h1>\n<p>Sur 5708 tests d\u00e9passant les 400 Mbps, 5671 sont r\u00e9alis\u00e9s en 5G contre 37 en 4G.<\/p>\n<p>Les communes dont le d\u00e9bit descendant exc\u00e8de 400 Mbps sont pass\u00e9es, en septembre de 331 \u00e0 373 montrant la volont\u00e9 de Freemobile de d\u00e9velopper la bande de fr\u00e9quence 3,5 GHz bien au-del\u00e0 des communes les plus peupl\u00e9es.<\/p>\n<p>Tableau des nouvelles communes ajout\u00e9es depuis l&rsquo;observatoire d&rsquo;ao\u00fbt 2021 :<\/p>\n<p><a href=\"https:\/\/wp.rncmobile.net\/wp-content\/uploads\/2021\/09\/45_nouvelles_communes_2021-10-01.png\"><img loading=\"lazy\" decoding=\"async\" class=\"aligncenter wp-image-6966 size-full\" src=\"https:\/\/wp.rncmobile.net\/wp-content\/uploads\/2021\/09\/45_nouvelles_communes_2021-10-01.png\" alt=\"\" width=\"175\" height=\"695\" \/><\/a><\/p>\n<hr \/>\n<h1>V &#8211; Les smartphones les plus utilis\u00e9s pour les tests<\/h1>\n<p>Pour ce qui concerne le parc de mobiles des testeurs, les appareils les plus utilis\u00e9s en 5G conservent un classement assez voisin avec une remont\u00e9e de quelques mod\u00e8les peu pr\u00e9sents ant\u00e9rieurement. Les 25 mod\u00e8les totalisent 96% des tests r\u00e9alis\u00e9s en 5G. Le mod\u00e8le le plus pr\u00e9sent (Oneplus 8 Pro) repr\u00e9sente 16,4% des tests 5G. Il devance le Xiaomi Mi 11 5G qui est utilis\u00e9 dans 11,3% des cas.<\/p>\n<p><a href=\"https:\/\/wp.rncmobile.net\/wp-content\/uploads\/2021\/09\/25_smartphones_2021-10-01.png\"><img loading=\"lazy\" decoding=\"async\" class=\"aligncenter wp-image-6968 size-full\" src=\"https:\/\/wp.rncmobile.net\/wp-content\/uploads\/2021\/09\/25_smartphones_2021-10-01.png\" alt=\"\" width=\"844\" height=\"580\" srcset=\"https:\/\/wp.rncmobile.net\/wp-content\/uploads\/2021\/09\/25_smartphones_2021-10-01.png 844w, https:\/\/wp.rncmobile.net\/wp-content\/uploads\/2021\/09\/25_smartphones_2021-10-01-300x206.png 300w, https:\/\/wp.rncmobile.net\/wp-content\/uploads\/2021\/09\/25_smartphones_2021-10-01-768x528.png 768w, https:\/\/wp.rncmobile.net\/wp-content\/uploads\/2021\/09\/25_smartphones_2021-10-01-624x429.png 624w\" sizes=\"auto, (max-width: 844px) 100vw, 844px\" \/><\/a><\/p>\n<hr \/>\n<p><strong>Voila, cet observatoire est maintenant termin\u00e9, nous vous donnons rendez-vous le mois prochain pour un nouveau !<br \/>\n<\/strong><\/p>\n<p><strong>N&rsquo;h\u00e9sitez pas \u00e0 nous remonter <a href=\"https:\/\/twitter.com\/rncmobile\" target=\"_blank\" rel=\"noopener\">vos remarques via Twitter<\/a>, \u00e0 bient\u00f4t.<\/strong><\/p>\n","protected":false},"excerpt":{"rendered":"<p>illustration par TomZZ I &#8211; Volume de donn\u00e9es trait\u00e9es Apr\u00e8s un ralentissement au mois d&rsquo;avril, li\u00e9 \u00e0 la derni\u00e8re p\u00e9riode de confinement, le nombre de mesures de d\u00e9bit s&rsquo;est stabilis\u00e9 entre 11000 et 12000 tests mensuels comme le montre le graphique ci-dessous. Et la part des tests en 5G a particuli\u00e8rement progress\u00e9 sur le dernier [&hellip;]<\/p>\n","protected":false},"author":2,"featured_media":0,"parent":6996,"menu_order":3,"comment_status":"closed","ping_status":"closed","template":"","meta":{"footnotes":""},"class_list":["post-6974","page","type-page","status-publish","hentry"],"_links":{"self":[{"href":"https:\/\/wp.rncmobile.net\/index.php\/wp-json\/wp\/v2\/pages\/6974","targetHints":{"allow":["GET"]}}],"collection":[{"href":"https:\/\/wp.rncmobile.net\/index.php\/wp-json\/wp\/v2\/pages"}],"about":[{"href":"https:\/\/wp.rncmobile.net\/index.php\/wp-json\/wp\/v2\/types\/page"}],"author":[{"embeddable":true,"href":"https:\/\/wp.rncmobile.net\/index.php\/wp-json\/wp\/v2\/users\/2"}],"replies":[{"embeddable":true,"href":"https:\/\/wp.rncmobile.net\/index.php\/wp-json\/wp\/v2\/comments?post=6974"}],"version-history":[{"count":7,"href":"https:\/\/wp.rncmobile.net\/index.php\/wp-json\/wp\/v2\/pages\/6974\/revisions"}],"predecessor-version":[{"id":6992,"href":"https:\/\/wp.rncmobile.net\/index.php\/wp-json\/wp\/v2\/pages\/6974\/revisions\/6992"}],"up":[{"embeddable":true,"href":"https:\/\/wp.rncmobile.net\/index.php\/wp-json\/wp\/v2\/pages\/6996"}],"wp:attachment":[{"href":"https:\/\/wp.rncmobile.net\/index.php\/wp-json\/wp\/v2\/media?parent=6974"}],"curies":[{"name":"wp","href":"https:\/\/api.w.org\/{rel}","templated":true}]}}