{"id":6996,"date":"2021-10-03T11:35:50","date_gmt":"2021-10-03T09:35:50","guid":{"rendered":"https:\/\/wp.rncmobile.net\/?page_id=6996"},"modified":"2026-02-05T19:03:53","modified_gmt":"2026-02-05T17:03:53","slug":"observatoire-des-debits","status":"publish","type":"page","link":"https:\/\/wp.rncmobile.net\/index.php\/observatoire-des-debits\/","title":{"rendered":"Observatoire des d\u00e9bits"},"content":{"rendered":"<p><a href=\"https:\/\/twitter.com\/tomf1zz\/\" target=\"_blank\" rel=\"noopener\"><img loading=\"lazy\" decoding=\"async\" class=\"wp-image-5716 size-thumbnail alignleft\" src=\"https:\/\/wp.rncmobile.net\/wp-content\/uploads\/2021\/05\/Logo-observatoire-rncmobile-150x150.png\" alt=\"\" width=\"150\" height=\"150\" \/><\/a><\/p>\n<p>&nbsp;<\/p>\n<p>&nbsp;<\/p>\n<blockquote>\n<p><span style=\"font-size: 12pt;\"><a href=\"https:\/\/rncmobile.net\/wp\/15743\" target=\"_blank\" rel=\"noopener\"><strong>&gt;&gt; Observatoire des d\u00e9bits \u2013 Bilan annuel 2025 &lt;&lt;<\/strong><\/a><\/span><\/p>\n<\/blockquote>\n<h2>\u00a0<\/h2>\n<h2><span style=\"text-decoration: underline;\">Archives<\/span> :<\/h2>\n<blockquote>\n<ul>\n<li><a href=\"https:\/\/rncmobile.net\/wp\/14790\" target=\"_blank\" rel=\"noopener\">Observatoire des d\u00e9bits &#8211; Point au premier semestre 2025<\/a><\/li>\n<li><a href=\"https:\/\/rncmobile.net\/wp\/13480\" target=\"_blank\" rel=\"noopener\">Observatoire des d\u00e9bits &#8211; Bilan annuel 2024<\/a><\/li>\n<li><a href=\"https:\/\/rncmobile.net\/wp\/12397\" target=\"_blank\" rel=\"noopener\">Observatoire des d\u00e9bits &#8211; Point au premier semestre 2024<\/a><\/li>\n<li><a href=\"https:\/\/rncmobile.net\/wp\/11013\" target=\"_blank\" rel=\"noopener\">Observatoire des d\u00e9bits &#8211; Bilan annuel 2023<\/a><\/li>\n<li><a href=\"https:\/\/rncmobile.net\/wp\/11400\" target=\"_blank\" rel=\"noopener\">Observatoire des d\u00e9bits \u2013 Zoom sur 20 grandes villes de France (ann\u00e9e 2023)<\/a><\/li>\n<li><a href=\"https:\/\/rncmobile.net\/wp\/10095\" target=\"_blank\" rel=\"noopener\">Observatoire des d\u00e9bits &#8211; 1er semestre 2023<\/a><\/li>\n<li><a href=\"https:\/\/rncmobile.net\/wp\/9232\" target=\"_blank\" rel=\"noopener\">Observatoire des d\u00e9bits \u2013 Bilan annuel 2022<\/a><\/li>\n<li><a href=\"https:\/\/rncmobile.net\/wp\/9389\" target=\"_blank\" rel=\"noopener\">Observatoire des d\u00e9bits \u2013 Zoom sur 20 grandes villes de France (ann\u00e9e 2022)<\/a><\/li>\n<li><a href=\"https:\/\/rncmobile.net\/wp\/8639\" target=\"_blank\" rel=\"noopener\">Observatoire des d\u00e9bits \u2013 Point au 2\u00e8me trimestre 2022<\/a><\/li>\n<li><a href=\"https:\/\/rncmobile.net\/wp\/8088\" target=\"_blank\" rel=\"noopener\">Observatoire des d\u00e9bits \u2013 Point au 1er trimestre 2022<\/a><\/li>\n<li><a href=\"https:\/\/rncmobile.net\/wp\/7629\" target=\"_blank\" rel=\"noopener\">Observatoire des d\u00e9bits (DOM) \u2013 Bilan 2018-2021<\/a><\/li>\n<li><a href=\"https:\/\/rncmobile.net\/wp\/7440\" target=\"_blank\" rel=\"noopener\">Observatoire des d\u00e9bits \u2013 Bilan annuel 2021<\/a><\/li>\n<li><a class=\"row-title\" href=\"https:\/\/rncmobile.net\/wp\/7267\" target=\"_blank\" rel=\"noopener\" aria-label=\"\u00ab\u00a0Observatoire des d\u00e9bits \u2013 \u00e9volutions pour le mois de septembre 2021\u00a0\u00bb (Modifier)\">Observatoire des d\u00e9bits \u2013 \u00e9volutions pour le mois de<\/a><a class=\"row-title\" href=\"https:\/\/rncmobile.net\/wp\/7267\" target=\"_blank\" rel=\"noopener\" aria-label=\"\u00ab\u00a0Observatoire des d\u00e9bits \u2013 \u00e9volutions pour le mois de septembre 2021\u00a0\u00bb (Modifier)\"> novembre<\/a><a class=\"row-title\" href=\"https:\/\/rncmobile.net\/wp\/7267\" target=\"_blank\" rel=\"noopener\" aria-label=\"\u00ab\u00a0Observatoire des d\u00e9bits \u2013 \u00e9volutions pour le mois de septembre 2021\u00a0\u00bb (Modifier)\"> 2021<\/a><\/li>\n<li><a class=\"row-title\" href=\"https:\/\/rncmobile.net\/wp\/6974\" target=\"_blank\" rel=\"noopener\" aria-label=\"\u00ab\u00a0Observatoire des d\u00e9bits \u2013 Actualisation au mois d\u2019Ao\u00fbt 2021\u00a0\u00bb (Modifier)\">Observatoire des d\u00e9bits \u2013 \u00e9volutions pour le mois de Septembre 2021<\/a><\/li>\n<li><a class=\"row-title\" href=\"https:\/\/rncmobile.net\/wp\/6672\" target=\"_blank\" rel=\"noopener\" aria-label=\"\u00ab\u00a0Observatoire des d\u00e9bits \u2013 Actualisation au mois d\u2019Ao\u00fbt 2021\u00a0\u00bb (Modifier)\">Observatoire des d\u00e9bits \u2013 actualisation au mois d\u2019Ao\u00fbt 2021<\/a><\/li>\n<li><a class=\"row-title\" href=\"https:\/\/rncmobile.net\/wp\/6248\" target=\"_blank\" rel=\"noopener\" aria-label=\"\u00ab\u00a0Observatoire des d\u00e9bits \u2013 \u00e9volutions pour le mois de Juin 2021\u00a0\u00bb (Modifier)\">Observatoire des d\u00e9bits \u2013 \u00e9volutions pour le mois de Juin 2021<\/a><\/li>\n<li><a class=\"row-title\" href=\"https:\/\/rncmobile.net\/wp\/5561\" target=\"_blank\" rel=\"noopener\" aria-label=\"\u00ab\u00a0Observatoire des d\u00e9bits \u2013 Mai 2021\u00a0\u00bb (Modifier)\">Observatoire des d\u00e9bits \u2013 Mai 2021<\/a><\/li>\n<\/ul>\n<\/blockquote>\n","protected":false},"excerpt":{"rendered":"<p>&nbsp; &nbsp; &gt;&gt; Observatoire des d\u00e9bits \u2013 Bilan annuel 2025 &lt;&lt; \u00a0 Archives : Observatoire des d\u00e9bits &#8211; Point au premier semestre 2025 Observatoire des d\u00e9bits &#8211; Bilan annuel 2024 Observatoire des d\u00e9bits &#8211; Point au premier semestre 2024 Observatoire des d\u00e9bits &#8211; Bilan annuel 2023 Observatoire des d\u00e9bits \u2013 Zoom sur 20 grandes villes [&hellip;]<\/p>\n","protected":false},"author":2,"featured_media":0,"parent":0,"menu_order":0,"comment_status":"closed","ping_status":"closed","template":"","meta":{"footnotes":""},"class_list":["post-6996","page","type-page","status-publish","hentry"],"_links":{"self":[{"href":"https:\/\/wp.rncmobile.net\/index.php\/wp-json\/wp\/v2\/pages\/6996","targetHints":{"allow":["GET"]}}],"collection":[{"href":"https:\/\/wp.rncmobile.net\/index.php\/wp-json\/wp\/v2\/pages"}],"about":[{"href":"https:\/\/wp.rncmobile.net\/index.php\/wp-json\/wp\/v2\/types\/page"}],"author":[{"embeddable":true,"href":"https:\/\/wp.rncmobile.net\/index.php\/wp-json\/wp\/v2\/users\/2"}],"replies":[{"embeddable":true,"href":"https:\/\/wp.rncmobile.net\/index.php\/wp-json\/wp\/v2\/comments?post=6996"}],"version-history":[{"count":51,"href":"https:\/\/wp.rncmobile.net\/index.php\/wp-json\/wp\/v2\/pages\/6996\/revisions"}],"predecessor-version":[{"id":15907,"href":"https:\/\/wp.rncmobile.net\/index.php\/wp-json\/wp\/v2\/pages\/6996\/revisions\/15907"}],"wp:attachment":[{"href":"https:\/\/wp.rncmobile.net\/index.php\/wp-json\/wp\/v2\/media?parent=6996"}],"curies":[{"name":"wp","href":"https:\/\/api.w.org\/{rel}","templated":true}]}}