{"id":7267,"date":"2021-12-06T07:04:38","date_gmt":"2021-12-06T05:04:38","guid":{"rendered":"https:\/\/wp.rncmobile.net\/?page_id=7267"},"modified":"2022-03-30T09:35:59","modified_gmt":"2022-03-30T07:35:59","slug":"observatoire-des-debits-evolutions-pour-le-mois-de-novembre-2021","status":"publish","type":"page","link":"https:\/\/wp.rncmobile.net\/index.php\/observatoire-des-debits\/observatoire-des-debits-evolutions-pour-le-mois-de-novembre-2021\/","title":{"rendered":"Observatoire des d\u00e9bits \u2013 \u00e9volutions pour le mois de novembre 2021"},"content":{"rendered":"<p><a href=\"https:\/\/twitter.com\/tomf1zz\/\" target=\"_blank\" rel=\"noopener\"><img loading=\"lazy\" decoding=\"async\" class=\"aligncenter wp-image-5716 size-full\" src=\"https:\/\/wp.rncmobile.net\/wp-content\/uploads\/2021\/05\/Logo-observatoire-rncmobile.png\" alt=\"\" width=\"938\" height=\"677\" srcset=\"https:\/\/wp.rncmobile.net\/wp-content\/uploads\/2021\/05\/Logo-observatoire-rncmobile.png 938w, https:\/\/wp.rncmobile.net\/wp-content\/uploads\/2021\/05\/Logo-observatoire-rncmobile-300x217.png 300w, https:\/\/wp.rncmobile.net\/wp-content\/uploads\/2021\/05\/Logo-observatoire-rncmobile-768x554.png 768w, https:\/\/wp.rncmobile.net\/wp-content\/uploads\/2021\/05\/Logo-observatoire-rncmobile-624x450.png 624w\" sizes=\"auto, (max-width: 938px) 100vw, 938px\" \/><\/a><\/p>\n<h1 style=\"text-align: center;\"><a href=\"https:\/\/twitter.com\/tomf1zz\/\" target=\"_blank\" rel=\"noopener\"><span style=\"font-size: 8pt;\">illustration par TomZZ<\/span><\/a><\/h1>\n<p>&nbsp;<\/p>\n<h1><span style=\"font-size: 18pt;\">I &#8211; Volume de donn\u00e9es trait\u00e9es<\/span><\/h1>\n<p>Apr\u00e8s une stabilisation du nombre de mesures de d\u00e9bit au-dessus de 11000 tests mensuels lors des 6 mois pr\u00e9c\u00e9dents, le mois de novembre a r\u00e9gress\u00e9 \u00e0 9000.<\/p>\n<p><a href=\"https:\/\/wp.rncmobile.net\/wp-content\/uploads\/2021\/12\/An-Mois.png\"><img loading=\"lazy\" decoding=\"async\" class=\"aligncenter wp-image-7272 size-full\" src=\"https:\/\/wp.rncmobile.net\/wp-content\/uploads\/2021\/12\/An-Mois.png\" alt=\"\" width=\"1025\" height=\"488\" srcset=\"https:\/\/wp.rncmobile.net\/wp-content\/uploads\/2021\/12\/An-Mois.png 1025w, https:\/\/wp.rncmobile.net\/wp-content\/uploads\/2021\/12\/An-Mois-300x143.png 300w, https:\/\/wp.rncmobile.net\/wp-content\/uploads\/2021\/12\/An-Mois-768x366.png 768w, https:\/\/wp.rncmobile.net\/wp-content\/uploads\/2021\/12\/An-Mois-624x297.png 624w\" sizes=\"auto, (max-width: 1025px) 100vw, 1025px\" \/><\/a><\/p>\n<hr \/>\n<p>En revanche, la part des mesures de d\u00e9bit r\u00e9alis\u00e9s en 5G d\u00e9passe pour le deuxi\u00e8me mois celui des tests en 4G. De plus, en novembre, une majorit\u00e9 est effectu\u00e9e en 5G (<strong>50,8%<\/strong>).<\/p>\n<p><a href=\"https:\/\/wp.rncmobile.net\/wp-content\/uploads\/2021\/12\/An-Mois-1.png\"><img loading=\"lazy\" decoding=\"async\" class=\"aligncenter wp-image-7273 size-full\" src=\"https:\/\/wp.rncmobile.net\/wp-content\/uploads\/2021\/12\/An-Mois-1.png\" alt=\"\" width=\"1049\" height=\"477\" srcset=\"https:\/\/wp.rncmobile.net\/wp-content\/uploads\/2021\/12\/An-Mois-1.png 1049w, https:\/\/wp.rncmobile.net\/wp-content\/uploads\/2021\/12\/An-Mois-1-300x136.png 300w, https:\/\/wp.rncmobile.net\/wp-content\/uploads\/2021\/12\/An-Mois-1-1024x466.png 1024w, https:\/\/wp.rncmobile.net\/wp-content\/uploads\/2021\/12\/An-Mois-1-768x349.png 768w, https:\/\/wp.rncmobile.net\/wp-content\/uploads\/2021\/12\/An-Mois-1-624x284.png 624w\" sizes=\"auto, (max-width: 1049px) 100vw, 1049px\" \/><\/a><\/p>\n<hr \/>\n<h1><span style=\"font-size: 18pt;\">II &#8211; R\u00e9partition des mesures de d\u00e9bit<\/span><\/h1>\n<p>Si l&rsquo;on se focalise sur les tranches de d\u00e9bit sup\u00e9rieures \u00e0 300 Mbps, la base a commenc\u00e9 \u00e0 collecter une soixantaine de tests 5G de plus de 1 Gbps. La tranche comprise entre 700 Mbps et 1 Gbps a plus que doubl\u00e9 lors des deux derniers mois (688 vs 318 cas). Et les 3 autres tranches ont progress\u00e9 de 28 \u00e0 33% lors des deux derniers mois. Les tests de plus de 400 Mbps r\u00e9alis\u00e9s en 5G repr\u00e9sentent d\u00e9sormais <strong>17%<\/strong>. En 4G, ils ne font que <strong>0,01%<\/strong> des mesures.<\/p>\n<p><a href=\"https:\/\/wp.rncmobile.net\/wp-content\/uploads\/2021\/12\/DL_Classe300Mbps.png\"><img loading=\"lazy\" decoding=\"async\" class=\"aligncenter wp-image-7274 size-full\" src=\"https:\/\/wp.rncmobile.net\/wp-content\/uploads\/2021\/12\/DL_Classe300Mbps.png\" alt=\"\" width=\"942\" height=\"531\" srcset=\"https:\/\/wp.rncmobile.net\/wp-content\/uploads\/2021\/12\/DL_Classe300Mbps.png 942w, https:\/\/wp.rncmobile.net\/wp-content\/uploads\/2021\/12\/DL_Classe300Mbps-300x169.png 300w, https:\/\/wp.rncmobile.net\/wp-content\/uploads\/2021\/12\/DL_Classe300Mbps-768x433.png 768w, https:\/\/wp.rncmobile.net\/wp-content\/uploads\/2021\/12\/DL_Classe300Mbps-624x352.png 624w\" sizes=\"auto, (max-width: 942px) 100vw, 942px\" \/><\/a><\/p>\n<hr \/>\n<p>Le graphe suivant donne une vue d&rsquo;ensemble des tranches d\u00e9marrant \u00e0 0-5 Mbps et jusqu&rsquo;\u00e0 1Gbps et plus. Les mesures de d\u00e9bit de plus de 50 Mbps repr\u00e9sentent <strong>84% des tests en 5G<\/strong> contre seulement <strong>59% en 4G<\/strong>.<\/p>\n<p><a href=\"https:\/\/wp.rncmobile.net\/wp-content\/uploads\/2021\/12\/DL_Classe_5G-H.png\"><img loading=\"lazy\" decoding=\"async\" class=\"aligncenter wp-image-7275 size-full\" src=\"https:\/\/wp.rncmobile.net\/wp-content\/uploads\/2021\/12\/DL_Classe_5G-H.png\" alt=\"\" width=\"935\" height=\"535\" srcset=\"https:\/\/wp.rncmobile.net\/wp-content\/uploads\/2021\/12\/DL_Classe_5G-H.png 935w, https:\/\/wp.rncmobile.net\/wp-content\/uploads\/2021\/12\/DL_Classe_5G-H-300x172.png 300w, https:\/\/wp.rncmobile.net\/wp-content\/uploads\/2021\/12\/DL_Classe_5G-H-768x439.png 768w, https:\/\/wp.rncmobile.net\/wp-content\/uploads\/2021\/12\/DL_Classe_5G-H-624x357.png 624w\" sizes=\"auto, (max-width: 935px) 100vw, 935px\" \/><\/a>La tr\u00e8s grande majorit\u00e9 des tests de d\u00e9bit se situe entre 10 et 300 Mbps (<strong>88,2% en 4G vs 71,% en 5G<\/strong>). Le solde est principalement dans les tranches inf\u00e9rieures en 4G et dans les tranches sup\u00e9rieures en 5G.<\/p>\n<hr \/>\n<p>En se limitant aux mesures effectu\u00e9es sur les 11 premiers mois de l&rsquo;ann\u00e9e 2021, la r\u00e9partition des d\u00e9bits &#8211; <strong>toutes technologies confondue<\/strong>s &#8211; est la suivante :<\/p>\n<p><a href=\"https:\/\/wp.rncmobile.net\/wp-content\/uploads\/2021\/12\/DL_Classe_2021-C.png\"><img loading=\"lazy\" decoding=\"async\" class=\"aligncenter wp-image-7276 size-full\" src=\"https:\/\/wp.rncmobile.net\/wp-content\/uploads\/2021\/12\/DL_Classe_2021-C.png\" alt=\"\" width=\"875\" height=\"571\" srcset=\"https:\/\/wp.rncmobile.net\/wp-content\/uploads\/2021\/12\/DL_Classe_2021-C.png 875w, https:\/\/wp.rncmobile.net\/wp-content\/uploads\/2021\/12\/DL_Classe_2021-C-300x196.png 300w, https:\/\/wp.rncmobile.net\/wp-content\/uploads\/2021\/12\/DL_Classe_2021-C-768x501.png 768w, https:\/\/wp.rncmobile.net\/wp-content\/uploads\/2021\/12\/DL_Classe_2021-C-624x407.png 624w\" sizes=\"auto, (max-width: 875px) 100vw, 875px\" \/><\/a><\/p>\n<hr \/>\n<p>En ne consid\u00e9rant que la <strong>technologie 5G<\/strong> lanc\u00e9e mi-d\u00e9cembre 2020, la r\u00e9partition devient:<\/p>\n<p><a href=\"https:\/\/wp.rncmobile.net\/wp-content\/uploads\/2021\/12\/DL_Classe_5G-C.png\"><img loading=\"lazy\" decoding=\"async\" class=\"aligncenter wp-image-7277 size-full\" src=\"https:\/\/wp.rncmobile.net\/wp-content\/uploads\/2021\/12\/DL_Classe_5G-C.png\" alt=\"\" width=\"875\" height=\"571\" srcset=\"https:\/\/wp.rncmobile.net\/wp-content\/uploads\/2021\/12\/DL_Classe_5G-C.png 875w, https:\/\/wp.rncmobile.net\/wp-content\/uploads\/2021\/12\/DL_Classe_5G-C-300x196.png 300w, https:\/\/wp.rncmobile.net\/wp-content\/uploads\/2021\/12\/DL_Classe_5G-C-768x501.png 768w, https:\/\/wp.rncmobile.net\/wp-content\/uploads\/2021\/12\/DL_Classe_5G-C-624x407.png 624w\" sizes=\"auto, (max-width: 875px) 100vw, 875px\" \/><\/a><\/p>\n<hr \/>\n<p>La progression annuelle des mesures de d\u00e9bit de plus de 200 Mbps et la r\u00e9gression des tests de moins de 5 Mbps est repr\u00e9sent\u00e9e ci-dessous :<\/p>\n<p><a href=\"https:\/\/wp.rncmobile.net\/wp-content\/uploads\/2021\/12\/Evolution_part_200-5Mps-1.png\"><img loading=\"lazy\" decoding=\"async\" class=\"aligncenter wp-image-7279 size-full\" src=\"https:\/\/wp.rncmobile.net\/wp-content\/uploads\/2021\/12\/Evolution_part_200-5Mps-1.png\" alt=\"\" width=\"943\" height=\"530\" srcset=\"https:\/\/wp.rncmobile.net\/wp-content\/uploads\/2021\/12\/Evolution_part_200-5Mps-1.png 943w, https:\/\/wp.rncmobile.net\/wp-content\/uploads\/2021\/12\/Evolution_part_200-5Mps-1-300x169.png 300w, https:\/\/wp.rncmobile.net\/wp-content\/uploads\/2021\/12\/Evolution_part_200-5Mps-1-768x432.png 768w, https:\/\/wp.rncmobile.net\/wp-content\/uploads\/2021\/12\/Evolution_part_200-5Mps-1-624x351.png 624w\" sizes=\"auto, (max-width: 943px) 100vw, 943px\" \/><\/a><\/p>\n<p>Les d\u00e9bits de plus de 200 Mbps repr\u00e9sentent <strong>le quart<\/strong> de ceux mesur\u00e9s en <strong>2021<\/strong> contre <strong>1%<\/strong> seulement en <strong>2017<\/strong>. A contrario, ceux en dessous de 5Mbps r\u00e9gressent et repr\u00e9sentent moins de<strong> 5% en 2021<\/strong> contre pr\u00e8s de <strong>10% en 2018 et 2019.<\/strong><\/p>\n<hr \/>\n<h1><span style=\"font-size: 18pt;\">III &#8211; Comparaison des d\u00e9bits entre les technologies<br \/>\n<\/span><\/h1>\n<h2><span style=\"font-size: 14pt;\">III &#8211; 1 Les d\u00e9bits descendants<\/span><\/h2>\n<p>En valeur m\u00e9diane, les performances s&rsquo;am\u00e9liorent d&rsquo;un facteur <strong>2,56 entre 4G et 5G<\/strong>. En valeur extr\u00eame (seuil de 1% des valeurs les plus \u00e9lev\u00e9es), le facteur est similaire \u00e0 <strong>2,55<\/strong>.<\/p>\n<p><a href=\"https:\/\/wp.rncmobile.net\/wp-content\/uploads\/2021\/12\/DL_Comparaison_3G-4G-5G.png\"><img loading=\"lazy\" decoding=\"async\" class=\"aligncenter wp-image-7286 size-full\" src=\"https:\/\/wp.rncmobile.net\/wp-content\/uploads\/2021\/12\/DL_Comparaison_3G-4G-5G.png\" alt=\"\" width=\"666\" height=\"470\" srcset=\"https:\/\/wp.rncmobile.net\/wp-content\/uploads\/2021\/12\/DL_Comparaison_3G-4G-5G.png 666w, https:\/\/wp.rncmobile.net\/wp-content\/uploads\/2021\/12\/DL_Comparaison_3G-4G-5G-300x212.png 300w, https:\/\/wp.rncmobile.net\/wp-content\/uploads\/2021\/12\/DL_Comparaison_3G-4G-5G-624x440.png 624w\" sizes=\"auto, (max-width: 666px) 100vw, 666px\" \/><\/a><\/p>\n<h2><span style=\"font-size: 14pt;\">III &#8211; 2 Les d\u00e9bits montants<\/span><\/h2>\n<p>En valeur m\u00e9diane, les performances s&rsquo;am\u00e9liorent d&rsquo;un facteur <strong>1,73 entre 4G et 5G<\/strong>. Il est de <strong>1,80<\/strong> sur le dernier percentile (seuil des 1% des mesures les plus performantes).<\/p>\n<p><a href=\"https:\/\/wp.rncmobile.net\/wp-content\/uploads\/2021\/12\/UL_Comparaison_3G-4G-5G.png\"><img loading=\"lazy\" decoding=\"async\" class=\"aligncenter wp-image-7287 size-full\" src=\"https:\/\/wp.rncmobile.net\/wp-content\/uploads\/2021\/12\/UL_Comparaison_3G-4G-5G.png\" alt=\"\" width=\"941\" height=\"515\" srcset=\"https:\/\/wp.rncmobile.net\/wp-content\/uploads\/2021\/12\/UL_Comparaison_3G-4G-5G.png 941w, https:\/\/wp.rncmobile.net\/wp-content\/uploads\/2021\/12\/UL_Comparaison_3G-4G-5G-300x164.png 300w, https:\/\/wp.rncmobile.net\/wp-content\/uploads\/2021\/12\/UL_Comparaison_3G-4G-5G-768x420.png 768w, https:\/\/wp.rncmobile.net\/wp-content\/uploads\/2021\/12\/UL_Comparaison_3G-4G-5G-624x342.png 624w\" sizes=\"auto, (max-width: 941px) 100vw, 941px\" \/><\/a><\/p>\n<hr \/>\n<h1><span style=\"font-size: 18pt;\">IV &#8211; Les communes disposant de mesures de d\u00e9bits descendants sup\u00e9rieurs \u00e0 400 Mbps<\/span><\/h1>\n<p>Sur les 7763 mesures d\u00e9passant les 400 Mbps, 7731 sont r\u00e9alis\u00e9es en 5G contre 32 en 4G. Les communes dont le d\u00e9bit descendant exc\u00e8de 400 Mbps sont pass\u00e9es, entre septembre et novembre, de <strong>373 \u00e0 490<\/strong>.<\/p>\n<hr \/>\n<h2><span style=\"font-size: 14pt;\">IV -1 Les 112 nouvelles communes qui se sont ajout\u00e9es<\/span><\/h2>\n<p>Tableau des nouvelles communes ajout\u00e9es depuis le 1er octobre 2021 :<\/p>\n<p><a href=\"https:\/\/wp.rncmobile.net\/wp-content\/uploads\/2021\/12\/112_Nouvelles_Villes400Mbps_2021-12-01.png\"><img loading=\"lazy\" decoding=\"async\" class=\"aligncenter wp-image-7281 size-full\" src=\"https:\/\/wp.rncmobile.net\/wp-content\/uploads\/2021\/12\/112_Nouvelles_Villes400Mbps_2021-12-01.png\" alt=\"\" width=\"490\" height=\"686\" srcset=\"https:\/\/wp.rncmobile.net\/wp-content\/uploads\/2021\/12\/112_Nouvelles_Villes400Mbps_2021-12-01.png 490w, https:\/\/wp.rncmobile.net\/wp-content\/uploads\/2021\/12\/112_Nouvelles_Villes400Mbps_2021-12-01-214x300.png 214w\" sizes=\"auto, (max-width: 490px) 100vw, 490px\" \/><\/a><\/p>\n<hr \/>\n<h2>IV &#8211; 2 Les 30 communes les plus test\u00e9es en 5G<\/h2>\n<p><a href=\"https:\/\/wp.rncmobile.net\/wp-content\/uploads\/2021\/12\/30_Villes400Mbps_2021-12-01.png\"><img loading=\"lazy\" decoding=\"async\" class=\"aligncenter wp-image-7282 size-full\" src=\"https:\/\/wp.rncmobile.net\/wp-content\/uploads\/2021\/12\/30_Villes400Mbps_2021-12-01.png\" alt=\"\" width=\"380\" height=\"662\" srcset=\"https:\/\/wp.rncmobile.net\/wp-content\/uploads\/2021\/12\/30_Villes400Mbps_2021-12-01.png 380w, https:\/\/wp.rncmobile.net\/wp-content\/uploads\/2021\/12\/30_Villes400Mbps_2021-12-01-172x300.png 172w\" sizes=\"auto, (max-width: 380px) 100vw, 380px\" \/><\/a><\/p>\n<hr \/>\n<h1><span style=\"font-size: 18pt;\">V &#8211; Les smartphones les plus utilis\u00e9s pour les tests<\/span><\/h1>\n<p>Les 30 mod\u00e8les les plus pr\u00e9sents totalisent <strong>95,7%<\/strong> des mesures r\u00e9alis\u00e9es en 5G. Le mod\u00e8le le plus utilis\u00e9 (Oneplus 8 Pro) repr\u00e9sente <strong>13,6%<\/strong> des tests 5G. Il devance le Xiaomi Mi 11 5G qui est utilis\u00e9 dans <strong>11,2%<\/strong> des cas.<\/p>\n<p><a href=\"https:\/\/wp.rncmobile.net\/wp-content\/uploads\/2021\/12\/30_Mobiles400Mbps_2021-12-01-1.png\"><img loading=\"lazy\" decoding=\"async\" class=\"aligncenter wp-image-7284 size-full\" src=\"https:\/\/wp.rncmobile.net\/wp-content\/uploads\/2021\/12\/30_Mobiles400Mbps_2021-12-01-1.png\" alt=\"\" width=\"894\" height=\"676\" srcset=\"https:\/\/wp.rncmobile.net\/wp-content\/uploads\/2021\/12\/30_Mobiles400Mbps_2021-12-01-1.png 894w, https:\/\/wp.rncmobile.net\/wp-content\/uploads\/2021\/12\/30_Mobiles400Mbps_2021-12-01-1-300x227.png 300w, https:\/\/wp.rncmobile.net\/wp-content\/uploads\/2021\/12\/30_Mobiles400Mbps_2021-12-01-1-768x581.png 768w, https:\/\/wp.rncmobile.net\/wp-content\/uploads\/2021\/12\/30_Mobiles400Mbps_2021-12-01-1-624x472.png 624w\" sizes=\"auto, (max-width: 894px) 100vw, 894px\" \/><\/a><\/p>\n<hr \/>\n<p><span style=\"font-size: 12pt;\"><em>Voila, cet observatoire est maintenant termin\u00e9, nous vous donnons rendez-vous le mois prochain pour un nouveau !<\/em><\/span><\/p>\n<p><span style=\"font-size: 12pt;\"><em>N&rsquo;h\u00e9sitez pas \u00e0 nous remonter <a href=\"https:\/\/twitter.com\/rncmobile\" target=\"_blank\" rel=\"noopener\">vos remarques via Twitter<\/a>, \u00e0 bient\u00f4t.<\/em><\/span><\/p>\n","protected":false},"excerpt":{"rendered":"<p>illustration par TomZZ &nbsp; I &#8211; Volume de donn\u00e9es trait\u00e9es Apr\u00e8s une stabilisation du nombre de mesures de d\u00e9bit au-dessus de 11000 tests mensuels lors des 6 mois pr\u00e9c\u00e9dents, le mois de novembre a r\u00e9gress\u00e9 \u00e0 9000. En revanche, la part des mesures de d\u00e9bit r\u00e9alis\u00e9s en 5G d\u00e9passe pour le deuxi\u00e8me mois celui des [&hellip;]<\/p>\n","protected":false},"author":2,"featured_media":0,"parent":6996,"menu_order":0,"comment_status":"closed","ping_status":"closed","template":"","meta":{"footnotes":""},"class_list":["post-7267","page","type-page","status-publish","hentry"],"_links":{"self":[{"href":"https:\/\/wp.rncmobile.net\/index.php\/wp-json\/wp\/v2\/pages\/7267","targetHints":{"allow":["GET"]}}],"collection":[{"href":"https:\/\/wp.rncmobile.net\/index.php\/wp-json\/wp\/v2\/pages"}],"about":[{"href":"https:\/\/wp.rncmobile.net\/index.php\/wp-json\/wp\/v2\/types\/page"}],"author":[{"embeddable":true,"href":"https:\/\/wp.rncmobile.net\/index.php\/wp-json\/wp\/v2\/users\/2"}],"replies":[{"embeddable":true,"href":"https:\/\/wp.rncmobile.net\/index.php\/wp-json\/wp\/v2\/comments?post=7267"}],"version-history":[{"count":15,"href":"https:\/\/wp.rncmobile.net\/index.php\/wp-json\/wp\/v2\/pages\/7267\/revisions"}],"predecessor-version":[{"id":7337,"href":"https:\/\/wp.rncmobile.net\/index.php\/wp-json\/wp\/v2\/pages\/7267\/revisions\/7337"}],"up":[{"embeddable":true,"href":"https:\/\/wp.rncmobile.net\/index.php\/wp-json\/wp\/v2\/pages\/6996"}],"wp:attachment":[{"href":"https:\/\/wp.rncmobile.net\/index.php\/wp-json\/wp\/v2\/media?parent=7267"}],"curies":[{"name":"wp","href":"https:\/\/api.w.org\/{rel}","templated":true}]}}