{"id":7629,"date":"2022-01-09T19:41:51","date_gmt":"2022-01-09T17:41:51","guid":{"rendered":"https:\/\/wp.rncmobile.net\/?page_id=7629"},"modified":"2022-03-30T09:34:54","modified_gmt":"2022-03-30T07:34:54","slug":"observatoire-des-debits-dom-bilan-2018-2021","status":"publish","type":"page","link":"https:\/\/wp.rncmobile.net\/index.php\/observatoire-des-debits\/observatoire-des-debits-dom-bilan-2018-2021\/","title":{"rendered":"Observatoire des d\u00e9bits (DOM) \u2013 Bilan 2018-2021"},"content":{"rendered":"<p>&nbsp;<\/p>\n<h1 style=\"text-align: center;\"><a href=\"https:\/\/tomzz.fr\" target=\"_blank\" rel=\"noopener\"><span style=\"font-size: 8pt;\"><img loading=\"lazy\" decoding=\"async\" class=\"aligncenter wp-image-7717 size-full\" src=\"https:\/\/wp.rncmobile.net\/wp-content\/uploads\/2022\/01\/Observatoire_RNC__reu.png\" alt=\"\" width=\"2556\" height=\"1944\" srcset=\"https:\/\/wp.rncmobile.net\/wp-content\/uploads\/2022\/01\/Observatoire_RNC__reu.png 2556w, https:\/\/wp.rncmobile.net\/wp-content\/uploads\/2022\/01\/Observatoire_RNC__reu-300x228.png 300w, https:\/\/wp.rncmobile.net\/wp-content\/uploads\/2022\/01\/Observatoire_RNC__reu-1024x779.png 1024w, https:\/\/wp.rncmobile.net\/wp-content\/uploads\/2022\/01\/Observatoire_RNC__reu-768x584.png 768w, https:\/\/wp.rncmobile.net\/wp-content\/uploads\/2022\/01\/Observatoire_RNC__reu-1536x1168.png 1536w, https:\/\/wp.rncmobile.net\/wp-content\/uploads\/2022\/01\/Observatoire_RNC__reu-2048x1558.png 2048w, https:\/\/wp.rncmobile.net\/wp-content\/uploads\/2022\/01\/Observatoire_RNC__reu-624x475.png 624w\" sizes=\"auto, (max-width: 2556px) 100vw, 2556px\" \/>illustration par TomZZ<\/span><\/a><\/h1>\n<hr \/>\n<p>Ce document est une d\u00e9clinaison pour les d\u00e9partements de La R\u00e9union et de Mayotte des analyses r\u00e9alis\u00e9es pour l&rsquo;<a href=\"https:\/\/rncmobile.net\/wp\/7440\" target=\"_blank\" rel=\"noopener\">Observatoire RNCmobile des d\u00e9bits pour la m\u00e9tropole.<\/a><\/p>\n<h1>\u00a0<\/h1>\n<h1>I &#8211; Volume de donn\u00e9es trait\u00e9es<\/h1>\n<p>Les 3411 mesures de d\u00e9bit r\u00e9alis\u00e9es entre 2018 et 2021 se r\u00e9partissent &#8211; par mois et par technologie &#8211; de la mani\u00e8re suivante :<\/p>\n<p><a href=\"https:\/\/wp.rncmobile.net\/wp-content\/uploads\/2022\/01\/Reunion_Mois.png\"><img loading=\"lazy\" decoding=\"async\" class=\"aligncenter wp-image-7650 size-full\" src=\"https:\/\/wp.rncmobile.net\/wp-content\/uploads\/2022\/01\/Reunion_Mois.png\" alt=\"\" width=\"1055\" height=\"474\" srcset=\"https:\/\/wp.rncmobile.net\/wp-content\/uploads\/2022\/01\/Reunion_Mois.png 1055w, https:\/\/wp.rncmobile.net\/wp-content\/uploads\/2022\/01\/Reunion_Mois-300x135.png 300w, https:\/\/wp.rncmobile.net\/wp-content\/uploads\/2022\/01\/Reunion_Mois-1024x460.png 1024w, https:\/\/wp.rncmobile.net\/wp-content\/uploads\/2022\/01\/Reunion_Mois-768x345.png 768w, https:\/\/wp.rncmobile.net\/wp-content\/uploads\/2022\/01\/Reunion_Mois-624x280.png 624w\" sizes=\"auto, (max-width: 1055px) 100vw, 1055px\" \/><\/a><\/p>\n<p><a href=\"https:\/\/wp.rncmobile.net\/wp-content\/uploads\/2022\/01\/Reunion_Mois-1.png\"><img loading=\"lazy\" decoding=\"async\" class=\"aligncenter wp-image-7651 size-full\" src=\"https:\/\/wp.rncmobile.net\/wp-content\/uploads\/2022\/01\/Reunion_Mois-1.png\" alt=\"\" width=\"1097\" height=\"456\" srcset=\"https:\/\/wp.rncmobile.net\/wp-content\/uploads\/2022\/01\/Reunion_Mois-1.png 1097w, https:\/\/wp.rncmobile.net\/wp-content\/uploads\/2022\/01\/Reunion_Mois-1-300x125.png 300w, https:\/\/wp.rncmobile.net\/wp-content\/uploads\/2022\/01\/Reunion_Mois-1-1024x426.png 1024w, https:\/\/wp.rncmobile.net\/wp-content\/uploads\/2022\/01\/Reunion_Mois-1-768x319.png 768w, https:\/\/wp.rncmobile.net\/wp-content\/uploads\/2022\/01\/Reunion_Mois-1-624x259.png 624w\" sizes=\"auto, (max-width: 1097px) 100vw, 1097px\" \/><\/a><\/p>\n<p>Les variations mensuelles sont importantes et sont probablement perturb\u00e9es par la pr\u00e9sence de visiteurs venant de m\u00e9tropole \u00e0 certaines p\u00e9riodes de l&rsquo;ann\u00e9e. La faiblesse de l&rsquo;\u00e9chantillon ne permet pas de lisser ces perturbations (la m\u00e9tropole a pu engranger plus de cent fois plus de tests).<\/p>\n<hr \/>\n<h1>\u00a0<\/h1>\n<h1>II &#8211; Contexte<\/h1>\n<h2>II &#8211; 1 D\u00e9ploiement des fr\u00e9quences 3G\/4G<\/h2>\n<p>Telco OI s&rsquo;est vu attribuer les fr\u00e9quences de 900 MHz et de 2100 MHz [largeur de 7,8 MHz sur la bande B8 et de 10 MHz affect\u00e9e \u00e0 la bande B1]. Elles sont actuellement utilis\u00e9es en 3G.<\/p>\n<p>Les fr\u00e9quences de 800 MHz et de 1800 MHz [B20 &amp; B3] sont affect\u00e9es \u00e0 la 4G. L\u2019op\u00e9rateur poss\u00e8de \u00e9galement une largeur de 15 MHz dans la bande 2600 MHz [B7] et une largeur r\u00e9siduelle de 4,8 MHz en 2100 MHz [B1] qui pourraient \u00eatre affect\u00e9es \u00e0 la 4G, mais elles restent non utilis\u00e9es \u00e0 ce jour.<\/p>\n<p>Toutes ces fr\u00e9quences, lorsqu&rsquo;elles sont disponibles sur le site, permettent &#8211; actuellement &#8211; l&rsquo;agr\u00e9gation en 4G sur une largeur bande de 30 MHz [B20 &amp; B3], autorisant un d\u00e9bit th\u00e9orique de <strong>294 Mbps <\/strong>en 2x2MIMO.<span style=\"font-family: Roboto;\">\u00a0<\/span><\/p>\n<hr \/>\n<h2>II &#8211; 2 D\u00e9ploiement des fr\u00e9quences 5G<\/h2>\n<p>L&rsquo;ARCEP a lanc\u00e9 la<a href=\"https:\/\/www.arcep.fr\/la-regulation\/grands-dossiers-thematiques-transverses\/la-regulation-des-telecoms-outre-mer\/appels-a-candidatures-en-cours-pour-lattribution-des-frequences-mobiles-outre-mer.html#c28621\" target=\"_blank\" rel=\"noopener\"> proc\u00e9dure d&rsquo;attribution des fr\u00e9quences<\/a> utiles au d\u00e9veloppement de la 5G le 3 ao\u00fbt 2021 et Telco OI s&rsquo;est positionn\u00e9 pour une largeur de 100 MHz entre 3,4 et 3,8 GHz [N78] et de 10 MHz dans la <a href=\"https:\/\/www.arcep.fr\/actualites\/les-communiques-de-presse\/detail\/n\/frequences-outre-mer-151221.html\" target=\"_blank\" rel=\"noopener\">bande 700 MHz<\/a> [B28|n28].<\/p>\n<p>L\u2019ARCEP d\u00e9livrera les autorisations d\u2019utilisation de fr\u00e9quences dans les bandes 700 MHz et 3,4 \u2011 3,8 GHz \u00e0 La R\u00e9union \u00e0 la fin du premier trimestre 2022. Pour Mayotte, la proc\u00e9dure se limite au 700 MHz.<\/p>\n<p><em><strong>Le d\u00e9ploiement commercial de la 5G n&rsquo;est donc pas entam\u00e9.<\/strong><\/em><\/p>\n<hr \/>\n<h1>\u00a0<\/h1>\n<h1>III &#8211; R\u00e9partition des mesures de d\u00e9bit<\/h1>\n<h2>III &#8211; 1 Par technologie<\/h2>\n<p>Les d\u00e9bits sont r\u00e9partis par tranches de d\u00e9bit de 0-5 Mbps \u00e0 200-300 Mbps en distinguant les deux technologies exploit\u00e9es par Telco OI.<\/p>\n<p><a href=\"https:\/\/wp.rncmobile.net\/wp-content\/uploads\/2022\/01\/Reunion_Classe_DL_by_tech.png\"><img loading=\"lazy\" decoding=\"async\" class=\"aligncenter wp-image-7660 size-full\" src=\"https:\/\/wp.rncmobile.net\/wp-content\/uploads\/2022\/01\/Reunion_Classe_DL_by_tech.png\" alt=\"\" width=\"935\" height=\"535\" srcset=\"https:\/\/wp.rncmobile.net\/wp-content\/uploads\/2022\/01\/Reunion_Classe_DL_by_tech.png 935w, https:\/\/wp.rncmobile.net\/wp-content\/uploads\/2022\/01\/Reunion_Classe_DL_by_tech-300x172.png 300w, https:\/\/wp.rncmobile.net\/wp-content\/uploads\/2022\/01\/Reunion_Classe_DL_by_tech-768x439.png 768w, https:\/\/wp.rncmobile.net\/wp-content\/uploads\/2022\/01\/Reunion_Classe_DL_by_tech-624x357.png 624w\" sizes=\"auto, (max-width: 935px) 100vw, 935px\" \/><\/a><\/p>\n<p>Les r\u00e9sultats refl\u00e8tent la situation d&rsquo;un r\u00e9seau 4G distribuant deux fr\u00e9quences en 2CA sur une largeur de 30 MHz et d&rsquo;un r\u00e9seau 3G \u00e9mettant sur une bande de 10 MHz.<\/p>\n<hr \/>\n<p>L&rsquo;examen sous forme des deux camemberts suivants d\u00e9clin\u00e9s par technologie permet de pr\u00e9ciser l&rsquo;analyse :<\/p>\n<p><a href=\"https:\/\/wp.rncmobile.net\/wp-content\/uploads\/2022\/01\/Reunion_Classe_DL_C4G.png\"><img loading=\"lazy\" decoding=\"async\" class=\"aligncenter wp-image-7661 size-full\" src=\"https:\/\/wp.rncmobile.net\/wp-content\/uploads\/2022\/01\/Reunion_Classe_DL_C4G.png\" alt=\"\" width=\"875\" height=\"571\" srcset=\"https:\/\/wp.rncmobile.net\/wp-content\/uploads\/2022\/01\/Reunion_Classe_DL_C4G.png 875w, https:\/\/wp.rncmobile.net\/wp-content\/uploads\/2022\/01\/Reunion_Classe_DL_C4G-300x196.png 300w, https:\/\/wp.rncmobile.net\/wp-content\/uploads\/2022\/01\/Reunion_Classe_DL_C4G-768x501.png 768w, https:\/\/wp.rncmobile.net\/wp-content\/uploads\/2022\/01\/Reunion_Classe_DL_C4G-624x407.png 624w\" sizes=\"auto, (max-width: 875px) 100vw, 875px\" \/><\/a><\/p>\n<p>La valeur th\u00e9orique atteignable en 4G n&rsquo;a pas permis de collecter plus de 3 valeurs de plus de 200 Mbps. Les valeurs comprises entre 50 et 200 Mbps repr\u00e9sentent un bon tiers des mesures. En dehors de la tranche des d\u00e9bits moyens compris entre 10 et 50 Mbps, en position dominante, les deux tranches inf\u00e9rieures \u00e0 5 Mbps n&rsquo;occupent chacune qu&rsquo;environ 10% des tests.<\/p>\n<p><a href=\"https:\/\/wp.rncmobile.net\/wp-content\/uploads\/2022\/01\/Reunion_Classe_DL_C3G.png\"><img loading=\"lazy\" decoding=\"async\" class=\"aligncenter wp-image-7662 size-full\" src=\"https:\/\/wp.rncmobile.net\/wp-content\/uploads\/2022\/01\/Reunion_Classe_DL_C3G.png\" alt=\"\" width=\"875\" height=\"571\" srcset=\"https:\/\/wp.rncmobile.net\/wp-content\/uploads\/2022\/01\/Reunion_Classe_DL_C3G.png 875w, https:\/\/wp.rncmobile.net\/wp-content\/uploads\/2022\/01\/Reunion_Classe_DL_C3G-300x196.png 300w, https:\/\/wp.rncmobile.net\/wp-content\/uploads\/2022\/01\/Reunion_Classe_DL_C3G-768x501.png 768w, https:\/\/wp.rncmobile.net\/wp-content\/uploads\/2022\/01\/Reunion_Classe_DL_C3G-624x407.png 624w\" sizes=\"auto, (max-width: 875px) 100vw, 875px\" \/><\/a><\/p>\n<p>Les mesures en 3G sont r\u00e9parties, de mani\u00e8re \u00e9gale, entre les trois tranches. Un tiers des tests d\u00e9passe les 10 Mbps permettant d&rsquo;assurer un service de secours en cas d&rsquo;absence de 4G (panne).<\/p>\n<hr \/>\n<h2>\u00a0<\/h2>\n<h2>III &#8211; 2 Par ann\u00e9e<\/h2>\n<p>Les d\u00e9bits sont r\u00e9partis par tranches de d\u00e9bit de 0-5 Mbps \u00e0 200-300 Mbps en distinguant les r\u00e9sultats pour les quatre ann\u00e9es de 2018 \u00e0 2021 ;<\/p>\n<p><a href=\"https:\/\/wp.rncmobile.net\/wp-content\/uploads\/2022\/01\/Reunion_Classe_DL_by_an.png\"><img loading=\"lazy\" decoding=\"async\" class=\"aligncenter wp-image-7663 size-full\" src=\"https:\/\/wp.rncmobile.net\/wp-content\/uploads\/2022\/01\/Reunion_Classe_DL_by_an.png\" alt=\"\" width=\"943\" height=\"530\" srcset=\"https:\/\/wp.rncmobile.net\/wp-content\/uploads\/2022\/01\/Reunion_Classe_DL_by_an.png 943w, https:\/\/wp.rncmobile.net\/wp-content\/uploads\/2022\/01\/Reunion_Classe_DL_by_an-300x169.png 300w, https:\/\/wp.rncmobile.net\/wp-content\/uploads\/2022\/01\/Reunion_Classe_DL_by_an-768x432.png 768w, https:\/\/wp.rncmobile.net\/wp-content\/uploads\/2022\/01\/Reunion_Classe_DL_by_an-624x351.png 624w\" sizes=\"auto, (max-width: 943px) 100vw, 943px\" \/><\/a><\/p>\n<hr \/>\n<p>L&rsquo;examen sous forme des quatre camemberts suivants d\u00e9clin\u00e9s selon l&rsquo;ann\u00e9e de collecte permet de pr\u00e9ciser l&rsquo;analyse :<\/p>\n<p><a href=\"https:\/\/wp.rncmobile.net\/wp-content\/uploads\/2022\/01\/Reunion_Classe_DL_C2021.png\"><img loading=\"lazy\" decoding=\"async\" class=\"aligncenter wp-image-7664 size-full\" src=\"https:\/\/wp.rncmobile.net\/wp-content\/uploads\/2022\/01\/Reunion_Classe_DL_C2021.png\" alt=\"\" width=\"875\" height=\"571\" srcset=\"https:\/\/wp.rncmobile.net\/wp-content\/uploads\/2022\/01\/Reunion_Classe_DL_C2021.png 875w, https:\/\/wp.rncmobile.net\/wp-content\/uploads\/2022\/01\/Reunion_Classe_DL_C2021-300x196.png 300w, https:\/\/wp.rncmobile.net\/wp-content\/uploads\/2022\/01\/Reunion_Classe_DL_C2021-768x501.png 768w, https:\/\/wp.rncmobile.net\/wp-content\/uploads\/2022\/01\/Reunion_Classe_DL_C2021-624x407.png 624w\" sizes=\"auto, (max-width: 875px) 100vw, 875px\" \/><\/a><\/p>\n<p><a href=\"https:\/\/wp.rncmobile.net\/wp-content\/uploads\/2022\/01\/Reunion_Classe_DL_C2020.png\"><img loading=\"lazy\" decoding=\"async\" class=\"aligncenter wp-image-7665 size-full\" src=\"https:\/\/wp.rncmobile.net\/wp-content\/uploads\/2022\/01\/Reunion_Classe_DL_C2020.png\" alt=\"\" width=\"875\" height=\"571\" srcset=\"https:\/\/wp.rncmobile.net\/wp-content\/uploads\/2022\/01\/Reunion_Classe_DL_C2020.png 875w, https:\/\/wp.rncmobile.net\/wp-content\/uploads\/2022\/01\/Reunion_Classe_DL_C2020-300x196.png 300w, https:\/\/wp.rncmobile.net\/wp-content\/uploads\/2022\/01\/Reunion_Classe_DL_C2020-768x501.png 768w, https:\/\/wp.rncmobile.net\/wp-content\/uploads\/2022\/01\/Reunion_Classe_DL_C2020-624x407.png 624w\" sizes=\"auto, (max-width: 875px) 100vw, 875px\" \/><\/a><\/p>\n<p><a href=\"https:\/\/wp.rncmobile.net\/wp-content\/uploads\/2022\/01\/Reunion_Classe_DL_C2019.png\"><img loading=\"lazy\" decoding=\"async\" class=\"aligncenter wp-image-7666 size-full\" src=\"https:\/\/wp.rncmobile.net\/wp-content\/uploads\/2022\/01\/Reunion_Classe_DL_C2019.png\" alt=\"\" width=\"875\" height=\"571\" srcset=\"https:\/\/wp.rncmobile.net\/wp-content\/uploads\/2022\/01\/Reunion_Classe_DL_C2019.png 875w, https:\/\/wp.rncmobile.net\/wp-content\/uploads\/2022\/01\/Reunion_Classe_DL_C2019-300x196.png 300w, https:\/\/wp.rncmobile.net\/wp-content\/uploads\/2022\/01\/Reunion_Classe_DL_C2019-768x501.png 768w, https:\/\/wp.rncmobile.net\/wp-content\/uploads\/2022\/01\/Reunion_Classe_DL_C2019-624x407.png 624w\" sizes=\"auto, (max-width: 875px) 100vw, 875px\" \/><\/a><\/p>\n<p><a href=\"https:\/\/wp.rncmobile.net\/wp-content\/uploads\/2022\/01\/Reunion_Classe_DL_C2018.png\"><img loading=\"lazy\" decoding=\"async\" class=\"aligncenter wp-image-7667 size-full\" src=\"https:\/\/wp.rncmobile.net\/wp-content\/uploads\/2022\/01\/Reunion_Classe_DL_C2018.png\" alt=\"\" width=\"875\" height=\"571\" srcset=\"https:\/\/wp.rncmobile.net\/wp-content\/uploads\/2022\/01\/Reunion_Classe_DL_C2018.png 875w, https:\/\/wp.rncmobile.net\/wp-content\/uploads\/2022\/01\/Reunion_Classe_DL_C2018-300x196.png 300w, https:\/\/wp.rncmobile.net\/wp-content\/uploads\/2022\/01\/Reunion_Classe_DL_C2018-768x501.png 768w, https:\/\/wp.rncmobile.net\/wp-content\/uploads\/2022\/01\/Reunion_Classe_DL_C2018-624x407.png 624w\" sizes=\"auto, (max-width: 875px) 100vw, 875px\" \/><\/a><\/p>\n<p>La comparaison des quatre graphes ne permet pas de mesurer des tendances \u00e0 une \u00e9volution favorable. Chacune des tranches reste assez stable d&rsquo;une ann\u00e9e \u00e0 l&rsquo;autre nonobstant quelques variations sans signification compte-tenu de la petite taille de l&rsquo;\u00e9chantillon analys\u00e9. Cette stabilit\u00e9 n&rsquo;a rien de surprenant puisque le r\u00e9seau n&rsquo;a pas connu de sensibles \u00e9volutions telles que l&rsquo;\u00e9largissement de la largeur de bande exploitable depuis son lancement.<\/p>\n<hr \/>\n<h1>\u00a0<\/h1>\n<h1>IV &#8211; Profil des d\u00e9bits<\/h1>\n<p>La simple comparaison de moyennes ne permettant pas de rendre compte de la diversit\u00e9 et la complexit\u00e9 des situations rencontr\u00e9es sur un parc de stations mobiles, la comparaison des d\u00e9bits entre les technologies repose sur la d\u00e9termination de profils de d\u00e9bits construits \u00e0 partir de la notion statistique de percentiles.<\/p>\n<h2>IV &#8211; 1 Les d\u00e9bits descendants<\/h2>\n<h2>IV &#8211; 1.1 Les d\u00e9bits descendants sur la p\u00e9riode 2018-2021<\/h2>\n<p><a href=\"https:\/\/wp.rncmobile.net\/wp-content\/uploads\/2022\/01\/Reunion_DL_3G4G.png\"><img loading=\"lazy\" decoding=\"async\" class=\"aligncenter wp-image-7652 size-full\" src=\"https:\/\/wp.rncmobile.net\/wp-content\/uploads\/2022\/01\/Reunion_DL_3G4G.png\" alt=\"\" width=\"666\" height=\"470\" srcset=\"https:\/\/wp.rncmobile.net\/wp-content\/uploads\/2022\/01\/Reunion_DL_3G4G.png 666w, https:\/\/wp.rncmobile.net\/wp-content\/uploads\/2022\/01\/Reunion_DL_3G4G-300x212.png 300w, https:\/\/wp.rncmobile.net\/wp-content\/uploads\/2022\/01\/Reunion_DL_3G4G-624x440.png 624w\" sizes=\"auto, (max-width: 666px) 100vw, 666px\" \/><\/a><\/p>\n<p>La valeur m\u00e9diane des mesures passe de 7,3 Mbps en 3G \u00e0 35 Mbps en 4G, soit une progression de +377% entre les deux technologies.<\/p>\n<hr \/>\n<h2>IV &#8211; 1.2 Comparaison avec la M\u00e9tropole<\/h2>\n<p><a href=\"https:\/\/wp.rncmobile.net\/wp-content\/uploads\/2022\/01\/Reunion_DL_4G.png\"><img loading=\"lazy\" decoding=\"async\" class=\"aligncenter wp-image-7657 size-full\" src=\"https:\/\/wp.rncmobile.net\/wp-content\/uploads\/2022\/01\/Reunion_DL_4G.png\" alt=\"\" width=\"666\" height=\"470\" srcset=\"https:\/\/wp.rncmobile.net\/wp-content\/uploads\/2022\/01\/Reunion_DL_4G.png 666w, https:\/\/wp.rncmobile.net\/wp-content\/uploads\/2022\/01\/Reunion_DL_4G-300x212.png 300w, https:\/\/wp.rncmobile.net\/wp-content\/uploads\/2022\/01\/Reunion_DL_4G-624x440.png 624w\" sizes=\"auto, (max-width: 666px) 100vw, 666px\" \/><\/a><\/p>\n<p>On constate que les d\u00e9bits \u00e0 La R\u00e9union sont plus faibles qu\u2019en France M\u00e9tropolitaine. Cela pourrait s\u2019expliquer par la congestion du r\u00e9seau de TELCO OI sur l\u2019\u00eele qui entra\u00eene de la saturation dans les zones les plus denses. Mais l&rsquo;explication principale provient du recours ici au 2CA alors que le 3CA est syst\u00e9matiquement utilis\u00e9 dans l\u2019Hexagone. Depuis ao\u00fbt 2021, le 4CA se substitue m\u00eame progressivement au 3CA en m\u00e9tropole.<\/p>\n<hr \/>\n<p><a href=\"https:\/\/wp.rncmobile.net\/wp-content\/uploads\/2022\/01\/Reunion_DL_3G.png\"><img loading=\"lazy\" decoding=\"async\" class=\"aligncenter wp-image-7658 size-full\" src=\"https:\/\/wp.rncmobile.net\/wp-content\/uploads\/2022\/01\/Reunion_DL_3G.png\" alt=\"\" width=\"666\" height=\"470\" srcset=\"https:\/\/wp.rncmobile.net\/wp-content\/uploads\/2022\/01\/Reunion_DL_3G.png 666w, https:\/\/wp.rncmobile.net\/wp-content\/uploads\/2022\/01\/Reunion_DL_3G-300x212.png 300w, https:\/\/wp.rncmobile.net\/wp-content\/uploads\/2022\/01\/Reunion_DL_3G-624x440.png 624w\" sizes=\"auto, (max-width: 666px) 100vw, 666px\" \/><\/a><\/p>\n<p>En ce qui concerne la 3G, on s\u2019aper\u00e7oit que les d\u00e9bits sont plus importants \u00e0 La R\u00e9union qu\u2019en M\u00e9tropole (la progression sur la m\u00e9diane est de 44%). Cela s\u2019explique par l&rsquo;utilisation d&rsquo;un spectre plus large de 50 \u00e0 100% selon la fr\u00e9quence ayant contribu\u00e9 au test.<\/p>\n<hr \/>\n<h2>IV &#8211; 2 Les d\u00e9bits montants<\/h2>\n<p><a href=\"https:\/\/wp.rncmobile.net\/wp-content\/uploads\/2022\/01\/Reunion_UL_3G4G.png\"><img loading=\"lazy\" decoding=\"async\" class=\"aligncenter wp-image-7653 size-full\" src=\"https:\/\/wp.rncmobile.net\/wp-content\/uploads\/2022\/01\/Reunion_UL_3G4G.png\" alt=\"\" width=\"941\" height=\"515\" srcset=\"https:\/\/wp.rncmobile.net\/wp-content\/uploads\/2022\/01\/Reunion_UL_3G4G.png 941w, https:\/\/wp.rncmobile.net\/wp-content\/uploads\/2022\/01\/Reunion_UL_3G4G-300x164.png 300w, https:\/\/wp.rncmobile.net\/wp-content\/uploads\/2022\/01\/Reunion_UL_3G4G-768x420.png 768w, https:\/\/wp.rncmobile.net\/wp-content\/uploads\/2022\/01\/Reunion_UL_3G4G-624x342.png 624w\" sizes=\"auto, (max-width: 941px) 100vw, 941px\" \/><\/a><\/p>\n<p>En valeur m\u00e9diane, les performances s&rsquo;am\u00e9liorent de <strong>452% entre 3G et 4G<\/strong>. L&rsquo;am\u00e9lioration sur le seuil des 1% des mesures les plus performantes (dernier percentile) conduit a une multiplication par pr\u00e8s de <strong>10<\/strong> des d\u00e9bits.<\/p>\n<hr \/>\n<h1>\u00a0<\/h1>\n<h1>V &#8211; Les communes concern\u00e9es<\/h1>\n<h2>V &#8211; 1 Les 56 communes test\u00e9es<\/h2>\n<p>Les communes de La R\u00e9union et de Mayotte sur lesquelles ont \u00e9t\u00e9 r\u00e9alis\u00e9s les mesures de d\u00e9bit sont les suivantes :<\/p>\n<p><a href=\"https:\/\/wp.rncmobile.net\/wp-content\/uploads\/2022\/01\/58_communes_2022-01-01.png\"><img loading=\"lazy\" decoding=\"async\" class=\"aligncenter wp-image-7654 size-full\" src=\"https:\/\/wp.rncmobile.net\/wp-content\/uploads\/2022\/01\/58_communes_2022-01-01.png\" alt=\"\" width=\"390\" height=\"517\" srcset=\"https:\/\/wp.rncmobile.net\/wp-content\/uploads\/2022\/01\/58_communes_2022-01-01.png 390w, https:\/\/wp.rncmobile.net\/wp-content\/uploads\/2022\/01\/58_communes_2022-01-01-226x300.png 226w\" sizes=\"auto, (max-width: 390px) 100vw, 390px\" \/><\/a><\/p>\n<hr \/>\n<h2>V &#8211; 2 Les communes les plus test\u00e9es<\/h2>\n<p>Sur les <strong>3411<\/strong> mesures de d\u00e9bit, <strong>3057<\/strong> sont r\u00e9alis\u00e9es en 4G contre <strong>354<\/strong> en 3G.<\/p>\n<p>Tableau des communes de La R\u00e9union et de Mayotte disposant de plus de trois mesures de d\u00e9bit et nombre de tests r\u00e9alis\u00e9s par technologie :<\/p>\n<h2><a href=\"https:\/\/wp.rncmobile.net\/wp-content\/uploads\/2022\/01\/58_communes4_2022-01-01.png\"><img loading=\"lazy\" decoding=\"async\" class=\"aligncenter wp-image-7655 size-full\" src=\"https:\/\/wp.rncmobile.net\/wp-content\/uploads\/2022\/01\/58_communes4_2022-01-01.png\" alt=\"\" width=\"382\" height=\"658\" srcset=\"https:\/\/wp.rncmobile.net\/wp-content\/uploads\/2022\/01\/58_communes4_2022-01-01.png 382w, https:\/\/wp.rncmobile.net\/wp-content\/uploads\/2022\/01\/58_communes4_2022-01-01-174x300.png 174w\" sizes=\"auto, (max-width: 382px) 100vw, 382px\" \/><\/a><\/h2>\n<hr \/>\n<p>&nbsp;<\/p>\n<p><strong>Voila, ce mini-observatoire est maintenant termin\u00e9, nous vous donnons rendez-vous prochainement !<br \/>\n<\/strong><\/p>\n<p><strong>N&rsquo;h\u00e9sitez pas \u00e0 nous remonter <a href=\"https:\/\/twitter.com\/RNCMobile_Re\" target=\"_blank\" rel=\"noopener\">vos remarques via Twitter<\/a>, \u00e0 bient\u00f4t.<\/strong><\/p>\n","protected":false},"excerpt":{"rendered":"<p>&nbsp; illustration par TomZZ Ce document est une d\u00e9clinaison pour les d\u00e9partements de La R\u00e9union et de Mayotte des analyses r\u00e9alis\u00e9es pour l&rsquo;Observatoire RNCmobile des d\u00e9bits pour la m\u00e9tropole. \u00a0 I &#8211; Volume de donn\u00e9es trait\u00e9es Les 3411 mesures de d\u00e9bit r\u00e9alis\u00e9es entre 2018 et 2021 se r\u00e9partissent &#8211; par mois et par technologie &#8211; [&hellip;]<\/p>\n","protected":false},"author":2,"featured_media":0,"parent":6996,"menu_order":0,"comment_status":"closed","ping_status":"closed","template":"","meta":{"footnotes":""},"class_list":["post-7629","page","type-page","status-publish","hentry"],"_links":{"self":[{"href":"https:\/\/wp.rncmobile.net\/index.php\/wp-json\/wp\/v2\/pages\/7629","targetHints":{"allow":["GET"]}}],"collection":[{"href":"https:\/\/wp.rncmobile.net\/index.php\/wp-json\/wp\/v2\/pages"}],"about":[{"href":"https:\/\/wp.rncmobile.net\/index.php\/wp-json\/wp\/v2\/types\/page"}],"author":[{"embeddable":true,"href":"https:\/\/wp.rncmobile.net\/index.php\/wp-json\/wp\/v2\/users\/2"}],"replies":[{"embeddable":true,"href":"https:\/\/wp.rncmobile.net\/index.php\/wp-json\/wp\/v2\/comments?post=7629"}],"version-history":[{"count":30,"href":"https:\/\/wp.rncmobile.net\/index.php\/wp-json\/wp\/v2\/pages\/7629\/revisions"}],"predecessor-version":[{"id":7718,"href":"https:\/\/wp.rncmobile.net\/index.php\/wp-json\/wp\/v2\/pages\/7629\/revisions\/7718"}],"up":[{"embeddable":true,"href":"https:\/\/wp.rncmobile.net\/index.php\/wp-json\/wp\/v2\/pages\/6996"}],"wp:attachment":[{"href":"https:\/\/wp.rncmobile.net\/index.php\/wp-json\/wp\/v2\/media?parent=7629"}],"curies":[{"name":"wp","href":"https:\/\/api.w.org\/{rel}","templated":true}]}}