{"id":8639,"date":"2022-08-25T21:40:57","date_gmt":"2022-08-25T19:40:57","guid":{"rendered":"https:\/\/wp.rncmobile.net\/?page_id=8639"},"modified":"2023-07-01T15:29:29","modified_gmt":"2023-07-01T13:29:29","slug":"observatoire-des-debits-point-au-2eme-trimestre-2022","status":"publish","type":"page","link":"https:\/\/wp.rncmobile.net\/index.php\/observatoire-des-debits\/observatoire-des-debits-point-au-2eme-trimestre-2022\/","title":{"rendered":"Observatoire des d\u00e9bits \u2013 Point au 2\u00e8me trimestre 2022"},"content":{"rendered":"<p><a href=\"https:\/\/twitter.com\/tomf1zz\/\" target=\"_blank\" rel=\"noopener\"><img loading=\"lazy\" decoding=\"async\" class=\"aligncenter wp-image-5716 size-full\" src=\"https:\/\/wp.rncmobile.net\/wp-content\/uploads\/2021\/05\/Logo-observatoire-rncmobile.png\" alt=\"\" width=\"938\" height=\"677\" srcset=\"https:\/\/wp.rncmobile.net\/wp-content\/uploads\/2021\/05\/Logo-observatoire-rncmobile.png 938w, https:\/\/wp.rncmobile.net\/wp-content\/uploads\/2021\/05\/Logo-observatoire-rncmobile-300x217.png 300w, https:\/\/wp.rncmobile.net\/wp-content\/uploads\/2021\/05\/Logo-observatoire-rncmobile-768x554.png 768w, https:\/\/wp.rncmobile.net\/wp-content\/uploads\/2021\/05\/Logo-observatoire-rncmobile-624x450.png 624w\" sizes=\"auto, (max-width: 938px) 100vw, 938px\" \/><\/a><\/p>\n<h1 style=\"text-align: center;\"><a href=\"https:\/\/twitter.com\/tomf1zz\/\" target=\"_blank\" rel=\"noopener\"><span style=\"font-size: 8pt;\">illustration par TomZZ<\/span><\/a><\/h1>\n<h2>I &#8211; Positionnement<\/h2>\n<p>RNC Mobile est un projet initi\u00e9 par des b\u00e9n\u00e9voles passionn\u00e9s des t\u00e9l\u00e9coms et port\u00e9 par la communaut\u00e9 des Freenautes (clients chez Free). Son but est de centraliser les donn\u00e9es d\u2019identification des antennes Freemobile envoy\u00e9es par les utilisateurs de l&rsquo;<a href=\"https:\/\/play.google.com\/store\/apps\/details?id=org.rncteam.rncfreemobile&amp;hl=fr\" target=\"_blank\" rel=\"noopener\">application d\u00e9di\u00e9e (Android)<\/a> mais pas que. En effet depuis l&rsquo;\u00e9t\u00e9 2017 il est possible de mesurer les d\u00e9bits montants et descendants en chargeant plusieurs fichiers simultan\u00e9ment sur plusieurs serveurs diff\u00e9rents et participer ainsi aux statistiques <a href=\"https:\/\/rncmobile.net\/site\/2967\" target=\"_blank\" rel=\"noopener\">des fiches des sites radio<\/a>. Particularit\u00e9s importantes, un test de d\u00e9bit n&rsquo;est valide que s&rsquo;il est enti\u00e8rement fait sur le m\u00eame site radio, dans la m\u00eame technologie (3G\/4G\/5G) et uniquement sur le r\u00e9seau propre Freemobile. En d&rsquo;autres termes, si durant le processus un changement de site ou de technologie s&rsquo;op\u00e8re, le test est abandonn\u00e9. Cet observatoire va donc s&rsquo;appuyer sur cette base de donn\u00e9es aliment\u00e9e r\u00e9guli\u00e8rement par la communaut\u00e9 et nous vous proposerons chaque trimestre des statistiques qui en d\u00e9couleront afin de compl\u00e9ter celles d\u00e9j\u00e0 disponibles.<\/p>\n<hr \/>\n<h2 align=\"left\">\u00a0<\/h2>\n<h2 align=\"left\">II &#8211; Volume de donn\u00e9es trait\u00e9es<\/h2>\n<p>Le nombre total de mesures de d\u00e9bit se stabilise au-dessus de 10000 valeurs mensuelles depuis plusieurs mois (attention : le mois d&rsquo;ao\u00fbt est partiel). Les tests en 4G restent en-de\u00e7a des 5000 tandis que les mesures en 5G se maintiennent au-del\u00e0 de 5000 depuis le d\u00e9but de l&rsquo;ann\u00e9e 2022.<\/p>\n<p><a href=\"https:\/\/wp.rncmobile.net\/wp-content\/uploads\/2022\/08\/An_Mois-H.png\"><img loading=\"lazy\" decoding=\"async\" class=\"aligncenter wp-image-8642 size-full\" src=\"https:\/\/wp.rncmobile.net\/wp-content\/uploads\/2022\/08\/An_Mois-H.png\" alt=\"\" width=\"1025\" height=\"488\" srcset=\"https:\/\/wp.rncmobile.net\/wp-content\/uploads\/2022\/08\/An_Mois-H.png 1025w, https:\/\/wp.rncmobile.net\/wp-content\/uploads\/2022\/08\/An_Mois-H-300x143.png 300w, https:\/\/wp.rncmobile.net\/wp-content\/uploads\/2022\/08\/An_Mois-H-768x366.png 768w, https:\/\/wp.rncmobile.net\/wp-content\/uploads\/2022\/08\/An_Mois-H-624x297.png 624w\" sizes=\"auto, (max-width: 1025px) 100vw, 1025px\" \/><\/a><\/p>\n<hr \/>\n<p>La proportion des mesures de d\u00e9bit en 5G reste donc logiquement au-del\u00e0 des <strong>50 % <\/strong>des tests depuis novembre 2021, sans r\u00e9ussir n\u00e9anmoins \u00e0 d\u00e9passer les <strong>59\u00a0%<\/strong> atteints en d\u00e9cembre 2021.<\/p>\n<p><a href=\"https:\/\/wp.rncmobile.net\/wp-content\/uploads\/2022\/08\/An_Mois-H-1.png\"><img loading=\"lazy\" decoding=\"async\" class=\"aligncenter wp-image-8643 size-full\" src=\"https:\/\/wp.rncmobile.net\/wp-content\/uploads\/2022\/08\/An_Mois-H-1.png\" alt=\"\" width=\"1097\" height=\"456\" srcset=\"https:\/\/wp.rncmobile.net\/wp-content\/uploads\/2022\/08\/An_Mois-H-1.png 1097w, https:\/\/wp.rncmobile.net\/wp-content\/uploads\/2022\/08\/An_Mois-H-1-300x125.png 300w, https:\/\/wp.rncmobile.net\/wp-content\/uploads\/2022\/08\/An_Mois-H-1-1024x426.png 1024w, https:\/\/wp.rncmobile.net\/wp-content\/uploads\/2022\/08\/An_Mois-H-1-768x319.png 768w, https:\/\/wp.rncmobile.net\/wp-content\/uploads\/2022\/08\/An_Mois-H-1-624x259.png 624w\" sizes=\"auto, (max-width: 1097px) 100vw, 1097px\" \/><\/a><\/p>\n<hr \/>\n<h2>\u00a0<\/h2>\n<h2>III &#8211; Contexte<\/h2>\n<h3>III &#8211; 1 D\u00e9ploiement des fr\u00e9quences 4G<\/h3>\n<p>Les trois fr\u00e9quences 4G d\u00e9ploy\u00e9es depuis plusieurs ann\u00e9es se situent entre <strong>90%<\/strong> et <strong>97%<\/strong> des sites \u00e9quip\u00e9s en 4G. Le 2100 MHz, disponible que depuis fin ao\u00fbt 2021, atteint d\u00e9j\u00e0 <strong>19 %<\/strong> des sites. La plupart des antennes hors zone blanche sont donc capables d\u2019agr\u00e9ger 3 fr\u00e9quences (3CA). Une sur cinq peut m\u00eame \u00e9mettre en 4CA.<\/p>\n<p><a href=\"https:\/\/wp.rncmobile.net\/wp-content\/uploads\/2022\/08\/Deploiement_frequences_4G.png\"><img loading=\"lazy\" decoding=\"async\" class=\"aligncenter wp-image-8644 size-full\" src=\"https:\/\/wp.rncmobile.net\/wp-content\/uploads\/2022\/08\/Deploiement_frequences_4G.png\" alt=\"\" width=\"894\" height=\"559\" srcset=\"https:\/\/wp.rncmobile.net\/wp-content\/uploads\/2022\/08\/Deploiement_frequences_4G.png 894w, https:\/\/wp.rncmobile.net\/wp-content\/uploads\/2022\/08\/Deploiement_frequences_4G-300x188.png 300w, https:\/\/wp.rncmobile.net\/wp-content\/uploads\/2022\/08\/Deploiement_frequences_4G-768x480.png 768w, https:\/\/wp.rncmobile.net\/wp-content\/uploads\/2022\/08\/Deploiement_frequences_4G-624x390.png 624w\" sizes=\"auto, (max-width: 894px) 100vw, 894px\" \/><\/a><\/p>\n<hr \/>\n<h3>III &#8211; 2 D\u00e9ploiement des fr\u00e9quences 5G<\/h3>\n<p>En six trimestres, la part des \u00e9quipements modernis\u00e9s pour apporter la 5G est pass\u00e9e de <strong>34 %<\/strong> \u00e0 <strong>74 %<\/strong> des sites actifs (hors zone blanche). L&rsquo;adjonction de la fr\u00e9quence 3,5 GHz a \u00e9t\u00e9 multipli\u00e9e par <strong>9<\/strong> (<strong>2<\/strong> \u00e0 <strong>18<\/strong><strong>%<\/strong>). Il est \u00e0 noter que le diff\u00e9rentiel entre 18 et 74%, soit<strong> 56%<\/strong> des sites 5G 700MHz actifs repr\u00e9sente un vivier dans lequel Freemobile peut d\u00e9cider sans grands travaux d&rsquo;ajouter du 3.5GHz, ils sont d\u00e9j\u00e0 migr\u00e9s sur la gamme Nokia Airscale n\u00e9cessaire pour la 5G.<\/p>\n<p>La part des installations \u00e9quip\u00e9es en 5G boost\u00e9es par l&rsquo;ajout d&rsquo;une bande de 70 MHz a \u00e9t\u00e9 multipli\u00e9e par plus de trois (<strong>7%<\/strong> \u00e0 <strong>24%<\/strong>).<\/p>\n<p><a href=\"https:\/\/wp.rncmobile.net\/wp-content\/uploads\/2022\/08\/Deploiement_frequences_5G-2.png\"><img loading=\"lazy\" decoding=\"async\" class=\"aligncenter wp-image-8697 size-full\" src=\"https:\/\/wp.rncmobile.net\/wp-content\/uploads\/2022\/08\/Deploiement_frequences_5G-2.png\" alt=\"\" width=\"927\" height=\"539\" srcset=\"https:\/\/wp.rncmobile.net\/wp-content\/uploads\/2022\/08\/Deploiement_frequences_5G-2.png 927w, https:\/\/wp.rncmobile.net\/wp-content\/uploads\/2022\/08\/Deploiement_frequences_5G-2-300x174.png 300w, https:\/\/wp.rncmobile.net\/wp-content\/uploads\/2022\/08\/Deploiement_frequences_5G-2-768x447.png 768w, https:\/\/wp.rncmobile.net\/wp-content\/uploads\/2022\/08\/Deploiement_frequences_5G-2-624x363.png 624w\" sizes=\"auto, (max-width: 927px) 100vw, 927px\" \/><\/a><\/p>\n<p>NB : D&rsquo;autres \u00e9l\u00e9ments de contexte sont visibles sur les versions pr\u00e9c\u00e9dentes. Ils ne seront pas rappel\u00e9s ici. Nous renvoyons \u00e0 la lecture des pr\u00e9c\u00e9dentes versions de l&rsquo;<a href=\"https:\/\/rncmobile.net\/wp\/6996\" target=\"_blank\" rel=\"noopener\">Observatoire<\/a>.<\/p>\n<hr \/>\n<h2>\u00a0<\/h2>\n<h2>IV &#8211; \u00c9volution des mesures de d\u00e9bit 5G<\/h2>\n<p>Les fr\u00e9quences 3G n&rsquo;\u00e9tant plus utilis\u00e9e que pour la t\u00e9l\u00e9phonie et la fr\u00e9quence 4G restant assez stable mis \u00e0 part l&rsquo;introduction r\u00e9cente de la nouvelle fr\u00e9quence de 2100 MHz, nous nous int\u00e9resserons prioritairement \u00e0 la technologie 5G. La 4G ne sera analys\u00e9e qu&rsquo;\u00e0 l&rsquo;\u00e9chelle annuelle.<\/p>\n<p><em>La simple analyse des moyennes ne permettant pas de rendre compte de la diversit\u00e9 et la complexit\u00e9 des situations rencontr\u00e9es sur un parc de stations mobiles, la comparaison des performances entre les technologies repose sur la d\u00e9termination de profils de d\u00e9bits construits \u00e0 partir de la notion statistique de percentiles.<\/em><\/p>\n<hr \/>\n<h3 class=\"western\">IV &#8211; 1 Les d\u00e9bits descendants moyens sur le dernier trimestre compar\u00e9s au premier trimestre 2021<\/h3>\n<p><a href=\"https:\/\/wp.rncmobile.net\/wp-content\/uploads\/2022\/08\/DL_Evo_Profil_trim.png\"><img loading=\"lazy\" decoding=\"async\" class=\"aligncenter wp-image-8653 size-full\" src=\"https:\/\/wp.rncmobile.net\/wp-content\/uploads\/2022\/08\/DL_Evo_Profil_trim.png\" alt=\"\" width=\"666\" height=\"470\" srcset=\"https:\/\/wp.rncmobile.net\/wp-content\/uploads\/2022\/08\/DL_Evo_Profil_trim.png 666w, https:\/\/wp.rncmobile.net\/wp-content\/uploads\/2022\/08\/DL_Evo_Profil_trim-300x212.png 300w, https:\/\/wp.rncmobile.net\/wp-content\/uploads\/2022\/08\/DL_Evo_Profil_trim-624x440.png 624w\" sizes=\"auto, (max-width: 666px) 100vw, 666px\" \/><\/a><\/p>\n<p>La m\u00e9diane a fortement progress\u00e9 depuis le lancement effectif de la 5G au premier trimestre 2021. On passe d&rsquo;une valeur de <strong>164 Mbps<\/strong> \u00e0 <strong>366 Mbps,<\/strong> soit une progression de <strong>+123%. <\/strong>Elle a donc encore \u00e9volu\u00e9e de <strong>30%<\/strong> par rapport au trimestre pr\u00e9c\u00e9dent (<strong>366 vs 281 Mbps<\/strong>).<\/p>\n<p>Si l&rsquo;on int\u00e9resse aux mesures de d\u00e9bits les plus performantes, on constate que le seuil des meilleurs 1% (dernier percentile) a progress\u00e9 de <strong>49% <\/strong>par rapport au trimestre du lancement et de <strong>9%<\/strong> sur le trimestre pr\u00e9c\u00e9dent.<strong><br \/>\n<\/strong><\/p>\n<p>Le quart le plus performant de l&rsquo;\u00e9chantillon a \u00e9galement progress\u00e9 de <strong>45% <\/strong>depuis le lancement.<\/p>\n<hr \/>\n<h3 class=\"western\">IV &#8211; 2 Par trimestre depuis 2021<\/h3>\n<p><a href=\"https:\/\/wp.rncmobile.net\/wp-content\/uploads\/2022\/08\/DL_Evo_Histo_trim.png\"><img loading=\"lazy\" decoding=\"async\" class=\"aligncenter wp-image-8654 size-full\" src=\"https:\/\/wp.rncmobile.net\/wp-content\/uploads\/2022\/08\/DL_Evo_Histo_trim.png\" alt=\"\" width=\"943\" height=\"530\" srcset=\"https:\/\/wp.rncmobile.net\/wp-content\/uploads\/2022\/08\/DL_Evo_Histo_trim.png 943w, https:\/\/wp.rncmobile.net\/wp-content\/uploads\/2022\/08\/DL_Evo_Histo_trim-300x169.png 300w, https:\/\/wp.rncmobile.net\/wp-content\/uploads\/2022\/08\/DL_Evo_Histo_trim-768x432.png 768w, https:\/\/wp.rncmobile.net\/wp-content\/uploads\/2022\/08\/DL_Evo_Histo_trim-624x351.png 624w\" sizes=\"auto, (max-width: 943px) 100vw, 943px\" \/><\/a><\/p>\n<p>Pour le dernier trimestre, l&rsquo;\u00e9volution des d\u00e9bits est assez uniforme sur l&rsquo;ensemble des secteurs de l&rsquo;\u00e9chantillon. C&rsquo;est le reflet d&rsquo;un effort multi-domaine qui semble porter ses fruits sur l&rsquo;ensemble du parc de stations mobiles (poursuite soutenue de la <strong>densification<\/strong> du parc, passage d&rsquo;une bande de <strong>60 \u00e0 70<\/strong> MHz pour les sites d\u00e9j\u00e0 dot\u00e9s de 3,5Hz, adjonction de la fr\u00e9quence <strong>3,5 GHz<\/strong> sur <strong>24%<\/strong> des sites \u00e9quip\u00e9s en 5G vs <strong>6%<\/strong> au lancement, recours assez massif \u00e0 l&rsquo;effet \u00ab\u00a0<strong>Intersites<\/strong>\u00a0\u00bb en zone urbaine, ajout de la fr\u00e9quence 2100 MHz en 4G amenant un gain de pr\u00e8s de <strong>100 Mbps<\/strong> sur pr\u00e8s de <strong>20%<\/strong> du parc, recours au <strong>MIMO4x4<\/strong> sur les fr\u00e9quences 4G sur la partie du patrimoine situ\u00e9e en zone tr\u00e8s dense).<\/p>\n<h3 class=\"western\">IV &#8211; 3 Par mois depuis janvier 2022<\/h3>\n<p><a href=\"https:\/\/wp.rncmobile.net\/wp-content\/uploads\/2022\/08\/DL_Evo_Histo_mensuel.png\"><img loading=\"lazy\" decoding=\"async\" class=\"aligncenter wp-image-8656 size-full\" src=\"https:\/\/wp.rncmobile.net\/wp-content\/uploads\/2022\/08\/DL_Evo_Histo_mensuel.png\" alt=\"\" width=\"943\" height=\"530\" srcset=\"https:\/\/wp.rncmobile.net\/wp-content\/uploads\/2022\/08\/DL_Evo_Histo_mensuel.png 943w, https:\/\/wp.rncmobile.net\/wp-content\/uploads\/2022\/08\/DL_Evo_Histo_mensuel-300x169.png 300w, https:\/\/wp.rncmobile.net\/wp-content\/uploads\/2022\/08\/DL_Evo_Histo_mensuel-768x432.png 768w, https:\/\/wp.rncmobile.net\/wp-content\/uploads\/2022\/08\/DL_Evo_Histo_mensuel-624x351.png 624w\" sizes=\"auto, (max-width: 943px) 100vw, 943px\" \/><\/a><\/p>\n<p>Les m\u00eames tendances g\u00e9n\u00e9rales peuvent \u00eatre observ\u00e9es en proc\u00e9dant \u00e0 l&rsquo;analyse avec un pas mensuel. Les cong\u00e9s annuels et les prises de RTT peuvent avoir perturb\u00e9 les r\u00e9sultats obtenus en mai et juillet-ao\u00fbt.<\/p>\n<hr \/>\n<h3 class=\"western\">IV &#8211; 4 Progression trimestrielle depuis le premier trimestre 2021<\/h3>\n<p><a href=\"https:\/\/wp.rncmobile.net\/wp-content\/uploads\/2022\/08\/DL_Evo_Progression_trim.png\"><img loading=\"lazy\" decoding=\"async\" class=\"aligncenter wp-image-8657 size-full\" src=\"https:\/\/wp.rncmobile.net\/wp-content\/uploads\/2022\/08\/DL_Evo_Progression_trim.png\" alt=\"\" width=\"846\" height=\"476\" srcset=\"https:\/\/wp.rncmobile.net\/wp-content\/uploads\/2022\/08\/DL_Evo_Progression_trim.png 846w, https:\/\/wp.rncmobile.net\/wp-content\/uploads\/2022\/08\/DL_Evo_Progression_trim-300x169.png 300w, https:\/\/wp.rncmobile.net\/wp-content\/uploads\/2022\/08\/DL_Evo_Progression_trim-768x432.png 768w, https:\/\/wp.rncmobile.net\/wp-content\/uploads\/2022\/08\/DL_Evo_Progression_trim-624x351.png 624w\" sizes=\"auto, (max-width: 846px) 100vw, 846px\" \/><\/a><\/p>\n<p>Cette autre repr\u00e9sentation graphique permet de mettre en parall\u00e8le les trois param\u00e8tres essentiels caract\u00e9risant les performances des \u00e9quipements, \u00e0 savoir le record obtenu sur la p\u00e9riode consid\u00e9r\u00e9e, la m\u00e9diane et la moyenne de l&rsquo;\u00e9chantillon.<\/p>\n<p>Apr\u00e8s une relative stabilit\u00e9 en 2021, la progression s&rsquo;est nettement affirm\u00e9e depuis le d\u00e9but de l&rsquo;ann\u00e9e 2022. Le record de la p\u00e9riode a m\u00eame devanc\u00e9 de quelques mois les \u00e9volutions des deux autres param\u00e8tres, mais se heurte \u00e0 une sorte de plafond li\u00e9 aux limites des technologies et du portefeuille de fr\u00e9quence de Freemobile(*). Ce maximum th\u00e9orique serait de 1585 Mbps (avec 60 MHz en 3,5 GHz et 10 MHz en LTE 2100).<\/p>\n<p>(*) sous r\u00e9serve de l&rsquo;utilisation d&rsquo;un mobile compatible.<\/p>\n<hr \/>\n<h3 class=\"western\">IV &#8211; 5 Progression mensuelle depuis le d\u00e9but de 2022<\/h3>\n<p><a href=\"https:\/\/wp.rncmobile.net\/wp-content\/uploads\/2022\/08\/DL_Evo_Progression_mensuelle.png\"><img loading=\"lazy\" decoding=\"async\" class=\"aligncenter wp-image-8658 size-full\" src=\"https:\/\/wp.rncmobile.net\/wp-content\/uploads\/2022\/08\/DL_Evo_Progression_mensuelle.png\" alt=\"\" width=\"846\" height=\"476\" srcset=\"https:\/\/wp.rncmobile.net\/wp-content\/uploads\/2022\/08\/DL_Evo_Progression_mensuelle.png 846w, https:\/\/wp.rncmobile.net\/wp-content\/uploads\/2022\/08\/DL_Evo_Progression_mensuelle-300x169.png 300w, https:\/\/wp.rncmobile.net\/wp-content\/uploads\/2022\/08\/DL_Evo_Progression_mensuelle-768x432.png 768w, https:\/\/wp.rncmobile.net\/wp-content\/uploads\/2022\/08\/DL_Evo_Progression_mensuelle-624x351.png 624w\" sizes=\"auto, (max-width: 846px) 100vw, 846px\" \/><\/a><\/p>\n<p>L&rsquo;effet perturbateur d\u00e9j\u00e0 signal\u00e9 rend plus difficile l&rsquo;appr\u00e9ciation des tendances relev\u00e9es ci-dessus.<\/p>\n<hr \/>\n<h2>\u00a0<\/h2>\n<h2>V &#8211; Les communes disposant de mesures de d\u00e9bits descendants sup\u00e9rieurs \u00e0 400 Mbps<\/h2>\n<p>Sur les <strong>28433<\/strong> mesures depuis l&rsquo;origine d\u00e9passant les 400 Mbps, <strong>28147<\/strong> ont \u00e9t\u00e9 r\u00e9alis\u00e9es en 5G contre <strong>286<\/strong> en 4G. Ces chiffres repr\u00e9sentent\u00a0 <strong>13%<\/strong> de tous les tests depuis le lancement de la 5G et <strong>29 %<\/strong> des mesures en 5G.<\/p>\n<h3 class=\"western\">V &#8211; 1 Les communes qui se sont ajout\u00e9es depuis le 1er avril 2022<\/h3>\n<p>Les communes dont le d\u00e9bit descendant exc\u00e8de 400 Mbps sont pass\u00e9es en trois mois de <strong>584<\/strong> \u00e0 <strong>893<\/strong>.<\/p>\n<p>Ce sont donc <strong>309<\/strong> communes &#8211; disposant d&rsquo;au moins une mesure de d\u00e9bit descendant de plus de 400 Mbps &#8211; qui se sont ajout\u00e9es depuis le 1er avril 2022.<\/p>\n<h3>V &#8211; 2 Les communes les plus test\u00e9es<\/h3>\n<p>Tableau des communes &#8211; disposant de plus de 200 mesures de d\u00e9bit descendant de plus de 400 Mbps depuis le lancement de la 5G.<\/p>\n<p><a href=\"https:\/\/wp.rncmobile.net\/wp-content\/uploads\/2022\/08\/Villes400.png\"><img loading=\"lazy\" decoding=\"async\" class=\"aligncenter wp-image-8662 size-full\" src=\"https:\/\/wp.rncmobile.net\/wp-content\/uploads\/2022\/08\/Villes400.png\" alt=\"\" width=\"407\" height=\"608\" srcset=\"https:\/\/wp.rncmobile.net\/wp-content\/uploads\/2022\/08\/Villes400.png 407w, https:\/\/wp.rncmobile.net\/wp-content\/uploads\/2022\/08\/Villes400-201x300.png 201w\" sizes=\"auto, (max-width: 407px) 100vw, 407px\" \/><\/a><\/p>\n<hr \/>\n<h2>\u00a0<\/h2>\n<h2>VI &#8211; Les mobiles ayant r\u00e9alis\u00e9s des mesures de d\u00e9bits descendants sup\u00e9rieures \u00e0 400 Mbps<\/h2>\n<h3>VI &#8211; 1 Les mobiles les plus utilis\u00e9s<\/h3>\n<p><strong>34<\/strong> mobiles ont r\u00e9alis\u00e9 au moins 100 mesures de d\u00e9bits de plus de 400 Mbps. Ceux-ci ont r\u00e9alis\u00e9 <strong>93,1%<\/strong> des tests en 5G.<\/p>\n<p><a href=\"https:\/\/wp.rncmobile.net\/wp-content\/uploads\/2022\/08\/Mobiles400.png\"><img loading=\"lazy\" decoding=\"async\" class=\"aligncenter wp-image-8664 size-full\" src=\"https:\/\/wp.rncmobile.net\/wp-content\/uploads\/2022\/08\/Mobiles400.png\" alt=\"\" width=\"913\" height=\"678\" srcset=\"https:\/\/wp.rncmobile.net\/wp-content\/uploads\/2022\/08\/Mobiles400.png 913w, https:\/\/wp.rncmobile.net\/wp-content\/uploads\/2022\/08\/Mobiles400-300x223.png 300w, https:\/\/wp.rncmobile.net\/wp-content\/uploads\/2022\/08\/Mobiles400-768x570.png 768w, https:\/\/wp.rncmobile.net\/wp-content\/uploads\/2022\/08\/Mobiles400-624x463.png 624w\" sizes=\"auto, (max-width: 913px) 100vw, 913px\" \/><\/a><\/p>\n<hr \/>\n<h3>VI &#8211; 2 Les meilleurs scores<\/h3>\n<p>Tableau des mobiles &#8211; disposant des meilleures scores depuis le lancement de la 5G (en Mbps).<\/p>\n<p><a href=\"https:\/\/wp.rncmobile.net\/wp-content\/uploads\/2022\/08\/15-Meilleurs_smartphones_2022-08-28.png\"><img loading=\"lazy\" decoding=\"async\" class=\"aligncenter wp-image-8700 size-full\" src=\"https:\/\/wp.rncmobile.net\/wp-content\/uploads\/2022\/08\/15-Meilleurs_smartphones_2022-08-28.png\" alt=\"\" width=\"1835\" height=\"766\" srcset=\"https:\/\/wp.rncmobile.net\/wp-content\/uploads\/2022\/08\/15-Meilleurs_smartphones_2022-08-28.png 1835w, https:\/\/wp.rncmobile.net\/wp-content\/uploads\/2022\/08\/15-Meilleurs_smartphones_2022-08-28-300x125.png 300w, https:\/\/wp.rncmobile.net\/wp-content\/uploads\/2022\/08\/15-Meilleurs_smartphones_2022-08-28-1024x427.png 1024w, https:\/\/wp.rncmobile.net\/wp-content\/uploads\/2022\/08\/15-Meilleurs_smartphones_2022-08-28-768x321.png 768w, https:\/\/wp.rncmobile.net\/wp-content\/uploads\/2022\/08\/15-Meilleurs_smartphones_2022-08-28-1536x641.png 1536w, https:\/\/wp.rncmobile.net\/wp-content\/uploads\/2022\/08\/15-Meilleurs_smartphones_2022-08-28-624x260.png 624w\" sizes=\"auto, (max-width: 1835px) 100vw, 1835px\" \/><\/a><\/p>\n<hr \/>\n<p>Voila, cet observatoire est maintenant termin\u00e9, nous vous donnons rendez-vous en octobre pour la nouvelle version int\u00e9grant le troisi\u00e8me trimestre !<\/p>\n<p>N&rsquo;h\u00e9sitez pas \u00e0 nous remonter <a href=\"https:\/\/twitter.com\/rncmobile\" target=\"_blank\" rel=\"noopener\">vos remarques via Twitter<\/a>, \u00e0 bient\u00f4t.<\/p>\n","protected":false},"excerpt":{"rendered":"<p>illustration par TomZZ I &#8211; Positionnement RNC Mobile est un projet initi\u00e9 par des b\u00e9n\u00e9voles passionn\u00e9s des t\u00e9l\u00e9coms et port\u00e9 par la communaut\u00e9 des Freenautes (clients chez Free). Son but est de centraliser les donn\u00e9es d\u2019identification des antennes Freemobile envoy\u00e9es par les utilisateurs de l&rsquo;application d\u00e9di\u00e9e (Android) mais pas que. En effet depuis l&rsquo;\u00e9t\u00e9 2017 [&hellip;]<\/p>\n","protected":false},"author":2,"featured_media":0,"parent":6996,"menu_order":0,"comment_status":"closed","ping_status":"closed","template":"","meta":{"footnotes":""},"class_list":["post-8639","page","type-page","status-publish","hentry"],"_links":{"self":[{"href":"https:\/\/wp.rncmobile.net\/index.php\/wp-json\/wp\/v2\/pages\/8639","targetHints":{"allow":["GET"]}}],"collection":[{"href":"https:\/\/wp.rncmobile.net\/index.php\/wp-json\/wp\/v2\/pages"}],"about":[{"href":"https:\/\/wp.rncmobile.net\/index.php\/wp-json\/wp\/v2\/types\/page"}],"author":[{"embeddable":true,"href":"https:\/\/wp.rncmobile.net\/index.php\/wp-json\/wp\/v2\/users\/2"}],"replies":[{"embeddable":true,"href":"https:\/\/wp.rncmobile.net\/index.php\/wp-json\/wp\/v2\/comments?post=8639"}],"version-history":[{"count":35,"href":"https:\/\/wp.rncmobile.net\/index.php\/wp-json\/wp\/v2\/pages\/8639\/revisions"}],"predecessor-version":[{"id":8715,"href":"https:\/\/wp.rncmobile.net\/index.php\/wp-json\/wp\/v2\/pages\/8639\/revisions\/8715"}],"up":[{"embeddable":true,"href":"https:\/\/wp.rncmobile.net\/index.php\/wp-json\/wp\/v2\/pages\/6996"}],"wp:attachment":[{"href":"https:\/\/wp.rncmobile.net\/index.php\/wp-json\/wp\/v2\/media?parent=8639"}],"curies":[{"name":"wp","href":"https:\/\/api.w.org\/{rel}","templated":true}]}}