{"id":9463,"date":"2023-02-13T14:17:41","date_gmt":"2023-02-13T12:17:41","guid":{"rendered":"https:\/\/wp.rncmobile.net\/?page_id=9463"},"modified":"2023-07-01T15:29:16","modified_gmt":"2023-07-01T13:29:16","slug":"observatoire-des-debits-zoom-sur-la-reunion-et-mayotte","status":"publish","type":"page","link":"https:\/\/wp.rncmobile.net\/index.php\/observatoire-des-debits\/observatoire-des-debits-zoom-sur-la-reunion-et-mayotte\/","title":{"rendered":"Observatoire des d\u00e9bits &#8211; Zoom sur La R\u00e9union et Mayotte"},"content":{"rendered":"<p><a href=\"https:\/\/wp.rncmobile.net\/wp-content\/uploads\/2023\/02\/TomZZ.png\"><img loading=\"lazy\" decoding=\"async\" class=\"aligncenter wp-image-9477 size-full\" src=\"https:\/\/wp.rncmobile.net\/wp-content\/uploads\/2023\/02\/TomZZ.png\" alt=\"\" width=\"2556\" height=\"1944\" srcset=\"https:\/\/wp.rncmobile.net\/wp-content\/uploads\/2023\/02\/TomZZ.png 2556w, https:\/\/wp.rncmobile.net\/wp-content\/uploads\/2023\/02\/TomZZ-300x228.png 300w, https:\/\/wp.rncmobile.net\/wp-content\/uploads\/2023\/02\/TomZZ-1024x779.png 1024w, https:\/\/wp.rncmobile.net\/wp-content\/uploads\/2023\/02\/TomZZ-768x584.png 768w, https:\/\/wp.rncmobile.net\/wp-content\/uploads\/2023\/02\/TomZZ-1536x1168.png 1536w, https:\/\/wp.rncmobile.net\/wp-content\/uploads\/2023\/02\/TomZZ-2048x1558.png 2048w, https:\/\/wp.rncmobile.net\/wp-content\/uploads\/2023\/02\/TomZZ-624x475.png 624w\" sizes=\"auto, (max-width: 2556px) 100vw, 2556px\" \/><\/a><\/p>\n<p style=\"text-align: center;\"><a href=\"https:\/\/tomzz.fr\/\" target=\"_blank\" rel=\"noopener\">Illustration par TomZZ<\/a><\/p>\n<hr \/>\n<p>Ce document est une d\u00e9clinaison pour les d\u00e9partements de La R\u00e9union et de Mayotte des analyses r\u00e9alis\u00e9es pour l&rsquo;Observatoire RNC mobile des d\u00e9bits pour la m\u00e9tropole.<\/p>\n<h4>I &#8211; Volume de donn\u00e9es trait\u00e9es<\/h4>\n<p>Les 1120 mesures de d\u00e9bit r\u00e9alis\u00e9es entre 2021 et 2022 se r\u00e9partissent &#8211; par mois et par technologie &#8211; de la mani\u00e8re suivante :<\/p>\n<p><a href=\"https:\/\/wp.rncmobile.net\/wp-content\/uploads\/2023\/02\/Anmois.png\"><img loading=\"lazy\" decoding=\"async\" class=\"aligncenter wp-image-9466 size-full\" src=\"https:\/\/wp.rncmobile.net\/wp-content\/uploads\/2023\/02\/Anmois.png\" alt=\"\" width=\"1674\" height=\"713\" srcset=\"https:\/\/wp.rncmobile.net\/wp-content\/uploads\/2023\/02\/Anmois.png 1674w, https:\/\/wp.rncmobile.net\/wp-content\/uploads\/2023\/02\/Anmois-300x128.png 300w, https:\/\/wp.rncmobile.net\/wp-content\/uploads\/2023\/02\/Anmois-1024x436.png 1024w, https:\/\/wp.rncmobile.net\/wp-content\/uploads\/2023\/02\/Anmois-768x327.png 768w, https:\/\/wp.rncmobile.net\/wp-content\/uploads\/2023\/02\/Anmois-1536x654.png 1536w, https:\/\/wp.rncmobile.net\/wp-content\/uploads\/2023\/02\/Anmois-624x266.png 624w\" sizes=\"auto, (max-width: 1674px) 100vw, 1674px\" \/><\/a><\/p>\n<hr \/>\n<p><a href=\"https:\/\/wp.rncmobile.net\/wp-content\/uploads\/2023\/02\/Anmois-1.png\"><img loading=\"lazy\" decoding=\"async\" class=\"aligncenter wp-image-9467 size-full\" src=\"https:\/\/wp.rncmobile.net\/wp-content\/uploads\/2023\/02\/Anmois-1.png\" alt=\"\" width=\"1096\" height=\"456\" srcset=\"https:\/\/wp.rncmobile.net\/wp-content\/uploads\/2023\/02\/Anmois-1.png 1096w, https:\/\/wp.rncmobile.net\/wp-content\/uploads\/2023\/02\/Anmois-1-300x125.png 300w, https:\/\/wp.rncmobile.net\/wp-content\/uploads\/2023\/02\/Anmois-1-1024x426.png 1024w, https:\/\/wp.rncmobile.net\/wp-content\/uploads\/2023\/02\/Anmois-1-768x320.png 768w, https:\/\/wp.rncmobile.net\/wp-content\/uploads\/2023\/02\/Anmois-1-624x260.png 624w\" sizes=\"auto, (max-width: 1096px) 100vw, 1096px\" \/><\/a>Les variations mensuelles sont importantes et sont probablement aliment\u00e9es par la pr\u00e9sence de visiteurs venant de m\u00e9tropole pour des raisons professionnelles ou de tourisme \u00e0 certaines p\u00e9riodes de l&rsquo;ann\u00e9e. La faiblesse de l&rsquo;\u00e9chantillon permanent ne permet pas de lisser ces perturbations. 92\u00a0% des mesures sont r\u00e9alis\u00e9es en 4G en 2022 contre 97\u00a0% en 2021. Cette d\u00e9t\u00e9rioration est tr\u00e8s marqu\u00e9e sur la p\u00e9riode de d\u2019ao\u00fbt \u00e0 novembre 2022.<\/p>\n<hr \/>\n<h4>II &#8211; Contexte<\/h4>\n<h5>II &#8211; 1 D\u00e9ploiement des fr\u00e9quences 3G\/4G<\/h5>\n<p>Telco OI s&rsquo;est vu attribuer les fr\u00e9quences de 900 MHz et de 2100 MHz [largeur de 7,8 MHz sur la bande B8 et de 10 MHz affect\u00e9e \u00e0 la bande B1]. Elles sont actuellement utilis\u00e9es en 3G.<br \/>\nLes fr\u00e9quences de 800 MHz et de 1800 MHz [B20 &amp; B3] sont affect\u00e9es \u00e0 la 4G. L\u2019op\u00e9rateur poss\u00e8de \u00e9galement une licence pour une largeur de 15 MHz dans la bande 2600 MHz [B7] et pour une largeur r\u00e9siduelle de 4,8 MHz en 2100 MHz [B1] qui pourraient \u00eatre affect\u00e9es \u00e0 la 4G, mais elles restaient inutilis\u00e9es \u00e0 la fin de l\u2019ann\u00e9e 2022.<br \/>\nToutes ces fr\u00e9quences, lorsqu&rsquo;elles sont disponibles sur le site, permettent &#8211; actuellement &#8211; l&rsquo;agr\u00e9gation en 4G sur une largeur bande de 30 MHz [B20 &amp; B3], autorisant un d\u00e9bit th\u00e9orique de 294 Mbps en 2x2MIMO.<\/p>\n<h5>II &#8211; 2 D\u00e9ploiement des fr\u00e9quences 5G et extension de la 4G<\/h5>\n<p>L&rsquo;ARCEP a lanc\u00e9<a href=\"https:\/\/www.arcep.fr\/la-regulation\/grands-dossiers-thematiques-transverses\/la-regulation-des-telecoms-outre-mer\/appels-a-candidatures-en-cours-pour-lattribution-des-frequences-mobiles-outre-mer.html#c28621\" target=\"_blank\" rel=\"noopener\">La proc\u00e9dure d&rsquo;attribution des fr\u00e9quences utiles au d\u00e9veloppement de la 5G le 3 ao\u00fbt 2021<\/a> et Telco OI a obtenu, par l\u2019<a href=\"https:\/\/www.legifrance.gouv.fr\/jorf\/id\/JORFTEXT000043884731\" target=\"_blank\" rel=\"noopener\">Arr\u00eat\u00e9 du 30 Juillet 2021 R\u00e9union<\/a>, les licences pour exploiter &#8211; sur la R\u00e9union &#8211; une largeur de bande de 100 MHz entre 3,4 et 3,8 GHz [n78] et de 10 MHz dans <a href=\"https:\/\/www.arcep.fr\/actualites\/actualites-et-communiques\/detail\/n\/frequences-outre-mer-151221.html\" target=\"_blank\" rel=\"noopener\">La bande 700 MHz<\/a> [B28|n28].<br \/>\nPour Mayotte, la proc\u00e9dure s\u2019est limit\u00e9e en 5G au 700 MHz et l\u2019attribution a \u00e9t\u00e9 officialis\u00e9e par l\u2019<a href=\"https:\/\/www.legifrance.gouv.fr\/jorf\/id\/JORFTEXT000043884739\" target=\"_blank\" rel=\"noopener\">Arr\u00eat\u00e9 du 30 Juillet 2021 Mayotte<\/a>. Par le m\u00eame arr\u00eat\u00e9, Telco OI b\u00e9n\u00e9ficie \u00e9galement d\u2019une licence dans la bande 900 MHz.<br \/>\nA la R\u00e9union, une modernisation du parc a \u00e9t\u00e9 entam\u00e9e au d\u00e9but de l\u2019ann\u00e9e 2023, elle permettra d\u2019ajouter la fr\u00e9quence 3,5 GHz sur une largeur de 100 MHz en 5G et, l\u2019ajout en 4G des bandes 700, 2100 et 2600 MHz sur une largeur de 10, 15 et 15 MHz. De plus, en zone tr\u00e8s dense, le parc sera dot\u00e9 de technologie 4x4MIMO qui apporte un doublement du d\u00e9bit descendant pour les fr\u00e9quences concern\u00e9es avec un mobile en capacit\u00e9 de le g\u00e9rer.<\/p>\n<p><em><strong>Le <a href=\"https:\/\/twitter.com\/RNCMobile_Re\/status\/1624369858069647361?s=20&amp;t=bWk0WvHm06-K7eRVtyiG3w\" target=\"_blank\" rel=\"noopener\">d\u00e9ploiement commercial de la 5G<\/a> devrait \u00eatre entam\u00e9 au cours du premier semestre 2023 et n\u2019aura donc une incidence que sur la prochaine campagne de mesures.<\/strong><\/em><\/p>\n<hr \/>\n<p><em>Pr\u00e9ambule\u00a0:<\/em><\/p>\n<p style=\"padding-left: 40px;\"><em>La simple comparaison de moyennes ne permettant pas de rendre compte de la diversit\u00e9 et la complexit\u00e9 des situations rencontr\u00e9es sur un parc de stations mobiles, la comparaison des d\u00e9bits entre les technologies reposera, dans cette \u00e9tude, sur la d\u00e9termination de profils de d\u00e9bits construits \u00e0 partir de la notion statistique de percentiles. Toutefois, compte-tenu de la faible taille de l\u2019\u00e9chantillon, ces r\u00e9sultats doivent \u00eatre relativis\u00e9s.<\/em><\/p>\n<h4>III &#8211; Profil des d\u00e9bits en 2022 et comparaisons \u00e0 2021<\/h4>\n<h5>III &#8211; 1 Les d\u00e9bits descendants<\/h5>\n<h6>III &#8211; 1.1 Les d\u00e9bits descendants sur l\u2019ann\u00e9e 2022 pour les deux technologies<\/h6>\n<p><a href=\"https:\/\/wp.rncmobile.net\/wp-content\/uploads\/2023\/02\/DL_3G4G_2022.png\"><img loading=\"lazy\" decoding=\"async\" class=\"aligncenter wp-image-9468 size-full\" src=\"https:\/\/wp.rncmobile.net\/wp-content\/uploads\/2023\/02\/DL_3G4G_2022.png\" alt=\"\" width=\"666\" height=\"470\" srcset=\"https:\/\/wp.rncmobile.net\/wp-content\/uploads\/2023\/02\/DL_3G4G_2022.png 666w, https:\/\/wp.rncmobile.net\/wp-content\/uploads\/2023\/02\/DL_3G4G_2022-300x212.png 300w, https:\/\/wp.rncmobile.net\/wp-content\/uploads\/2023\/02\/DL_3G4G_2022-624x440.png 624w\" sizes=\"auto, (max-width: 666px) 100vw, 666px\" \/><\/a>La valeur m\u00e9diane des mesures \u00e9volue entre 11 Mbps en 3G et 36 Mbps en 4G, soit un gain de +327% entre les deux technologies utilis\u00e9es \u00e0 la R\u00e9union sur l\u2019ann\u00e9e 2022.<\/p>\n<hr \/>\n<h6>III &#8211; 1.2 Les d\u00e9bits descendants en 3G sur les ann\u00e9es 2021 et 2022<\/h6>\n<p><a href=\"https:\/\/wp.rncmobile.net\/wp-content\/uploads\/2023\/02\/DL_3G_2021-2022.png\"><img loading=\"lazy\" decoding=\"async\" class=\"aligncenter wp-image-9469 size-full\" src=\"https:\/\/wp.rncmobile.net\/wp-content\/uploads\/2023\/02\/DL_3G_2021-2022.png\" alt=\"\" width=\"666\" height=\"470\" srcset=\"https:\/\/wp.rncmobile.net\/wp-content\/uploads\/2023\/02\/DL_3G_2021-2022.png 666w, https:\/\/wp.rncmobile.net\/wp-content\/uploads\/2023\/02\/DL_3G_2021-2022-300x212.png 300w, https:\/\/wp.rncmobile.net\/wp-content\/uploads\/2023\/02\/DL_3G_2021-2022-624x440.png 624w\" sizes=\"auto, (max-width: 666px) 100vw, 666px\" \/><\/a>En analysant la technologie 3G, on peut constater une r\u00e9gression sur l\u2019\u00e9chantillon le plus d\u00e9favoris\u00e9 (plus de la moiti\u00e9 de l\u2019ensemble). En revanche, le quart sup\u00e9rieur pr\u00e9sente une nette am\u00e9lioration. La m\u00e9diane r\u00e9gresse de pr\u00e8s de 8\u00a0%. ce ph\u00e9nom\u00e8ne pourrait s\u2019expliquer par une saturation plus fr\u00e9quente en 2022, si la faiblesse de l\u2019\u00e9chantillon n\u2019\u00e9tait pas aussi flagrante (20 mesures en 2021 vs 35 en 2022).<\/p>\n<hr \/>\n<h6>III &#8211; 1.3 Les d\u00e9bits descendants en 4G sur les ann\u00e9es 2021 et 2022<\/h6>\n<p><a href=\"https:\/\/wp.rncmobile.net\/wp-content\/uploads\/2023\/02\/DL_4G_2021-2022.png\"><img loading=\"lazy\" decoding=\"async\" class=\"aligncenter wp-image-9470 size-full\" src=\"https:\/\/wp.rncmobile.net\/wp-content\/uploads\/2023\/02\/DL_4G_2021-2022.png\" alt=\"\" width=\"666\" height=\"470\" srcset=\"https:\/\/wp.rncmobile.net\/wp-content\/uploads\/2023\/02\/DL_4G_2021-2022.png 666w, https:\/\/wp.rncmobile.net\/wp-content\/uploads\/2023\/02\/DL_4G_2021-2022-300x212.png 300w, https:\/\/wp.rncmobile.net\/wp-content\/uploads\/2023\/02\/DL_4G_2021-2022-624x440.png 624w\" sizes=\"auto, (max-width: 666px) 100vw, 666px\" \/><\/a>Le ph\u00e9nom\u00e8ne de d\u00e9t\u00e9rioration de l\u2019\u00e9chantillon d\u00e9favoris\u00e9 d\u00e9j\u00e0 signal\u00e9 en 3G semble se reproduire en 4G puisque le seuil marquant le premier quart de l\u2019ensemble r\u00e9gresse de pr\u00e8s de 30\u00a0% (12 Mbps vs 17 Mbps en 2021). En revanche, la m\u00e9diane est stable (36,4 Mbps vs 36,3 Mbps) et la part sup\u00e9rieure de l\u2019\u00e9chantillon s\u2019am\u00e9liore.<br \/>\nCette situation globale mettant en \u00e9vidence une relative stabilit\u00e9 des performances peut s\u2019expliquer dans le retard \u00e0 augmenter la capacit\u00e9 en d\u00e9bit des antennes (absence de nouvelles fr\u00e9quences en 4G, retard \u00e0 convertir en 4G la fr\u00e9quence utilis\u00e9e en 3G).<\/p>\n<hr \/>\n<h5>III &#8211; 2 Les d\u00e9bits montants<\/h5>\n<h6>III &#8211; 2.1 Les d\u00e9bits montants sur l\u2019ann\u00e9e 2022 pour les deux technologies<\/h6>\n<p><a href=\"https:\/\/wp.rncmobile.net\/wp-content\/uploads\/2023\/02\/UL_3G4G_2022.png\"><img loading=\"lazy\" decoding=\"async\" class=\"aligncenter wp-image-9471 size-full\" src=\"https:\/\/wp.rncmobile.net\/wp-content\/uploads\/2023\/02\/UL_3G4G_2022.png\" alt=\"\" width=\"666\" height=\"470\" srcset=\"https:\/\/wp.rncmobile.net\/wp-content\/uploads\/2023\/02\/UL_3G4G_2022.png 666w, https:\/\/wp.rncmobile.net\/wp-content\/uploads\/2023\/02\/UL_3G4G_2022-300x212.png 300w, https:\/\/wp.rncmobile.net\/wp-content\/uploads\/2023\/02\/UL_3G4G_2022-624x440.png 624w\" sizes=\"auto, (max-width: 666px) 100vw, 666px\" \/><\/a>En valeur m\u00e9diane, les performances s&rsquo;am\u00e9liorent de 425% entre 3G et 4G. L&rsquo;am\u00e9lioration sur le seuil des 1% des mesures les plus performantes (dernier percentile) conduit a une multiplication des d\u00e9bits par un facteur de 9.<\/p>\n<hr \/>\n<h6>III &#8211; 2.2 Les d\u00e9bits montants en 3G sur les ann\u00e9es 2021 et 2022<\/h6>\n<p><a href=\"https:\/\/wp.rncmobile.net\/wp-content\/uploads\/2023\/02\/UL_3G_2021-2022.png\"><img loading=\"lazy\" decoding=\"async\" class=\"aligncenter wp-image-9472 size-full\" src=\"https:\/\/wp.rncmobile.net\/wp-content\/uploads\/2023\/02\/UL_3G_2021-2022.png\" alt=\"\" width=\"666\" height=\"470\" srcset=\"https:\/\/wp.rncmobile.net\/wp-content\/uploads\/2023\/02\/UL_3G_2021-2022.png 666w, https:\/\/wp.rncmobile.net\/wp-content\/uploads\/2023\/02\/UL_3G_2021-2022-300x212.png 300w, https:\/\/wp.rncmobile.net\/wp-content\/uploads\/2023\/02\/UL_3G_2021-2022-624x440.png 624w\" sizes=\"auto, (max-width: 666px) 100vw, 666px\" \/><\/a><span style=\"font-family: Roboto;\"><span style=\"font-size: xx-small;\">Le constat relev\u00e9 en d\u00e9bit descendant se reproduit en d\u00e9bit montant. Les m\u00eames r\u00e9serves et les m\u00eames explications peuvent \u00eatre formul\u00e9es.<\/span><\/span><\/p>\n<hr \/>\n<h6>III &#8211; 2.3 Les d\u00e9bits montants en 4G sur les ann\u00e9es 2021 et 2022<\/h6>\n<p><a href=\"https:\/\/wp.rncmobile.net\/wp-content\/uploads\/2023\/02\/UL_4G_2021-2022.png\"><img loading=\"lazy\" decoding=\"async\" class=\"aligncenter wp-image-9473 size-full\" src=\"https:\/\/wp.rncmobile.net\/wp-content\/uploads\/2023\/02\/UL_4G_2021-2022.png\" alt=\"\" width=\"666\" height=\"470\" srcset=\"https:\/\/wp.rncmobile.net\/wp-content\/uploads\/2023\/02\/UL_4G_2021-2022.png 666w, https:\/\/wp.rncmobile.net\/wp-content\/uploads\/2023\/02\/UL_4G_2021-2022-300x212.png 300w, https:\/\/wp.rncmobile.net\/wp-content\/uploads\/2023\/02\/UL_4G_2021-2022-624x440.png 624w\" sizes=\"auto, (max-width: 666px) 100vw, 666px\" \/><\/a>La tendance g\u00e9n\u00e9rale \u00e0 la stabilit\u00e9 des r\u00e9sultats d\u00e9j\u00e0 formul\u00e9e est confirm\u00e9e pour les d\u00e9bits montants en 4G. La part de l\u2019\u00e9chantillon disposant d\u00e9j\u00e0 des meilleures performances en 2021 progresse l\u00e9g\u00e8rement en 2022.<\/p>\n<hr \/>\n<h4>IV Les 23 communes mesur\u00e9es en 2022<\/h4>\n<p><a href=\"https:\/\/wp.rncmobile.net\/wp-content\/uploads\/2023\/02\/23_villes_Reunion_2022.png\"><img loading=\"lazy\" decoding=\"async\" class=\"aligncenter wp-image-9474 size-full\" src=\"https:\/\/wp.rncmobile.net\/wp-content\/uploads\/2023\/02\/23_villes_Reunion_2022.png\" alt=\"\" width=\"299\" height=\"520\" srcset=\"https:\/\/wp.rncmobile.net\/wp-content\/uploads\/2023\/02\/23_villes_Reunion_2022.png 299w, https:\/\/wp.rncmobile.net\/wp-content\/uploads\/2023\/02\/23_villes_Reunion_2022-173x300.png 173w\" sizes=\"auto, (max-width: 299px) 100vw, 299px\" \/><\/a><\/p>\n<p>Les communes de La R\u00e9union et de Mayotte sur lesquelles ont \u00e9t\u00e9 r\u00e9alis\u00e9s les mesures de d\u00e9bit en 2022 figurent dans le tableau ci-dessous. Au total, 461 mesures ont \u00e9t\u00e9 effectu\u00e9es, dont 426 en 4G et 35 en 3G.<\/p>\n<hr \/>\n<p>Voila, ce zoom sur la R\u00e9union et Mayotte est maintenant termin\u00e9, nous vous donnons rendez-vous au d\u00e9but 2024 pour l\u2019analyse des mesures portant sur l\u2019ann\u00e9e 2023 !<\/p>\n<p><a href=\"https:\/\/rncmobile.net\/wp\/6996\" target=\"_blank\" rel=\"noopener\">Les publications de l&rsquo;observatoire et les archives sont publi\u00e9es ici.<\/a><\/p>\n<p>N&rsquo;h\u00e9sitez pas \u00e0 nous remonter<a href=\"https:\/\/twitter.com\/RNCMobile_Re\" target=\"_blank\" rel=\"noopener\"> Vos remarques via Twitter<\/a>, \u00e0 bient\u00f4t.<\/p>\n","protected":false},"excerpt":{"rendered":"<p>Illustration par TomZZ Ce document est une d\u00e9clinaison pour les d\u00e9partements de La R\u00e9union et de Mayotte des analyses r\u00e9alis\u00e9es pour l&rsquo;Observatoire RNC mobile des d\u00e9bits pour la m\u00e9tropole. I &#8211; Volume de donn\u00e9es trait\u00e9es Les 1120 mesures de d\u00e9bit r\u00e9alis\u00e9es entre 2021 et 2022 se r\u00e9partissent &#8211; par mois et par technologie &#8211; de [&hellip;]<\/p>\n","protected":false},"author":2,"featured_media":0,"parent":6996,"menu_order":0,"comment_status":"closed","ping_status":"closed","template":"","meta":{"footnotes":""},"class_list":["post-9463","page","type-page","status-publish","hentry"],"_links":{"self":[{"href":"https:\/\/wp.rncmobile.net\/index.php\/wp-json\/wp\/v2\/pages\/9463","targetHints":{"allow":["GET"]}}],"collection":[{"href":"https:\/\/wp.rncmobile.net\/index.php\/wp-json\/wp\/v2\/pages"}],"about":[{"href":"https:\/\/wp.rncmobile.net\/index.php\/wp-json\/wp\/v2\/types\/page"}],"author":[{"embeddable":true,"href":"https:\/\/wp.rncmobile.net\/index.php\/wp-json\/wp\/v2\/users\/2"}],"replies":[{"embeddable":true,"href":"https:\/\/wp.rncmobile.net\/index.php\/wp-json\/wp\/v2\/comments?post=9463"}],"version-history":[{"count":7,"href":"https:\/\/wp.rncmobile.net\/index.php\/wp-json\/wp\/v2\/pages\/9463\/revisions"}],"predecessor-version":[{"id":9480,"href":"https:\/\/wp.rncmobile.net\/index.php\/wp-json\/wp\/v2\/pages\/9463\/revisions\/9480"}],"up":[{"embeddable":true,"href":"https:\/\/wp.rncmobile.net\/index.php\/wp-json\/wp\/v2\/pages\/6996"}],"wp:attachment":[{"href":"https:\/\/wp.rncmobile.net\/index.php\/wp-json\/wp\/v2\/media?parent=9463"}],"curies":[{"name":"wp","href":"https:\/\/api.w.org\/{rel}","templated":true}]}}